{"id":1178,"date":"2024-01-11T18:42:41","date_gmt":"2024-01-11T18:42:41","guid":{"rendered":"https:\/\/bizautom.com\/?post_type=product&#038;p=1178"},"modified":"2025-03-20T17:54:59","modified_gmt":"2025-03-20T21:54:59","slug":"bizautom-anti-bulging-bagging-scale","status":"publish","type":"product","link":"https:\/\/bizautom.com\/pt\/produto\/bizautom-anti-bulging-bagging-scale\/","title":{"rendered":"Balan\u00e7a de ensacamento antibolhas BizAutom"},"content":{"rendered":"<p><span style=\"font-weight: 400;\">Voc\u00ea est\u00e1 cansado de lidar com sacolas volumosas que s\u00e3o um inc\u00f4modo para empilhar e exigem um esfor\u00e7o extra para serem remodeladas? N\u00e3o precisa mais procurar! A BizAutom tem sua balan\u00e7a de ensacamento anti-incha\u00e7o, uma solu\u00e7\u00e3o revolucion\u00e1ria para o ensacamento eficiente de part\u00edculas.\u00a0<\/span><\/p>\n<p><span style=\"font-weight: 400;\">Nossa balan\u00e7a inovadora foi projetada para manter o formato dos sacos durante o processo de enchimento, eliminando a necessidade de remodelagem demorada dos sacos e economizando at\u00e9 20% de tempo de opera\u00e7\u00e3o. Com a nossa balan\u00e7a, voc\u00ea pode aumentar sua produtividade, reduzir os custos de m\u00e3o de obra e melhorar seu processo geral de embalagem.<\/span><\/p>\n<p><span style=\"font-weight: 400;\">Essa balan\u00e7a \u00e9 equipada com um sistema de balan\u00e7a integrado que sinaliza ao controlador de lotes para interromper o enchimento quando o saco estiver cheio. Em seguida, a estrutura superior se inclina, permitindo a f\u00e1cil selagem. Ap\u00f3s a selagem, basta deslizar o saco para fora para um empilhamento conveniente. N\u00e3o \u00e9 mais necess\u00e1rio lutar com sacos inchados ou perder tempo remodelando-os.<\/span><\/p>\n<h2><b>Integra\u00e7\u00e3o perfeita com o controlador de pesagem CT-1<\/b><\/h2>\n<p><span style=\"font-weight: 400;\">Combine nossa balan\u00e7a de ensacamento com nosso controlador de pesagem CT-1 opcional e voc\u00ea ter\u00e1 um sistema de dosagem abrangente que se integra sem esfor\u00e7o a qualquer configura\u00e7\u00e3o de dosagem. Essa solu\u00e7\u00e3o vers\u00e1til \u00e9 perfeita para v\u00e1rias aplica\u00e7\u00f5es, proporcionando a flexibilidade de que voc\u00ea precisa para otimizar suas opera\u00e7\u00f5es.<\/span><\/p>\n<h2><b>Principais recursos<\/b><\/h2>\n<p><span style=\"font-weight: 400;\">Aqui est\u00e3o alguns dos principais recursos de nossa balan\u00e7a anti-incha\u00e7o:<\/span><\/p>\n<ul>\n<li style=\"font-weight: 400;\" aria-level=\"1\"><b>Medi\u00e7\u00e3o precisa do peso: <\/b><span style=\"font-weight: 400;\">Nossa balan\u00e7a fornece medi\u00e7\u00f5es de peso precisas, garantindo que suas sacolas sejam enchidas com o peso correto todas as vezes.<\/span><\/li>\n<li style=\"font-weight: 400;\" aria-level=\"1\"><b>\u00c2ngulo de inclina\u00e7\u00e3o ajust\u00e1vel:<\/b><span style=\"font-weight: 400;\"> A estrutura superior pode ser ajustada em um \u00e2ngulo de inclina\u00e7\u00e3o de 30 a 90 graus, facilitando a veda\u00e7\u00e3o e a remo\u00e7\u00e3o da bolsa.<\/span><\/li>\n<li style=\"font-weight: 400;\" aria-level=\"1\"><b>Constru\u00e7\u00e3o dur\u00e1vel: <\/b><span style=\"font-weight: 400;\">Nossa balan\u00e7a \u00e9 constru\u00edda para durar, com uma estrutura robusta e componentes de alta qualidade que podem suportar o uso pesado.<\/span><\/li>\n<li style=\"font-weight: 400;\" aria-level=\"1\"><b>Limpeza f\u00e1cil:<\/b><span style=\"font-weight: 400;\"> A balan\u00e7a foi projetada para facilitar a limpeza, com uma superf\u00edcie lisa e fendas m\u00ednimas onde as part\u00edculas podem se acumular.<\/span><\/li>\n<li style=\"font-weight: 400;\" aria-level=\"1\"><b>Op\u00e7\u00f5es de personaliza\u00e7\u00e3o: <\/b><span style=\"font-weight: 400;\">Oferecemos op\u00e7\u00f5es de personaliza\u00e7\u00e3o para adequar nossa balan\u00e7a \u00e0s necessidades espec\u00edficas de sua aplica\u00e7\u00e3o.<\/span><\/li>\n<\/ul>\n<h2><b>Aplicativos<\/b><\/h2>\n<p><span style=\"font-weight: 400;\">Nossa vers\u00e1til balan\u00e7a de ensacamento \u00e9 um produto inovador que tem aplica\u00e7\u00f5es em v\u00e1rios campos:<\/span><\/p>\n<ul>\n<li style=\"font-weight: 400;\" aria-level=\"1\"><b>Processamento de alimentos: <\/b><span style=\"font-weight: 400;\">Nossa balan\u00e7a de ensacamento \u00e9 perfeita para aplica\u00e7\u00f5es de processamento de alimentos, inclusive embalagem de gr\u00e3os, p\u00f3s e outros produtos secos.<\/span><\/li>\n<li style=\"font-weight: 400;\" aria-level=\"1\"><b>Produtos farmac\u00eauticos:<\/b><span style=\"font-weight: 400;\"> A balan\u00e7a BizAutom \u00e9 ideal para aplica\u00e7\u00f5es farmac\u00eauticas, onde medi\u00e7\u00f5es precisas de peso e embalagens eficientes s\u00e3o essenciais.<\/span><\/li>\n<li style=\"font-weight: 400;\" aria-level=\"1\"><b>Produtos qu\u00edmicos: <\/b><span style=\"font-weight: 400;\">Nossa balan\u00e7a \u00e9 adequada para aplica\u00e7\u00f5es qu\u00edmicas, inclusive embalagem de p\u00f3s, gr\u00e2nulos e outros produtos qu\u00edmicos secos.<\/span><\/li>\n<li style=\"font-weight: 400;\" aria-level=\"1\"><b>Agricultura: <\/b><span style=\"font-weight: 400;\">Nossa balan\u00e7a \u00e9 uma \u00f3tima solu\u00e7\u00e3o para aplica\u00e7\u00f5es agr\u00edcolas, incluindo a embalagem de sementes, fertilizantes e outros produtos secos.<\/span><\/li>\n<\/ul>\n<h2><b>Especifica\u00e7\u00f5es<\/b><\/h2>\n<p><span style=\"font-weight: 400;\">Nossa balan\u00e7a foi projetada com precis\u00e3o e efici\u00eancia em mente. Aqui est\u00e3o as principais especifica\u00e7\u00f5es:<\/span><\/p>\n<ul>\n<li style=\"font-weight: 400;\" aria-level=\"1\"><span style=\"font-weight: 400;\">Tamanho 24 \"x24<\/span><\/li>\n<li style=\"font-weight: 400;\" aria-level=\"1\"><span style=\"font-weight: 400;\">Capacidade de 1000\u00d70,02 lbs<\/span><\/li>\n<li style=\"font-weight: 400;\" aria-level=\"1\"><span style=\"font-weight: 400;\">\u00c2ngulo de inclina\u00e7\u00e3o de 30 a 90 graus<\/span><\/li>\n<\/ul>\n<h2><b>Atualize seu processo de ensacamento<\/b><\/h2>\n<p><span style=\"font-weight: 400;\">N\u00e3o deixe mais que os sacos cheios o atrapalhem. Aprimore seu processo de ensacamento com a Balan\u00e7a para Ensacamento Anti-Abulhamento BizAutom e experimente os benef\u00edcios de opera\u00e7\u00f5es eficientes e sem complica\u00e7\u00f5es. Com nossa solu\u00e7\u00e3o criativa, voc\u00ea ser\u00e1 capaz de:<\/span><\/p>\n<ul>\n<li style=\"font-weight: 400;\" aria-level=\"1\"><span style=\"font-weight: 400;\">Economize at\u00e9 20% de tempo de opera\u00e7\u00e3o<\/span><\/li>\n<li style=\"font-weight: 400;\" aria-level=\"1\"><span style=\"font-weight: 400;\">Reduzir os custos de m\u00e3o de obra<\/span><\/li>\n<li style=\"font-weight: 400;\" aria-level=\"1\"><span style=\"font-weight: 400;\">Aumentar a produtividade<\/span><\/li>\n<li style=\"font-weight: 400;\" aria-level=\"1\"><span style=\"font-weight: 400;\">Melhore o empilhamento e o armazenamento das sacolas<\/span><\/li>\n<\/ul>\n<h2><b>Perguntas frequentes (FAQs)<\/b><\/h2>\n<h3><b>1: Posso personalizar o tamanho da balan\u00e7a para atender \u00e0s minhas necessidades espec\u00edficas?<\/b><\/h3>\n<p><span style=\"font-weight: 400;\">Sim, oferecemos op\u00e7\u00f5es de personaliza\u00e7\u00e3o para adequar a balan\u00e7a \u00e0s necessidades espec\u00edficas de sua aplica\u00e7\u00e3o.<\/span><\/p>\n<h3><b>2: Como a balan\u00e7a evita o abaulamento das bolsas?<\/b><\/h3>\n<p><span style=\"font-weight: 400;\">O sistema de balan\u00e7a integrado sinaliza ao controlador de lotes para interromper o enchimento quando o saco estiver cheio, permitindo que a estrutura superior se incline para facilitar a veda\u00e7\u00e3o. Isso evita o abaulamento do saco e facilita o empilhamento.<\/span><\/p>\n<h3><b>3: Sua balan\u00e7a \u00e9 compat\u00edvel com outros sistemas de lotes?<\/b><\/h3>\n<p><span style=\"font-weight: 400;\">Sim, nossa balan\u00e7a de ensacamento pode ser emparelhada com nosso controlador de pesagem CT-1 opcional e se integra perfeitamente a qualquer configura\u00e7\u00e3o de lotes.<\/span><\/p>\n<h3><b>4: Posso usar a balan\u00e7a BizAutom para diferentes tipos de part\u00edculas?<\/b><\/h3>\n<p><span style=\"font-weight: 400;\">Sim, nossa balan\u00e7a foi projetada para lidar com v\u00e1rios tipos de part\u00edculas, incluindo p\u00f3s, gr\u00e2nulos e muito mais.<\/span><\/p>\n<h3><b>5: Que tipo de manuten\u00e7\u00e3o \u00e9 necess\u00e1ria para a balan\u00e7a?<\/b><\/h3>\n<p><span style=\"font-weight: 400;\">Nossa balan\u00e7a foi projetada para ter baixa manuten\u00e7\u00e3o e f\u00e1cil limpeza. Basta limp\u00e1-la com um pano \u00famido e realizar verifica\u00e7\u00f5es de rotina para garantir o desempenho ideal.<\/span><\/p>\n<p><span style=\"font-weight: 400;\">Esperamos que voc\u00ea tenha gostado de conhecer a balan\u00e7a para ensacamento anti-incha\u00e7o da BizAutom. Lembre-se de que, com a nossa solu\u00e7\u00e3o inovadora, voc\u00ea pode dizer adeus \u00e0s sacolas cheias e ol\u00e1 \u00e0s opera\u00e7\u00f5es eficientes e sem complica\u00e7\u00f5es. Visite nosso site agora e adquira sua balan\u00e7a desejada!<\/span><\/p>","protected":false},"excerpt":{"rendered":"<p>Are you tired of dealing with bulging bags that are a hassle to stack and require extra effort to reshape? Look no further! BizAutom has its Anti-Bulging Bagging Scale, a game-changing solution for efficient particle bagging.\u00a0 Our innovative scale is designed to maintain the shape of your bags during the filling process, eliminating the need [&hellip;]<\/p>\n","protected":false},"featured_media":1181,"comment_status":"open","ping_status":"closed","template":"","meta":[],"product_brand":[51],"product_cat":[31,15,30],"product_tag":[82],"class_list":{"0":"post-1178","1":"product","2":"type-product","3":"status-publish","4":"has-post-thumbnail","6":"product_brand-bizautom","7":"product_cat-farm-equipment","8":"product_cat-industrial-equipment","9":"product_cat-industrial-scales","10":"product_tag-bagging-scale","12":"first","13":"instock","14":"taxable","15":"shipping-taxable","16":"purchasable","17":"product-type-simple"},"yoast_head":"<!-- This site is optimized with the Yoast SEO plugin v27.4 - https:\/\/yoast.com\/product\/yoast-seo-wordpress\/ -->\n<title>BizAutom Anti-Bulging Bagging Scale | Efficient Weighing<\/title>\n<meta name=\"description\" content=\"Transform your packaging workflow with BizAutom&#039;s anti-bulging bagging scale. Optimize efficiency, accuracy, and product presentation. Visit our website!\" \/>\n<meta name=\"robots\" content=\"index, follow, max-snippet:-1, max-image-preview:large, max-video-preview:-1\" \/>\n<link rel=\"canonical\" href=\"https:\/\/bizautom.com\/pt\/produto\/bizautom-anti-bulging-bagging-scale\/\" \/>\n<meta property=\"og:locale\" content=\"pt_BR\" \/>\n<meta property=\"og:type\" content=\"article\" \/>\n<meta property=\"og:title\" content=\"BizAutom Anti-Bulging Bagging Scale | Efficient Weighing\" \/>\n<meta property=\"og:description\" content=\"Transform your packaging workflow with BizAutom&#039;s anti-bulging bagging scale. Optimize efficiency, accuracy, and product presentation. Visit our website!\" \/>\n<meta property=\"og:url\" content=\"https:\/\/bizautom.com\/pt\/produto\/bizautom-anti-bulging-bagging-scale\/\" \/>\n<meta property=\"og:site_name\" content=\"BizAutom\" \/>\n<meta property=\"article:publisher\" content=\"https:\/\/www.facebook.com\/people\/TINGCHEN-BizAutom\/61565746662873\/\" \/>\n<meta property=\"article:modified_time\" content=\"2025-03-20T21:54:59+00:00\" \/>\n<meta property=\"og:image\" content=\"https:\/\/bizautom.com\/wp-content\/uploads\/2024\/01\/BA-BG2424_Bag-scaled.jpg\" \/>\n\t<meta property=\"og:image:width\" content=\"2560\" \/>\n\t<meta property=\"og:image:height\" content=\"2560\" \/>\n\t<meta property=\"og:image:type\" content=\"image\/jpeg\" \/>\n<meta name=\"twitter:card\" content=\"summary_large_image\" \/>\n<meta name=\"twitter:label1\" content=\"Est. tempo de leitura\" \/>\n\t<meta name=\"twitter:data1\" content=\"4 minutos\" \/>\n<!-- \/ Yoast SEO plugin. -->","yoast_head_json":{"title":"BizAutom Anti-Bulging Bagging Scale | Efficient Weighing","description":"Transform your packaging workflow with BizAutom's anti-bulging bagging scale. Optimize efficiency, accuracy, and product presentation. Visit our website!","robots":{"index":"index","follow":"follow","max-snippet":"max-snippet:-1","max-image-preview":"max-image-preview:large","max-video-preview":"max-video-preview:-1"},"canonical":"https:\/\/bizautom.com\/pt\/produto\/bizautom-anti-bulging-bagging-scale\/","og_locale":"pt_BR","og_type":"article","og_title":"BizAutom Anti-Bulging Bagging Scale | Efficient Weighing","og_description":"Transform your packaging workflow with BizAutom's anti-bulging bagging scale. Optimize efficiency, accuracy, and product presentation. Visit our website!","og_url":"https:\/\/bizautom.com\/pt\/produto\/bizautom-anti-bulging-bagging-scale\/","og_site_name":"BizAutom","article_publisher":"https:\/\/www.facebook.com\/people\/TINGCHEN-BizAutom\/61565746662873\/","article_modified_time":"2025-03-20T21:54:59+00:00","og_image":[{"width":2560,"height":2560,"url":"https:\/\/bizautom.com\/wp-content\/uploads\/2024\/01\/BA-BG2424_Bag-scaled.jpg","type":"image\/jpeg"}],"twitter_card":"summary_large_image","twitter_misc":{"Est. tempo de leitura":"4 minutos"},"schema":{"@context":"https:\/\/schema.org","@graph":[{"@type":"WebPage","@id":"https:\/\/bizautom.com\/product\/bizautom-anti-bulging-bagging-scale\/","url":"https:\/\/bizautom.com\/product\/bizautom-anti-bulging-bagging-scale\/","name":"BizAutom Anti-Bulging Bagging Scale | Efficient Weighing","isPartOf":{"@id":"https:\/\/bizautom.com\/#website"},"primaryImageOfPage":{"@id":"https:\/\/bizautom.com\/product\/bizautom-anti-bulging-bagging-scale\/#primaryimage"},"image":{"@id":"https:\/\/bizautom.com\/product\/bizautom-anti-bulging-bagging-scale\/#primaryimage"},"thumbnailUrl":"https:\/\/bizautom.com\/wp-content\/uploads\/2024\/01\/BA-BG2424_Bag-scaled.jpg","datePublished":"2024-01-11T18:42:41+00:00","dateModified":"2025-03-20T21:54:59+00:00","description":"Transform your packaging workflow with BizAutom's anti-bulging bagging scale. Optimize efficiency, accuracy, and product presentation. Visit our website!","breadcrumb":{"@id":"https:\/\/bizautom.com\/product\/bizautom-anti-bulging-bagging-scale\/#breadcrumb"},"inLanguage":"pt-BR","potentialAction":[{"@type":"ReadAction","target":["https:\/\/bizautom.com\/product\/bizautom-anti-bulging-bagging-scale\/"]}]},{"@type":"ImageObject","inLanguage":"pt-BR","@id":"https:\/\/bizautom.com\/product\/bizautom-anti-bulging-bagging-scale\/#primaryimage","url":"https:\/\/bizautom.com\/wp-content\/uploads\/2024\/01\/BA-BG2424_Bag-scaled.jpg","contentUrl":"https:\/\/bizautom.com\/wp-content\/uploads\/2024\/01\/BA-BG2424_Bag-scaled.jpg","width":2560,"height":2560},{"@type":"BreadcrumbList","@id":"https:\/\/bizautom.com\/product\/bizautom-anti-bulging-bagging-scale\/#breadcrumb","itemListElement":[{"@type":"ListItem","position":1,"name":"Home","item":"https:\/\/bizautom.com\/"},{"@type":"ListItem","position":2,"name":"Shop","item":"https:\/\/bizautom.com\/shop-2\/"},{"@type":"ListItem","position":3,"name":"BizAutom Anti-Bulging Bagging Scale"}]},{"@type":"WebSite","@id":"https:\/\/bizautom.com\/#website","url":"https:\/\/bizautom.com\/","name":"BizAutom","description":"R\u00e1pido. Preciso. Inteligente.","publisher":{"@id":"https:\/\/bizautom.com\/#organization"},"potentialAction":[{"@type":"SearchAction","target":{"@type":"EntryPoint","urlTemplate":"https:\/\/bizautom.com\/?s={search_term_string}"},"query-input":{"@type":"PropertyValueSpecification","valueRequired":true,"valueName":"search_term_string"}}],"inLanguage":"pt-BR"},{"@type":"Organization","@id":"https:\/\/bizautom.com\/#organization","name":"BizAutom","url":"https:\/\/bizautom.com\/","logo":{"@type":"ImageObject","inLanguage":"pt-BR","@id":"https:\/\/bizautom.com\/#\/schema\/logo\/image\/","url":"https:\/\/bizautom.com\/wp-content\/uploads\/2025\/04\/BizAutom_Logo_1.webp","contentUrl":"https:\/\/bizautom.com\/wp-content\/uploads\/2025\/04\/BizAutom_Logo_1.webp","width":455,"height":326,"caption":"BizAutom"},"image":{"@id":"https:\/\/bizautom.com\/#\/schema\/logo\/image\/"},"sameAs":["https:\/\/www.facebook.com\/people\/TINGCHEN-BizAutom\/61565746662873\/"]}]}},"jetpack-related-posts":[{"id":1635,"url":"https:\/\/bizautom.com\/pt\/produto\/bizautom-nine-scale-software-comprehensive-real-time-scale-monitoring-solution\/","url_meta":{"origin":1178,"position":0},"title":"Software BizAutom Nine-Scale: Solu\u00e7\u00e3o abrangente de monitoramento de escala em tempo real","author":"admin","date":"outubro 26, 2024","format":false,"excerpt":"With its user-friendly interface, reliable connectivity options, and highly customizable scale configurations, the BizAutom Nine-Scale Software is a smart investment for businesses looking to enhance operational oversight and control. Ideal for industries where weight tracking and inventory control are critical, this software simplifies complex multi-scale monitoring, allowing you to focus\u2026","rel":"","context":"Post similar","block_context":{"text":"Post similar","link":""},"img":{"alt_text":"","src":"https:\/\/i0.wp.com\/bizautom.com\/wp-content\/uploads\/2024\/10\/ScreenShot-scaled.jpg?resize=350%2C200&ssl=1","width":350,"height":200,"srcset":"https:\/\/i0.wp.com\/bizautom.com\/wp-content\/uploads\/2024\/10\/ScreenShot-scaled.jpg?resize=350%2C200&ssl=1 1x, https:\/\/i0.wp.com\/bizautom.com\/wp-content\/uploads\/2024\/10\/ScreenShot-scaled.jpg?resize=525%2C300&ssl=1 1.5x, https:\/\/i0.wp.com\/bizautom.com\/wp-content\/uploads\/2024\/10\/ScreenShot-scaled.jpg?resize=700%2C400&ssl=1 2x, https:\/\/i0.wp.com\/bizautom.com\/wp-content\/uploads\/2024\/10\/ScreenShot-scaled.jpg?resize=1050%2C600&ssl=1 3x, https:\/\/i0.wp.com\/bizautom.com\/wp-content\/uploads\/2024\/10\/ScreenShot-scaled.jpg?resize=1400%2C800&ssl=1 4x"},"classes":[]},{"id":4337,"url":"https:\/\/bizautom.com\/pt\/produto\/bizautom-cubeweigh-dimensioner-and-scale-system\/","url_meta":{"origin":1178,"position":1},"title":"Sistema de balan\u00e7a e dimensionador CubeWeigh da BizAutom BA-CBW","author":"admin","date":"junho 10, 2025","format":false,"excerpt":"Eficiente. Preciso. Integrado.","rel":"","context":"Post similar","block_context":{"text":"Post similar","link":""},"img":{"alt_text":"","src":"https:\/\/i0.wp.com\/bizautom.com\/wp-content\/uploads\/2025\/06\/CubeWeigh.jpg?resize=350%2C200&ssl=1","width":350,"height":200,"srcset":"https:\/\/i0.wp.com\/bizautom.com\/wp-content\/uploads\/2025\/06\/CubeWeigh.jpg?resize=350%2C200&ssl=1 1x, https:\/\/i0.wp.com\/bizautom.com\/wp-content\/uploads\/2025\/06\/CubeWeigh.jpg?resize=525%2C300&ssl=1 1.5x, https:\/\/i0.wp.com\/bizautom.com\/wp-content\/uploads\/2025\/06\/CubeWeigh.jpg?resize=700%2C400&ssl=1 2x, https:\/\/i0.wp.com\/bizautom.com\/wp-content\/uploads\/2025\/06\/CubeWeigh.jpg?resize=1050%2C600&ssl=1 3x, https:\/\/i0.wp.com\/bizautom.com\/wp-content\/uploads\/2025\/06\/CubeWeigh.jpg?resize=1400%2C800&ssl=1 4x"},"classes":[]},{"id":2031,"url":"https:\/\/bizautom.com\/pt\/produto\/bizautom-pi-ii-scale-the-ultimate-round-weighing-solution\/","url_meta":{"origin":1178,"position":2},"title":"Balan\u00e7a PI-II da BizAutom: A solu\u00e7\u00e3o definitiva de pesagem redonda","author":"admin","date":"fevereiro 28, 2025","format":false,"excerpt":"Introducing the BizAutom PI-II Scale \u2013 a game-changing innovation for modern weighing applications. Designed with versatility, efficiency, and durability in mind, the PI-II Scale is the perfect solution for operations requiring seamless integration with turntable stretch wrappers or as a standalone floor scale.","rel":"","context":"Post similar","block_context":{"text":"Post similar","link":""},"img":{"alt_text":"","src":"https:\/\/i0.wp.com\/bizautom.com\/wp-content\/uploads\/2025\/02\/PIPS-IN202SSP.jpg?resize=350%2C200&ssl=1","width":350,"height":200,"srcset":"https:\/\/i0.wp.com\/bizautom.com\/wp-content\/uploads\/2025\/02\/PIPS-IN202SSP.jpg?resize=350%2C200&ssl=1 1x, https:\/\/i0.wp.com\/bizautom.com\/wp-content\/uploads\/2025\/02\/PIPS-IN202SSP.jpg?resize=525%2C300&ssl=1 1.5x, https:\/\/i0.wp.com\/bizautom.com\/wp-content\/uploads\/2025\/02\/PIPS-IN202SSP.jpg?resize=700%2C400&ssl=1 2x, https:\/\/i0.wp.com\/bizautom.com\/wp-content\/uploads\/2025\/02\/PIPS-IN202SSP.jpg?resize=1050%2C600&ssl=1 3x, https:\/\/i0.wp.com\/bizautom.com\/wp-content\/uploads\/2025\/02\/PIPS-IN202SSP.jpg?resize=1400%2C800&ssl=1 4x"},"classes":[]},{"id":1596,"url":"https:\/\/bizautom.com\/pt\/produto\/bizautom-livestox-caged-cattle-scale\/","url_meta":{"origin":1178,"position":3},"title":"BizAutom LivestoX Balan\u00e7a para gado engaiolado com indicador de alto n\u00edvel","author":"admin","date":"outubro 20, 2024","format":false,"excerpt":"A balan\u00e7a para gado em gaiola BizAutom LivestoX \u00e9 um investimento essencial para os fazendeiros que desejam aprimorar suas pr\u00e1ticas de gerenciamento de gado com tecnologia de ponta.","rel":"","context":"Post similar","block_context":{"text":"Post similar","link":""},"img":{"alt_text":"","src":"https:\/\/i0.wp.com\/bizautom.com\/wp-content\/uploads\/2024\/10\/LiveStoX202-scaled.jpg?resize=350%2C200&ssl=1","width":350,"height":200,"srcset":"https:\/\/i0.wp.com\/bizautom.com\/wp-content\/uploads\/2024\/10\/LiveStoX202-scaled.jpg?resize=350%2C200&ssl=1 1x, https:\/\/i0.wp.com\/bizautom.com\/wp-content\/uploads\/2024\/10\/LiveStoX202-scaled.jpg?resize=525%2C300&ssl=1 1.5x, https:\/\/i0.wp.com\/bizautom.com\/wp-content\/uploads\/2024\/10\/LiveStoX202-scaled.jpg?resize=700%2C400&ssl=1 2x, https:\/\/i0.wp.com\/bizautom.com\/wp-content\/uploads\/2024\/10\/LiveStoX202-scaled.jpg?resize=1050%2C600&ssl=1 3x, https:\/\/i0.wp.com\/bizautom.com\/wp-content\/uploads\/2024\/10\/LiveStoX202-scaled.jpg?resize=1400%2C800&ssl=1 4x"},"classes":[]},{"id":1522,"url":"https:\/\/bizautom.com\/pt\/produto\/bizautom-row-on-weigh-scale-with-hand-rails\/","url_meta":{"origin":1178,"position":4},"title":"Balan\u00e7a Roll On da BizAutom com trilhos manuais","author":"admin","date":"agosto 29, 2024","format":false,"excerpt":"A balan\u00e7a BizAutom Row On Weigh Scale com trilhos para as m\u00e3os, meticulosamente projetada para medir com precis\u00e3o indiv\u00edduos sentados em v\u00e1rios tipos de cadeiras de rodas, incluindo as el\u00e9tricas.","rel":"","context":"Post similar","block_context":{"text":"Post similar","link":""},"img":{"alt_text":"","src":"https:\/\/i0.wp.com\/bizautom.com\/wp-content\/uploads\/2024\/08\/BA-WCS-HD_ElectricWheelchair.jpg?resize=350%2C200&ssl=1","width":350,"height":200,"srcset":"https:\/\/i0.wp.com\/bizautom.com\/wp-content\/uploads\/2024\/08\/BA-WCS-HD_ElectricWheelchair.jpg?resize=350%2C200&ssl=1 1x, https:\/\/i0.wp.com\/bizautom.com\/wp-content\/uploads\/2024\/08\/BA-WCS-HD_ElectricWheelchair.jpg?resize=525%2C300&ssl=1 1.5x, https:\/\/i0.wp.com\/bizautom.com\/wp-content\/uploads\/2024\/08\/BA-WCS-HD_ElectricWheelchair.jpg?resize=700%2C400&ssl=1 2x, https:\/\/i0.wp.com\/bizautom.com\/wp-content\/uploads\/2024\/08\/BA-WCS-HD_ElectricWheelchair.jpg?resize=1050%2C600&ssl=1 3x"},"classes":[]},{"id":1172,"url":"https:\/\/bizautom.com\/pt\/produto\/bizautom-ba-dws2424-laser-dimensional-scale-500x0-1lb-cap-with-printer-software\/","url_meta":{"origin":1178,"position":5},"title":"BizAutom BA-DS2424 Balan\u00e7a Dimensional a Laser 500\u00d70.1lb Cap. com C\u00e2mera, Scanner, Impressora e Software","author":"admin","date":"dezembro 29, 2023","format":false,"excerpt":"The BizAutom Laser Dimensional Scale is designed to bring precision and efficiency to your shipping processes. This innovative scale combines advanced weight and dimension measurement technology, streamlining shipping cost management and enhancing overall accuracy.","rel":"","context":"Post similar","block_context":{"text":"Post similar","link":""},"img":{"alt_text":"industrial smart scales","src":"https:\/\/i0.wp.com\/bizautom.com\/wp-content\/uploads\/2023\/12\/BA-DS2424-scaled.jpg?resize=350%2C200&ssl=1","width":350,"height":200,"srcset":"https:\/\/i0.wp.com\/bizautom.com\/wp-content\/uploads\/2023\/12\/BA-DS2424-scaled.jpg?resize=350%2C200&ssl=1 1x, https:\/\/i0.wp.com\/bizautom.com\/wp-content\/uploads\/2023\/12\/BA-DS2424-scaled.jpg?resize=525%2C300&ssl=1 1.5x, https:\/\/i0.wp.com\/bizautom.com\/wp-content\/uploads\/2023\/12\/BA-DS2424-scaled.jpg?resize=700%2C400&ssl=1 2x, https:\/\/i0.wp.com\/bizautom.com\/wp-content\/uploads\/2023\/12\/BA-DS2424-scaled.jpg?resize=1050%2C600&ssl=1 3x, https:\/\/i0.wp.com\/bizautom.com\/wp-content\/uploads\/2023\/12\/BA-DS2424-scaled.jpg?resize=1400%2C800&ssl=1 4x"},"classes":[]}],"jetpack_sharing_enabled":true,"_links":{"self":[{"href":"https:\/\/bizautom.com\/pt\/wp-json\/wp\/v2\/product\/1178","targetHints":{"allow":["GET"]}}],"collection":[{"href":"https:\/\/bizautom.com\/pt\/wp-json\/wp\/v2\/product"}],"about":[{"href":"https:\/\/bizautom.com\/pt\/wp-json\/wp\/v2\/types\/product"}],"replies":[{"embeddable":true,"href":"https:\/\/bizautom.com\/pt\/wp-json\/wp\/v2\/comments?post=1178"}],"version-history":[{"count":2,"href":"https:\/\/bizautom.com\/pt\/wp-json\/wp\/v2\/product\/1178\/revisions"}],"predecessor-version":[{"id":2616,"href":"https:\/\/bizautom.com\/pt\/wp-json\/wp\/v2\/product\/1178\/revisions\/2616"}],"wp:featuredmedia":[{"embeddable":true,"href":"https:\/\/bizautom.com\/pt\/wp-json\/wp\/v2\/media\/1181"}],"wp:attachment":[{"href":"https:\/\/bizautom.com\/pt\/wp-json\/wp\/v2\/media?parent=1178"}],"wp:term":[{"taxonomy":"product_brand","embeddable":true,"href":"https:\/\/bizautom.com\/pt\/wp-json\/wp\/v2\/product_brand?post=1178"},{"taxonomy":"product_cat","embeddable":true,"href":"https:\/\/bizautom.com\/pt\/wp-json\/wp\/v2\/product_cat?post=1178"},{"taxonomy":"product_tag","embeddable":true,"href":"https:\/\/bizautom.com\/pt\/wp-json\/wp\/v2\/product_tag?post=1178"}],"curies":[{"name":"wp","href":"https:\/\/api.w.org\/{rel}","templated":true}]}}