{"id":1339,"date":"2024-05-01T00:55:15","date_gmt":"2024-05-01T00:55:15","guid":{"rendered":"https:\/\/bizautom.com\/?post_type=product&#038;p=1339"},"modified":"2024-07-24T10:14:34","modified_gmt":"2024-07-24T10:14:34","slug":"bizautom-rs232-to-usb-cable-3ft","status":"publish","type":"product","link":"https:\/\/bizautom.com\/pt\/produto\/bizautom-rs232-to-usb-cable-3ft\/","title":{"rendered":"Cabo RS232 para USB 3 p\u00e9s da BizAutom"},"content":{"rendered":"<p>Apresentamos o nosso cabo RS232 para USB, uma solu\u00e7\u00e3o confi\u00e1vel para conectar perfeitamente dispositivos RS232 antigos aos seus PCs com Windows 10 ou mais antigos. Esse cabo de alta qualidade possibilita a transfer\u00eancia de dados sem esfor\u00e7o, permitindo que voc\u00ea fa\u00e7a a ponte entre a tecnologia moderna e os equipamentos mais antigos com facilidade.<\/p>\n<p>Com sua funcionalidade plug-and-play, a configura\u00e7\u00e3o \u00e9 r\u00e1pida e sem complica\u00e7\u00f5es. Basta conectar o cabo ao seu dispositivo RS232 e \u00e0 porta USB do seu PC e voc\u00ea estar\u00e1 pronto para come\u00e7ar. Se voc\u00ea precisa conectar m\u00e1quinas industriais, impressoras seriais ou outros dispositivos antigos, esse cabo oferece uma solu\u00e7\u00e3o perfeita.<\/p>\n<p>Com o respaldo de uma constru\u00e7\u00e3o robusta e desempenho confi\u00e1vel, nosso cabo RS232 para USB garante uma transmiss\u00e3o de dados est\u00e1vel para seus aplicativos essenciais. Diga adeus aos problemas de compatibilidade e ol\u00e1 \u00e0 conectividade simplificada com nossa solu\u00e7\u00e3o de cabo confi\u00e1vel.<\/p>","protected":false},"excerpt":{"rendered":"<p>Introducing our RS232 to USB Cable, a reliable solution for seamlessly connecting legacy RS232 devices to your Windows 10 or older PCs. This high-quality cable enables effortless data transfer, allowing you to bridge the gap between modern technology and older equipment with ease. With its plug-and-play functionality, setup is quick and hassle-free. Simply connect the [&hellip;]<\/p>\n","protected":false},"featured_media":1340,"comment_status":"open","ping_status":"closed","template":"","meta":[],"product_brand":[51],"product_cat":[32],"product_tag":[88],"class_list":{"0":"post-1339","1":"product","2":"type-product","3":"status-publish","4":"has-post-thumbnail","6":"product_brand-bizautom","7":"product_cat-instruments-parts","8":"product_tag-usb-cable","10":"first","11":"instock","12":"sale","13":"taxable","14":"shipping-taxable","15":"purchasable","16":"product-type-simple"},"yoast_head":"<!-- This site is optimized with the Yoast SEO plugin v27.4 - https:\/\/yoast.com\/product\/yoast-seo-wordpress\/ -->\n<title>RS232 To USB Cable 3Ft | Data Transfer solution | Bizautom<\/title>\n<meta name=\"description\" content=\"Seamlessly connect legacy RS232 devices to PCs with our reliable RS232 to USB Cable. Enjoy effortless data transfer, &amp; stable performance. Visit our website!\" \/>\n<meta name=\"robots\" content=\"index, follow, max-snippet:-1, max-image-preview:large, max-video-preview:-1\" \/>\n<link rel=\"canonical\" href=\"https:\/\/bizautom.com\/pt\/produto\/bizautom-rs232-to-usb-cable-3ft\/\" \/>\n<meta property=\"og:locale\" content=\"pt_BR\" \/>\n<meta property=\"og:type\" content=\"article\" \/>\n<meta property=\"og:title\" content=\"RS232 To USB Cable 3Ft | Data Transfer solution | Bizautom\" \/>\n<meta property=\"og:description\" content=\"Seamlessly connect legacy RS232 devices to PCs with our reliable RS232 to USB Cable. Enjoy effortless data transfer, &amp; stable performance. Visit our website!\" \/>\n<meta property=\"og:url\" content=\"https:\/\/bizautom.com\/pt\/produto\/bizautom-rs232-to-usb-cable-3ft\/\" \/>\n<meta property=\"og:site_name\" content=\"BizAutom\" \/>\n<meta property=\"article:publisher\" content=\"https:\/\/www.facebook.com\/people\/TINGCHEN-BizAutom\/61565746662873\/\" \/>\n<meta property=\"article:modified_time\" content=\"2024-07-24T10:14:34+00:00\" \/>\n<meta property=\"og:image\" content=\"https:\/\/bizautom.com\/wp-content\/uploads\/2024\/05\/USBcable.jpg\" \/>\n\t<meta property=\"og:image:width\" content=\"501\" \/>\n\t<meta property=\"og:image:height\" content=\"362\" \/>\n\t<meta property=\"og:image:type\" content=\"image\/jpeg\" \/>\n<meta name=\"twitter:card\" content=\"summary_large_image\" \/>\n<meta name=\"twitter:label1\" content=\"Est. tempo de leitura\" \/>\n\t<meta name=\"twitter:data1\" content=\"1 minuto\" \/>\n<!-- \/ Yoast SEO plugin. -->","yoast_head_json":{"title":"RS232 To USB Cable 3Ft | Data Transfer solution | Bizautom","description":"Seamlessly connect legacy RS232 devices to PCs with our reliable RS232 to USB Cable. Enjoy effortless data transfer, & stable performance. Visit our website!","robots":{"index":"index","follow":"follow","max-snippet":"max-snippet:-1","max-image-preview":"max-image-preview:large","max-video-preview":"max-video-preview:-1"},"canonical":"https:\/\/bizautom.com\/pt\/produto\/bizautom-rs232-to-usb-cable-3ft\/","og_locale":"pt_BR","og_type":"article","og_title":"RS232 To USB Cable 3Ft | Data Transfer solution | Bizautom","og_description":"Seamlessly connect legacy RS232 devices to PCs with our reliable RS232 to USB Cable. Enjoy effortless data transfer, & stable performance. Visit our website!","og_url":"https:\/\/bizautom.com\/pt\/produto\/bizautom-rs232-to-usb-cable-3ft\/","og_site_name":"BizAutom","article_publisher":"https:\/\/www.facebook.com\/people\/TINGCHEN-BizAutom\/61565746662873\/","article_modified_time":"2024-07-24T10:14:34+00:00","og_image":[{"width":501,"height":362,"url":"https:\/\/bizautom.com\/wp-content\/uploads\/2024\/05\/USBcable.jpg","type":"image\/jpeg"}],"twitter_card":"summary_large_image","twitter_misc":{"Est. tempo de leitura":"1 minuto"},"schema":{"@context":"https:\/\/schema.org","@graph":[{"@type":"WebPage","@id":"https:\/\/bizautom.com\/product\/bizautom-rs232-to-usb-cable-3ft\/","url":"https:\/\/bizautom.com\/product\/bizautom-rs232-to-usb-cable-3ft\/","name":"RS232 To USB Cable 3Ft | Data Transfer solution | Bizautom","isPartOf":{"@id":"https:\/\/bizautom.com\/#website"},"primaryImageOfPage":{"@id":"https:\/\/bizautom.com\/product\/bizautom-rs232-to-usb-cable-3ft\/#primaryimage"},"image":{"@id":"https:\/\/bizautom.com\/product\/bizautom-rs232-to-usb-cable-3ft\/#primaryimage"},"thumbnailUrl":"https:\/\/bizautom.com\/wp-content\/uploads\/2024\/05\/USBcable.jpg","datePublished":"2024-05-01T00:55:15+00:00","dateModified":"2024-07-24T10:14:34+00:00","description":"Seamlessly connect legacy RS232 devices to PCs with our reliable RS232 to USB Cable. Enjoy effortless data transfer, & stable performance. Visit our website!","breadcrumb":{"@id":"https:\/\/bizautom.com\/product\/bizautom-rs232-to-usb-cable-3ft\/#breadcrumb"},"inLanguage":"pt-BR","potentialAction":[{"@type":"ReadAction","target":["https:\/\/bizautom.com\/product\/bizautom-rs232-to-usb-cable-3ft\/"]}]},{"@type":"ImageObject","inLanguage":"pt-BR","@id":"https:\/\/bizautom.com\/product\/bizautom-rs232-to-usb-cable-3ft\/#primaryimage","url":"https:\/\/bizautom.com\/wp-content\/uploads\/2024\/05\/USBcable.jpg","contentUrl":"https:\/\/bizautom.com\/wp-content\/uploads\/2024\/05\/USBcable.jpg","width":501,"height":362},{"@type":"BreadcrumbList","@id":"https:\/\/bizautom.com\/product\/bizautom-rs232-to-usb-cable-3ft\/#breadcrumb","itemListElement":[{"@type":"ListItem","position":1,"name":"Home","item":"https:\/\/bizautom.com\/"},{"@type":"ListItem","position":2,"name":"Shop","item":"https:\/\/bizautom.com\/shop-2\/"},{"@type":"ListItem","position":3,"name":"BizAutom RS232 to USB Cable 3Ft"}]},{"@type":"WebSite","@id":"https:\/\/bizautom.com\/#website","url":"https:\/\/bizautom.com\/","name":"BizAutom","description":"R\u00e1pido. Preciso. Inteligente.","publisher":{"@id":"https:\/\/bizautom.com\/#organization"},"potentialAction":[{"@type":"SearchAction","target":{"@type":"EntryPoint","urlTemplate":"https:\/\/bizautom.com\/?s={search_term_string}"},"query-input":{"@type":"PropertyValueSpecification","valueRequired":true,"valueName":"search_term_string"}}],"inLanguage":"pt-BR"},{"@type":"Organization","@id":"https:\/\/bizautom.com\/#organization","name":"BizAutom","url":"https:\/\/bizautom.com\/","logo":{"@type":"ImageObject","inLanguage":"pt-BR","@id":"https:\/\/bizautom.com\/#\/schema\/logo\/image\/","url":"https:\/\/bizautom.com\/wp-content\/uploads\/2025\/04\/BizAutom_Logo_1.webp","contentUrl":"https:\/\/bizautom.com\/wp-content\/uploads\/2025\/04\/BizAutom_Logo_1.webp","width":455,"height":326,"caption":"BizAutom"},"image":{"@id":"https:\/\/bizautom.com\/#\/schema\/logo\/image\/"},"sameAs":["https:\/\/www.facebook.com\/people\/TINGCHEN-BizAutom\/61565746662873\/"]}]}},"jetpack-related-posts":[{"id":1015,"url":"https:\/\/bizautom.com\/pt\/produto\/prime-systems-ps-apollo-long-range-rs232-wireless-kit-two-wireless-modules\/","url_meta":{"origin":1339,"position":0},"title":"Prime Systems PS-APOLLO Kit sem fio RS232 de longo alcance (dois m\u00f3dulos sem fio)","author":"admin","date":"julho 20, 2023","format":false,"excerpt":"Este \u00e9 o momento de dizer adeus aos cabos RS232 e conhecer o novo Apollo RS232 Wireless Kit. Com um comprimento de transmiss\u00e3o superlongo de mais de 3.000 p\u00e9s, voc\u00ea n\u00e3o ter\u00e1 mais que procurar e ficar sem cabos!","rel":"","context":"Post similar","block_context":{"text":"Post similar","link":""},"img":{"alt_text":"","src":"https:\/\/i0.wp.com\/bizautom.com\/wp-content\/uploads\/2023\/07\/ApolloI-main-scaled.jpg?resize=350%2C200&ssl=1","width":350,"height":200,"srcset":"https:\/\/i0.wp.com\/bizautom.com\/wp-content\/uploads\/2023\/07\/ApolloI-main-scaled.jpg?resize=350%2C200&ssl=1 1x, https:\/\/i0.wp.com\/bizautom.com\/wp-content\/uploads\/2023\/07\/ApolloI-main-scaled.jpg?resize=525%2C300&ssl=1 1.5x, https:\/\/i0.wp.com\/bizautom.com\/wp-content\/uploads\/2023\/07\/ApolloI-main-scaled.jpg?resize=700%2C400&ssl=1 2x, https:\/\/i0.wp.com\/bizautom.com\/wp-content\/uploads\/2023\/07\/ApolloI-main-scaled.jpg?resize=1050%2C600&ssl=1 3x, https:\/\/i0.wp.com\/bizautom.com\/wp-content\/uploads\/2023\/07\/ApolloI-main-scaled.jpg?resize=1400%2C800&ssl=1 4x"},"classes":[]},{"id":1074,"url":"https:\/\/bizautom.com\/pt\/produto\/prime-scales-ps-35-thermal-label-paper-serial-printer\/","url_meta":{"origin":1339,"position":1},"title":"Impressora serial de papel\/etiqueta t\u00e9rmica PS-35 da Prime Scales","author":"admin","date":"julho 31, 2023","format":false,"excerpt":"A impressora PS-35 \u00e9 a impressora mais avan\u00e7ada de nossa linha. Com um simples pressionar de bot\u00e3o, ela pode imprimir instantaneamente informa\u00e7\u00f5es de peso em papel t\u00e9rmico em rolo, etiquetas comuns ou etiquetas sem forro com espessura m\u00ednima de 0,2 mm.","rel":"","context":"Post similar","block_context":{"text":"Post similar","link":""},"img":{"alt_text":"","src":"https:\/\/i0.wp.com\/bizautom.com\/wp-content\/uploads\/2023\/07\/Main.jpg?resize=350%2C200&ssl=1","width":350,"height":200,"srcset":"https:\/\/i0.wp.com\/bizautom.com\/wp-content\/uploads\/2023\/07\/Main.jpg?resize=350%2C200&ssl=1 1x, https:\/\/i0.wp.com\/bizautom.com\/wp-content\/uploads\/2023\/07\/Main.jpg?resize=525%2C300&ssl=1 1.5x, https:\/\/i0.wp.com\/bizautom.com\/wp-content\/uploads\/2023\/07\/Main.jpg?resize=700%2C400&ssl=1 2x, https:\/\/i0.wp.com\/bizautom.com\/wp-content\/uploads\/2023\/07\/Main.jpg?resize=1050%2C600&ssl=1 3x, https:\/\/i0.wp.com\/bizautom.com\/wp-content\/uploads\/2023\/07\/Main.jpg?resize=1400%2C800&ssl=1 4x"},"classes":[]},{"id":957,"url":"https:\/\/bizautom.com\/pt\/produto\/prime-scales-ps-in202-digital-indicator-with-rs232-signal-output\/","url_meta":{"origin":1339,"position":2},"title":"Prime Scales PS-IN202 Indicador digital com sa\u00edda de sinal RS232","author":"admin","date":"julho 18, 2023","format":false,"excerpt":"Quer voc\u00ea precise de um indicador b\u00e1sico no momento ou preveja a necessidade de conectar sua balan\u00e7a \u00e0 rede BizAutom no futuro, o PS-IN202 \u00e9 a escolha ideal.","rel":"","context":"Post similar","block_context":{"text":"Post similar","link":""},"img":{"alt_text":"","src":"https:\/\/i0.wp.com\/bizautom.com\/wp-content\/uploads\/2023\/07\/PS-IN202.jpg?resize=350%2C200&ssl=1","width":350,"height":200,"srcset":"https:\/\/i0.wp.com\/bizautom.com\/wp-content\/uploads\/2023\/07\/PS-IN202.jpg?resize=350%2C200&ssl=1 1x, https:\/\/i0.wp.com\/bizautom.com\/wp-content\/uploads\/2023\/07\/PS-IN202.jpg?resize=525%2C300&ssl=1 1.5x, https:\/\/i0.wp.com\/bizautom.com\/wp-content\/uploads\/2023\/07\/PS-IN202.jpg?resize=700%2C400&ssl=1 2x"},"classes":[]},{"id":3127,"url":"https:\/\/bizautom.com\/pt\/produto\/prime-scales-ps-45-wide-format-thermal-label-paper-serial-printer\/","url_meta":{"origin":1339,"position":3},"title":"Impressora serial de papel\/etiqueta t\u00e9rmica de grande formato Prime Scales PS-45","author":"admin","date":"mar\u00e7o 30, 2025","format":false,"excerpt":"A PS-45 \u00e9 a nossa impressora de formato mais amplo, oferecendo impress\u00f5es instant\u00e2neas com o simples toque de um bot\u00e3o. Ela imprime sem esfor\u00e7o dados de peso, texto, c\u00f3digos de barras, c\u00f3digos QR e n\u00fameros de s\u00e9rie em papel t\u00e9rmico em rolo, etiquetas padr\u00e3o ou etiquetas cont\u00ednuas de at\u00e9 4,5\" de largura.","rel":"","context":"Post similar","block_context":{"text":"Post similar","link":""},"img":{"alt_text":"","src":"https:\/\/i0.wp.com\/bizautom.com\/wp-content\/uploads\/2025\/03\/PS-45.jpg?resize=350%2C200&ssl=1","width":350,"height":200,"srcset":"https:\/\/i0.wp.com\/bizautom.com\/wp-content\/uploads\/2025\/03\/PS-45.jpg?resize=350%2C200&ssl=1 1x, https:\/\/i0.wp.com\/bizautom.com\/wp-content\/uploads\/2025\/03\/PS-45.jpg?resize=525%2C300&ssl=1 1.5x, https:\/\/i0.wp.com\/bizautom.com\/wp-content\/uploads\/2025\/03\/PS-45.jpg?resize=700%2C400&ssl=1 2x, https:\/\/i0.wp.com\/bizautom.com\/wp-content\/uploads\/2025\/03\/PS-45.jpg?resize=1050%2C600&ssl=1 3x, https:\/\/i0.wp.com\/bizautom.com\/wp-content\/uploads\/2025\/03\/PS-45.jpg?resize=1400%2C800&ssl=1 4x"},"classes":[]},{"id":1008,"url":"https:\/\/bizautom.com\/pt\/produto\/prime-systems-ps-ct1-plc-based-controller-weight-indicator\/","url_meta":{"origin":1339,"position":4},"title":"Prime Systems PS-CT1 Controlador baseado em PLC \/ Indicador de peso","author":"admin","date":"julho 20, 2023","format":false,"excerpt":"O controlador CT1 da Prime Systems oferece uma solu\u00e7\u00e3o perfeita para a constru\u00e7\u00e3o de sistemas avan\u00e7ados de controle de peso e dosagem. Com a funcionalidade do m\u00f3dulo de peso integrado, esse poderoso controlador coloca o controle total na ponta dos seus dedos. Experimente facilidade e efici\u00eancia inigual\u00e1veis na constru\u00e7\u00e3o de sistemas com o Prime Systems CT1.","rel":"","context":"Post similar","block_context":{"text":"Post similar","link":""},"img":{"alt_text":"PS IN202 calibration","src":"https:\/\/i0.wp.com\/bizautom.com\/wp-content\/uploads\/2023\/07\/CT-1.png?resize=350%2C200&ssl=1","width":350,"height":200,"srcset":"https:\/\/i0.wp.com\/bizautom.com\/wp-content\/uploads\/2023\/07\/CT-1.png?resize=350%2C200&ssl=1 1x, https:\/\/i0.wp.com\/bizautom.com\/wp-content\/uploads\/2023\/07\/CT-1.png?resize=525%2C300&ssl=1 1.5x, https:\/\/i0.wp.com\/bizautom.com\/wp-content\/uploads\/2023\/07\/CT-1.png?resize=700%2C400&ssl=1 2x, https:\/\/i0.wp.com\/bizautom.com\/wp-content\/uploads\/2023\/07\/CT-1.png?resize=1050%2C600&ssl=1 3x, https:\/\/i0.wp.com\/bizautom.com\/wp-content\/uploads\/2023\/07\/CT-1.png?resize=1400%2C800&ssl=1 4x"},"classes":[]},{"id":1052,"url":"https:\/\/bizautom.com\/pt\/produto\/prime-station-ps-interface-bridge-software-connecting-rs232-devices-with-pc\/","url_meta":{"origin":1339,"position":5},"title":"Software Prime Station PS-INTERFACE Bridge Conex\u00e3o de dispositivos RS232 com o PC","author":"admin","date":"julho 20, 2023","format":false,"excerpt":"Prime Interface Software combines intuitive design with extensive functionality, making it an indispensable tool for efficient weight management. From customizable display settings to flexible data storage and export options, this software is designed to streamline processes and maintain data accuracy across a variety of applications. Make Prime Station Interface Software\u2026","rel":"","context":"Post similar","block_context":{"text":"Post similar","link":""},"img":{"alt_text":"","src":"https:\/\/i0.wp.com\/bizautom.com\/wp-content\/uploads\/2023\/07\/PrimeInterface_main.jpg?resize=350%2C200&ssl=1","width":350,"height":200,"srcset":"https:\/\/i0.wp.com\/bizautom.com\/wp-content\/uploads\/2023\/07\/PrimeInterface_main.jpg?resize=350%2C200&ssl=1 1x, https:\/\/i0.wp.com\/bizautom.com\/wp-content\/uploads\/2023\/07\/PrimeInterface_main.jpg?resize=525%2C300&ssl=1 1.5x, https:\/\/i0.wp.com\/bizautom.com\/wp-content\/uploads\/2023\/07\/PrimeInterface_main.jpg?resize=700%2C400&ssl=1 2x, https:\/\/i0.wp.com\/bizautom.com\/wp-content\/uploads\/2023\/07\/PrimeInterface_main.jpg?resize=1050%2C600&ssl=1 3x"},"classes":[]}],"jetpack_sharing_enabled":true,"_links":{"self":[{"href":"https:\/\/bizautom.com\/pt\/wp-json\/wp\/v2\/product\/1339","targetHints":{"allow":["GET"]}}],"collection":[{"href":"https:\/\/bizautom.com\/pt\/wp-json\/wp\/v2\/product"}],"about":[{"href":"https:\/\/bizautom.com\/pt\/wp-json\/wp\/v2\/types\/product"}],"replies":[{"embeddable":true,"href":"https:\/\/bizautom.com\/pt\/wp-json\/wp\/v2\/comments?post=1339"}],"version-history":[{"count":0,"href":"https:\/\/bizautom.com\/pt\/wp-json\/wp\/v2\/product\/1339\/revisions"}],"wp:featuredmedia":[{"embeddable":true,"href":"https:\/\/bizautom.com\/pt\/wp-json\/wp\/v2\/media\/1340"}],"wp:attachment":[{"href":"https:\/\/bizautom.com\/pt\/wp-json\/wp\/v2\/media?parent=1339"}],"wp:term":[{"taxonomy":"product_brand","embeddable":true,"href":"https:\/\/bizautom.com\/pt\/wp-json\/wp\/v2\/product_brand?post=1339"},{"taxonomy":"product_cat","embeddable":true,"href":"https:\/\/bizautom.com\/pt\/wp-json\/wp\/v2\/product_cat?post=1339"},{"taxonomy":"product_tag","embeddable":true,"href":"https:\/\/bizautom.com\/pt\/wp-json\/wp\/v2\/product_tag?post=1339"}],"curies":[{"name":"wp","href":"https:\/\/api.w.org\/{rel}","templated":true}]}}