{"id":1628,"date":"2024-10-26T20:40:51","date_gmt":"2024-10-27T00:40:51","guid":{"rendered":"https:\/\/bizautom.com\/?post_type=product&#038;p=1628"},"modified":"2024-10-26T21:04:09","modified_gmt":"2024-10-27T01:04:09","slug":"bizautom-ba-lcm-sb-silo-tank-scale-mount-assembly-kit-4-module-set","status":"publish","type":"product","link":"https:\/\/bizautom.com\/pt\/produto\/bizautom-ba-lcm-sb-silo-tank-scale-mount-assembly-kit-4-module-set\/","title":{"rendered":"BizAutom BA-LCM-SB-4 Kit de montagem em escala de tanque de silo (conjunto de 4 m\u00f3dulos)"},"content":{"rendered":"<p>O <strong>BizAutom BA-LCM-SB<\/strong>\u00a0O conjunto de montagem da balan\u00e7a de tanque de silo oferece uma solu\u00e7\u00e3o robusta e altamente precisa para a pesagem de tanques de silo, tremonhas e silos em uma variedade de setores. Esse conjunto vers\u00e1til foi projetado para facilitar a instala\u00e7\u00e3o, tornando-o ideal para aplica\u00e7\u00f5es agr\u00edcolas e industriais em que o gerenciamento de peso eficiente e confi\u00e1vel \u00e9 essencial. Perfeito para uso em agricultura, alimenta\u00e7\u00e3o de gado, armazenamento de l\u00edquidos e muito mais, esse sistema foi desenvolvido para lidar com requisitos de cargas pequenas e grandes, variando de 500 lb a impressionantes 5.000 lb por c\u00e9lula de carga.<\/p>\n<p>Constru\u00eddo em a\u00e7o-liga de alta resist\u00eancia, o BA-LCM-SB apresenta uma montagem com arruela esf\u00e9rica autocompensadora, que n\u00e3o s\u00f3 permite o movimento controlado, mas tamb\u00e9m garante que a montagem se centralize automaticamente depois que o material \u00e9 descarregado. Esse recurso, juntamente com sua constru\u00e7\u00e3o robusta, torna o BA-LCM-SBS uma op\u00e7\u00e3o est\u00e1vel e dur\u00e1vel para uso prolongado em ambientes exigentes. Al\u00e9m disso, a placa superior de 5\u2033x5\u2033 com quatro orif\u00edcios de 1\/2\u2033 de di\u00e2metro e o sistema seguro de montagem no piso (seis orif\u00edcios de 1\/2\u2033 de di\u00e2metro) facilitam a instala\u00e7\u00e3o sob cada perna do seu tanque ou tremonha, proporcionando flexibilidade e seguran\u00e7a para v\u00e1rias capacidades de carga.<\/p>\n<p>O BA-LCM-SBS vem equipado com uma c\u00e9lula de carga de feixe de cisalhamento de alta qualidade, garantindo medi\u00e7\u00f5es de peso precisas ao selecionar a c\u00e9lula de carga apropriada para o peso e a carga de material do seu tanque. Com f\u00e1cil ajuste e estabilidade confi\u00e1vel, esse conjunto de montagem de balan\u00e7a \u00e9 ideal para setores que dependem de medi\u00e7\u00f5es precisas de armazenamento a granel, incluindo agricultura, processamento de alimentos, produ\u00e7\u00e3o qu\u00edmica, fabrica\u00e7\u00e3o de cimento, pl\u00e1sticos, ra\u00e7\u00e3o animal, produtos farmac\u00eauticos e ind\u00fastrias de biomassa.<\/p>\n<h3>Principais recursos e benef\u00edcios:<\/h3>\n<ul>\n<li><strong>Suporte a uma ampla faixa de carga<\/strong>: Cada c\u00e9lula de carga no conjunto BA-LCM-SB pode suportar cargas de 500 lb a 5.000 lb, acomodando v\u00e1rias aplica\u00e7\u00f5es industriais e de armazenamento.<\/li>\n<li><strong>Constru\u00e7\u00e3o dur\u00e1vel em liga de a\u00e7o<\/strong>: Fabricado com liga de a\u00e7o de alta resist\u00eancia, esse conjunto foi constru\u00eddo para suportar os rigores do uso pesado, garantindo durabilidade duradoura em ambientes exigentes.<\/li>\n<li><strong>Montagem de arruela esf\u00e9rica autocompensadora<\/strong>: A inovadora montagem da arruela esf\u00e9rica permite o movimento controlado e a recentragem autom\u00e1tica ap\u00f3s o descarregamento, melhorando a estabilidade e reduzindo a tens\u00e3o no sistema.<\/li>\n<li><strong>F\u00e1cil instala\u00e7\u00e3o<\/strong>: Equipado com uma placa superior de 5\u2033x5\u2033 com quatro furos de 1\/2\u2033 de di\u00e2metro, esse conjunto pode ser facilmente montado sob cada silo, tremonha ou perna de silo. Para montagem no piso, seis furos adicionais de 1\/2\" de di\u00e2metro proporcionam uma fixa\u00e7\u00e3o segura e est\u00e1vel.<\/li>\n<li><strong>Parafuso de nivelamento ajust\u00e1vel<\/strong>: Um parafuso longo de 1\/2-20 permite ajustes precisos de nivelamento, mesmo em superf\u00edcies irregulares, garantindo uma medi\u00e7\u00e3o de peso est\u00e1vel e precisa.<\/li>\n<li><strong>Aplica\u00e7\u00f5es vers\u00e1teis<\/strong>: Adequado para uma variedade de setores, incluindo agricultura, processamento de alimentos, produ\u00e7\u00e3o qu\u00edmica, constru\u00e7\u00e3o (cimento), pl\u00e1sticos, ra\u00e7\u00e3o animal, produtos farmac\u00eauticos e biomassa, oferecendo flexibilidade para diversas necessidades de armazenamento.<\/li>\n<li><strong>Gerenciamento preciso da carga<\/strong>: O conjunto BA-LCM-SBS inclui uma c\u00e9lula de carga de viga de cisalhamento compat\u00edvel. Os usu\u00e1rios podem selecionar facilmente uma c\u00e9lula de carga adaptada ao peso do tanque e \u00e0 carga do material, otimizando a precis\u00e3o ao dividir o peso total pelo n\u00famero de pernas que suportam a unidade de armazenamento.<\/li>\n<li><strong>Estabilidade e seguran\u00e7a aprimoradas<\/strong>: Ao distribuir a carga uniformemente, esse sistema de montagem reduz os riscos associados \u00e0 sobrecarga e garante um gerenciamento de peso seguro e protegido.<\/li>\n<\/ul>\n<h3>Usos ideais:<\/h3>\n<ul>\n<li><strong>Agricultura e armazenamento de gr\u00e3os<\/strong>: Para fazendas, f\u00e1bricas de ra\u00e7\u00e3o e instala\u00e7\u00f5es de gr\u00e3os, garantindo o gerenciamento preciso do estoque e o controle de qualidade.<\/li>\n<li><strong>Processamento de alimentos e bebidas<\/strong>: Gerencie ingredientes a granel, como farinha, a\u00e7\u00facar e malte, com precis\u00e3o para obter uma qualidade de produ\u00e7\u00e3o consistente.<\/li>\n<li><strong>Produ\u00e7\u00e3o de produtos qu\u00edmicos e fertilizantes<\/strong>: Armazenar e monitorar com seguran\u00e7a materiais a granel em instala\u00e7\u00f5es de produ\u00e7\u00e3o de produtos qu\u00edmicos.<\/li>\n<li><strong>Cimento e constru\u00e7\u00e3o<\/strong>: Perfeito para dosagem de concreto e armazenamento de agregados, garantindo medi\u00e7\u00f5es precisas de peso para uma mistura consistente.<\/li>\n<li><strong>Pl\u00e1sticos e pol\u00edmeros<\/strong>: Armazenar e medir resinas e pellets a granel com precis\u00e3o na produ\u00e7\u00e3o de pl\u00e1sticos.<\/li>\n<li><strong>Ra\u00e7\u00e3o animal e produtos farmac\u00eauticos<\/strong>: Obtenha uma formula\u00e7\u00e3o consistente de ingredientes na produ\u00e7\u00e3o de ra\u00e7\u00e3o animal e na fabrica\u00e7\u00e3o de produtos farmac\u00eauticos.<\/li>\n<\/ul>","protected":false},"excerpt":{"rendered":"<p>O kit com tudo inclu\u00eddo de <strong>BizAutom BA-LCM-SB Conjunto de montagem de balan\u00e7a de tanque de silo<\/strong> para um gerenciamento de peso preciso e cont\u00ednuo, essencial para o controle de estoque e a efici\u00eancia da produ\u00e7\u00e3o. Ele inclui 4 m\u00f3dulos de c\u00e9lula de carga, 1 indicador, 1 caixa de jun\u00e7\u00e3o e outros acess\u00f3rios.<\/p>","protected":false},"featured_media":1625,"comment_status":"open","ping_status":"closed","template":"","meta":[],"product_brand":[],"product_cat":[15,30,32],"product_tag":[],"class_list":{"0":"post-1628","1":"product","2":"type-product","3":"status-publish","4":"has-post-thumbnail","6":"product_cat-industrial-equipment","7":"product_cat-industrial-scales","8":"product_cat-instruments-parts","10":"first","11":"instock","12":"taxable","13":"shipping-taxable","14":"purchasable","15":"product-type-variable"},"yoast_head":"<!-- This site is optimized with the Yoast SEO plugin v27.4 - https:\/\/yoast.com\/product\/yoast-seo-wordpress\/ -->\n<title>BizAutom BA-LCM-SB-4 Silo Tank Scale Mount Assembly Kit (4-Module Set) - BizAutom<\/title>\n<meta name=\"robots\" content=\"index, follow, max-snippet:-1, max-image-preview:large, max-video-preview:-1\" \/>\n<link rel=\"canonical\" href=\"https:\/\/bizautom.com\/pt\/produto\/bizautom-ba-lcm-sb-silo-tank-scale-mount-assembly-kit-4-module-set\/\" \/>\n<meta property=\"og:locale\" content=\"pt_BR\" \/>\n<meta property=\"og:type\" content=\"article\" \/>\n<meta property=\"og:title\" content=\"BizAutom BA-LCM-SB-4 Silo Tank Scale Mount Assembly Kit (4-Module Set) - BizAutom\" \/>\n<meta property=\"og:description\" content=\"The all-include kit of BizAutom BA-LCM-SB Silo Tank Scale Mount Assembly for seamless, accurate weight management, essential for inventory control and production efficiency. It includes 4 load cell modules, 1 indicator, 1 junction box and other accessories.\" \/>\n<meta property=\"og:url\" content=\"https:\/\/bizautom.com\/pt\/produto\/bizautom-ba-lcm-sb-silo-tank-scale-mount-assembly-kit-4-module-set\/\" \/>\n<meta property=\"og:site_name\" content=\"BizAutom\" \/>\n<meta property=\"article:publisher\" content=\"https:\/\/www.facebook.com\/people\/TINGCHEN-BizAutom\/61565746662873\/\" \/>\n<meta property=\"article:modified_time\" content=\"2024-10-27T01:04:09+00:00\" \/>\n<meta property=\"og:image\" content=\"https:\/\/bizautom.com\/wp-content\/uploads\/2024\/09\/LoadcellModules-1-scaled.jpg\" \/>\n\t<meta property=\"og:image:width\" content=\"2560\" \/>\n\t<meta property=\"og:image:height\" content=\"2560\" \/>\n\t<meta property=\"og:image:type\" content=\"image\/jpeg\" \/>\n<meta name=\"twitter:card\" content=\"summary_large_image\" \/>\n<meta name=\"twitter:label1\" content=\"Est. tempo de leitura\" \/>\n\t<meta name=\"twitter:data1\" content=\"3 minutos\" \/>\n<!-- \/ Yoast SEO plugin. -->","yoast_head_json":{"title":"BizAutom BA-LCM-SB-4 Silo Tank Scale Mount Assembly Kit (4-Module Set) - BizAutom","robots":{"index":"index","follow":"follow","max-snippet":"max-snippet:-1","max-image-preview":"max-image-preview:large","max-video-preview":"max-video-preview:-1"},"canonical":"https:\/\/bizautom.com\/pt\/produto\/bizautom-ba-lcm-sb-silo-tank-scale-mount-assembly-kit-4-module-set\/","og_locale":"pt_BR","og_type":"article","og_title":"BizAutom BA-LCM-SB-4 Silo Tank Scale Mount Assembly Kit (4-Module Set) - BizAutom","og_description":"The all-include kit of BizAutom BA-LCM-SB Silo Tank Scale Mount Assembly for seamless, accurate weight management, essential for inventory control and production efficiency. It includes 4 load cell modules, 1 indicator, 1 junction box and other accessories.","og_url":"https:\/\/bizautom.com\/pt\/produto\/bizautom-ba-lcm-sb-silo-tank-scale-mount-assembly-kit-4-module-set\/","og_site_name":"BizAutom","article_publisher":"https:\/\/www.facebook.com\/people\/TINGCHEN-BizAutom\/61565746662873\/","article_modified_time":"2024-10-27T01:04:09+00:00","og_image":[{"width":2560,"height":2560,"url":"https:\/\/bizautom.com\/wp-content\/uploads\/2024\/09\/LoadcellModules-1-scaled.jpg","type":"image\/jpeg"}],"twitter_card":"summary_large_image","twitter_misc":{"Est. tempo de leitura":"3 minutos"},"schema":{"@context":"https:\/\/schema.org","@graph":[{"@type":"WebPage","@id":"https:\/\/bizautom.com\/product\/bizautom-ba-lcm-sb-silo-tank-scale-mount-assembly-kit-4-module-set\/","url":"https:\/\/bizautom.com\/product\/bizautom-ba-lcm-sb-silo-tank-scale-mount-assembly-kit-4-module-set\/","name":"BizAutom BA-LCM-SB-4 Silo Tank Scale Mount Assembly Kit (4-Module Set) - BizAutom","isPartOf":{"@id":"https:\/\/bizautom.com\/#website"},"primaryImageOfPage":{"@id":"https:\/\/bizautom.com\/product\/bizautom-ba-lcm-sb-silo-tank-scale-mount-assembly-kit-4-module-set\/#primaryimage"},"image":{"@id":"https:\/\/bizautom.com\/product\/bizautom-ba-lcm-sb-silo-tank-scale-mount-assembly-kit-4-module-set\/#primaryimage"},"thumbnailUrl":"https:\/\/bizautom.com\/wp-content\/uploads\/2024\/09\/LoadcellModules-1-scaled.jpg","datePublished":"2024-10-27T00:40:51+00:00","dateModified":"2024-10-27T01:04:09+00:00","breadcrumb":{"@id":"https:\/\/bizautom.com\/product\/bizautom-ba-lcm-sb-silo-tank-scale-mount-assembly-kit-4-module-set\/#breadcrumb"},"inLanguage":"pt-BR","potentialAction":[{"@type":"ReadAction","target":["https:\/\/bizautom.com\/product\/bizautom-ba-lcm-sb-silo-tank-scale-mount-assembly-kit-4-module-set\/"]}]},{"@type":"ImageObject","inLanguage":"pt-BR","@id":"https:\/\/bizautom.com\/product\/bizautom-ba-lcm-sb-silo-tank-scale-mount-assembly-kit-4-module-set\/#primaryimage","url":"https:\/\/bizautom.com\/wp-content\/uploads\/2024\/09\/LoadcellModules-1-scaled.jpg","contentUrl":"https:\/\/bizautom.com\/wp-content\/uploads\/2024\/09\/LoadcellModules-1-scaled.jpg","width":2560,"height":2560},{"@type":"BreadcrumbList","@id":"https:\/\/bizautom.com\/product\/bizautom-ba-lcm-sb-silo-tank-scale-mount-assembly-kit-4-module-set\/#breadcrumb","itemListElement":[{"@type":"ListItem","position":1,"name":"Home","item":"https:\/\/bizautom.com\/"},{"@type":"ListItem","position":2,"name":"Shop","item":"https:\/\/bizautom.com\/shop-2\/"},{"@type":"ListItem","position":3,"name":"BizAutom BA-LCM-SB-4 Silo Tank Scale Mount Assembly Kit (4-Module Set)"}]},{"@type":"WebSite","@id":"https:\/\/bizautom.com\/#website","url":"https:\/\/bizautom.com\/","name":"BizAutom","description":"R\u00e1pido. Preciso. Inteligente.","publisher":{"@id":"https:\/\/bizautom.com\/#organization"},"potentialAction":[{"@type":"SearchAction","target":{"@type":"EntryPoint","urlTemplate":"https:\/\/bizautom.com\/?s={search_term_string}"},"query-input":{"@type":"PropertyValueSpecification","valueRequired":true,"valueName":"search_term_string"}}],"inLanguage":"pt-BR"},{"@type":"Organization","@id":"https:\/\/bizautom.com\/#organization","name":"BizAutom","url":"https:\/\/bizautom.com\/","logo":{"@type":"ImageObject","inLanguage":"pt-BR","@id":"https:\/\/bizautom.com\/#\/schema\/logo\/image\/","url":"https:\/\/bizautom.com\/wp-content\/uploads\/2025\/04\/BizAutom_Logo_1.webp","contentUrl":"https:\/\/bizautom.com\/wp-content\/uploads\/2025\/04\/BizAutom_Logo_1.webp","width":455,"height":326,"caption":"BizAutom"},"image":{"@id":"https:\/\/bizautom.com\/#\/schema\/logo\/image\/"},"sameAs":["https:\/\/www.facebook.com\/people\/TINGCHEN-BizAutom\/61565746662873\/"]}]}},"jetpack-related-posts":[{"id":1631,"url":"https:\/\/bizautom.com\/pt\/produto\/bizautom-ba-lcm-sb-silo-tank-scale-mount-assembly-kit-3-module-set\/","url_meta":{"origin":1628,"position":0},"title":"BizAutom BA-LCM-SB-3 Kit de montagem em escala de tanque de silo (conjunto de 3 m\u00f3dulos)","author":"admin","date":"outubro 26, 2024","format":false,"excerpt":"The all-include kit of BizAutom BA-LCM-SBS Silo Tank Scale Mount Assembly for seamless, accurate weight management, essential for inventory control and production efficiency. It includes 3 load cell modules, 1 indicator, 1 junction box and other accessories.","rel":"","context":"Post similar","block_context":{"text":"Post similar","link":""},"img":{"alt_text":"","src":"https:\/\/i0.wp.com\/bizautom.com\/wp-content\/uploads\/2024\/10\/BA-LCM-SB-3-scaled.jpg?resize=350%2C200&ssl=1","width":350,"height":200,"srcset":"https:\/\/i0.wp.com\/bizautom.com\/wp-content\/uploads\/2024\/10\/BA-LCM-SB-3-scaled.jpg?resize=350%2C200&ssl=1 1x, https:\/\/i0.wp.com\/bizautom.com\/wp-content\/uploads\/2024\/10\/BA-LCM-SB-3-scaled.jpg?resize=525%2C300&ssl=1 1.5x, https:\/\/i0.wp.com\/bizautom.com\/wp-content\/uploads\/2024\/10\/BA-LCM-SB-3-scaled.jpg?resize=700%2C400&ssl=1 2x, https:\/\/i0.wp.com\/bizautom.com\/wp-content\/uploads\/2024\/10\/BA-LCM-SB-3-scaled.jpg?resize=1050%2C600&ssl=1 3x, https:\/\/i0.wp.com\/bizautom.com\/wp-content\/uploads\/2024\/10\/BA-LCM-SB-3-scaled.jpg?resize=1400%2C800&ssl=1 4x"},"classes":[]},{"id":1575,"url":"https:\/\/bizautom.com\/pt\/produto\/bizautom-ba-sbm4-tank-scale-kit-load-cell-module-kit\/","url_meta":{"origin":1628,"position":1},"title":"BizAutom BA-LCM-SB Conjunto de montagem de balan\u00e7a de tanque de silo","author":"admin","date":"setembro 28, 2024","format":false,"excerpt":"Equip your facility with the BizAutom BA-LCM-SBS Silo Tank Scale Mount Assembly for seamless, accurate weight management, essential for inventory control and production efficiency. This assembly\u2019s robust design and flexible applications make it a reliable choice across diverse sectors, delivering consistent and precise weight data to support your operation\u2019s success.","rel":"","context":"Post similar","block_context":{"text":"Post similar","link":""},"img":{"alt_text":"","src":"https:\/\/i0.wp.com\/bizautom.com\/wp-content\/uploads\/2024\/09\/BA-LCM-SB-scaled.jpg?resize=350%2C200&ssl=1","width":350,"height":200,"srcset":"https:\/\/i0.wp.com\/bizautom.com\/wp-content\/uploads\/2024\/09\/BA-LCM-SB-scaled.jpg?resize=350%2C200&ssl=1 1x, https:\/\/i0.wp.com\/bizautom.com\/wp-content\/uploads\/2024\/09\/BA-LCM-SB-scaled.jpg?resize=525%2C300&ssl=1 1.5x, https:\/\/i0.wp.com\/bizautom.com\/wp-content\/uploads\/2024\/09\/BA-LCM-SB-scaled.jpg?resize=700%2C400&ssl=1 2x, https:\/\/i0.wp.com\/bizautom.com\/wp-content\/uploads\/2024\/09\/BA-LCM-SB-scaled.jpg?resize=1050%2C600&ssl=1 3x, https:\/\/i0.wp.com\/bizautom.com\/wp-content\/uploads\/2024\/09\/BA-LCM-SB-scaled.jpg?resize=1400%2C800&ssl=1 4x"},"classes":[]},{"id":1172,"url":"https:\/\/bizautom.com\/pt\/produto\/bizautom-ba-dws2424-laser-dimensional-scale-500x0-1lb-cap-with-printer-software\/","url_meta":{"origin":1628,"position":2},"title":"BizAutom BA-DS2424 Balan\u00e7a Dimensional a Laser 500\u00d70.1lb Cap. com C\u00e2mera, Scanner, Impressora e Software","author":"admin","date":"dezembro 29, 2023","format":false,"excerpt":"The BizAutom Laser Dimensional Scale is designed to bring precision and efficiency to your shipping processes. This innovative scale combines advanced weight and dimension measurement technology, streamlining shipping cost management and enhancing overall accuracy.","rel":"","context":"Post similar","block_context":{"text":"Post similar","link":""},"img":{"alt_text":"industrial smart scales","src":"https:\/\/i0.wp.com\/bizautom.com\/wp-content\/uploads\/2023\/12\/BA-DS2424-scaled.jpg?resize=350%2C200&ssl=1","width":350,"height":200,"srcset":"https:\/\/i0.wp.com\/bizautom.com\/wp-content\/uploads\/2023\/12\/BA-DS2424-scaled.jpg?resize=350%2C200&ssl=1 1x, https:\/\/i0.wp.com\/bizautom.com\/wp-content\/uploads\/2023\/12\/BA-DS2424-scaled.jpg?resize=525%2C300&ssl=1 1.5x, https:\/\/i0.wp.com\/bizautom.com\/wp-content\/uploads\/2023\/12\/BA-DS2424-scaled.jpg?resize=700%2C400&ssl=1 2x, https:\/\/i0.wp.com\/bizautom.com\/wp-content\/uploads\/2023\/12\/BA-DS2424-scaled.jpg?resize=1050%2C600&ssl=1 3x, https:\/\/i0.wp.com\/bizautom.com\/wp-content\/uploads\/2023\/12\/BA-DS2424-scaled.jpg?resize=1400%2C800&ssl=1 4x"},"classes":[]},{"id":4345,"url":"https:\/\/bizautom.com\/pt\/produto\/bizautom-ba-dc130-dual-counting-scale-with-data-storage-and-software-integration\/","url_meta":{"origin":1628,"position":3},"title":"Balan\u00e7a de contagem dupla BizAutom BA-DC130 com armazenamento de dados e integra\u00e7\u00e3o de software","author":"admin","date":"junho 17, 2025","format":false,"excerpt":"The BizAutom BA-DC130 Dual Counting Scale is more than just a counting device\u2014it\u2019s a versatile, smart, and scalable system designed to simplify complex inventory and production tasks. Whether you're counting thousands of small components or managing heavy parts across large platforms, the BA-DC130 delivers the speed, accuracy, and connectivity modern\u2026","rel":"","context":"Post similar","block_context":{"text":"Post similar","link":""},"img":{"alt_text":"","src":"https:\/\/i0.wp.com\/bizautom.com\/wp-content\/uploads\/2025\/06\/DualCountScaleFloorScale.jpg?resize=350%2C200&ssl=1","width":350,"height":200,"srcset":"https:\/\/i0.wp.com\/bizautom.com\/wp-content\/uploads\/2025\/06\/DualCountScaleFloorScale.jpg?resize=350%2C200&ssl=1 1x, https:\/\/i0.wp.com\/bizautom.com\/wp-content\/uploads\/2025\/06\/DualCountScaleFloorScale.jpg?resize=525%2C300&ssl=1 1.5x, https:\/\/i0.wp.com\/bizautom.com\/wp-content\/uploads\/2025\/06\/DualCountScaleFloorScale.jpg?resize=700%2C400&ssl=1 2x, https:\/\/i0.wp.com\/bizautom.com\/wp-content\/uploads\/2025\/06\/DualCountScaleFloorScale.jpg?resize=1050%2C600&ssl=1 3x, https:\/\/i0.wp.com\/bizautom.com\/wp-content\/uploads\/2025\/06\/DualCountScaleFloorScale.jpg?resize=1400%2C800&ssl=1 4x"},"classes":[]},{"id":1212,"url":"https:\/\/bizautom.com\/pt\/produto\/bizautom-ba-k120s-g4-versatile-stretch-wrap-machine-with-integrated-3-dimensional-weight-scale-and-label-printer\/","url_meta":{"origin":1628,"position":4},"title":"BizAutom BA-K120S G4 M\u00e1quina vers\u00e1til para embalagem el\u00e1stica com balan\u00e7a de peso tridimensional integrada e impressora de etiquetas","author":"admin","date":"janeiro 22, 2024","format":false,"excerpt":"Apresentamos a primeira empacotadora extens\u00edvel do mundo com uma balan\u00e7a de peso tridimensional integrada. Essa m\u00e1quina vers\u00e1til pode embalar, pesar, medir, imprimir e transmitir em uma \u00fanica opera\u00e7\u00e3o, otimizando a economia de tempo e de custos para voc\u00ea.","rel":"","context":"Post similar","block_context":{"text":"Post similar","link":""},"img":{"alt_text":"","src":"https:\/\/i0.wp.com\/bizautom.com\/wp-content\/uploads\/2024\/01\/BA-K120S-WrappingMachineG4Color.jpg?resize=350%2C200&ssl=1","width":350,"height":200,"srcset":"https:\/\/i0.wp.com\/bizautom.com\/wp-content\/uploads\/2024\/01\/BA-K120S-WrappingMachineG4Color.jpg?resize=350%2C200&ssl=1 1x, https:\/\/i0.wp.com\/bizautom.com\/wp-content\/uploads\/2024\/01\/BA-K120S-WrappingMachineG4Color.jpg?resize=525%2C300&ssl=1 1.5x, https:\/\/i0.wp.com\/bizautom.com\/wp-content\/uploads\/2024\/01\/BA-K120S-WrappingMachineG4Color.jpg?resize=700%2C400&ssl=1 2x"},"classes":[]},{"id":5608,"url":"https:\/\/bizautom.com\/pt\/produto\/airport-luggage-check-scale-with-dual-ramps\/","url_meta":{"origin":1628,"position":5},"title":"BizAutom BA-1KF_WCS Airport Luggage Check Scale with Dual Ramps","author":"admin","date":"abril 7, 2026","format":false,"excerpt":"Ensure fast, accurate, and hassle-free baggage screening with our Airport Luggage Check Scale\u2014designed specifically for airlines to verify that passenger luggage meets the standard 50 lb weight limit.","rel":"","context":"Post similar","block_context":{"text":"Post similar","link":""},"img":{"alt_text":"","src":"https:\/\/i0.wp.com\/bizautom.com\/wp-content\/uploads\/2026\/04\/BA-1KF.jpg?resize=350%2C200&ssl=1","width":350,"height":200,"srcset":"https:\/\/i0.wp.com\/bizautom.com\/wp-content\/uploads\/2026\/04\/BA-1KF.jpg?resize=350%2C200&ssl=1 1x, https:\/\/i0.wp.com\/bizautom.com\/wp-content\/uploads\/2026\/04\/BA-1KF.jpg?resize=525%2C300&ssl=1 1.5x, https:\/\/i0.wp.com\/bizautom.com\/wp-content\/uploads\/2026\/04\/BA-1KF.jpg?resize=700%2C400&ssl=1 2x, https:\/\/i0.wp.com\/bizautom.com\/wp-content\/uploads\/2026\/04\/BA-1KF.jpg?resize=1050%2C600&ssl=1 3x, https:\/\/i0.wp.com\/bizautom.com\/wp-content\/uploads\/2026\/04\/BA-1KF.jpg?resize=1400%2C800&ssl=1 4x"},"classes":[]}],"jetpack_sharing_enabled":true,"_links":{"self":[{"href":"https:\/\/bizautom.com\/pt\/wp-json\/wp\/v2\/product\/1628","targetHints":{"allow":["GET"]}}],"collection":[{"href":"https:\/\/bizautom.com\/pt\/wp-json\/wp\/v2\/product"}],"about":[{"href":"https:\/\/bizautom.com\/pt\/wp-json\/wp\/v2\/types\/product"}],"replies":[{"embeddable":true,"href":"https:\/\/bizautom.com\/pt\/wp-json\/wp\/v2\/comments?post=1628"}],"version-history":[{"count":0,"href":"https:\/\/bizautom.com\/pt\/wp-json\/wp\/v2\/product\/1628\/revisions"}],"wp:featuredmedia":[{"embeddable":true,"href":"https:\/\/bizautom.com\/pt\/wp-json\/wp\/v2\/media\/1625"}],"wp:attachment":[{"href":"https:\/\/bizautom.com\/pt\/wp-json\/wp\/v2\/media?parent=1628"}],"wp:term":[{"taxonomy":"product_brand","embeddable":true,"href":"https:\/\/bizautom.com\/pt\/wp-json\/wp\/v2\/product_brand?post=1628"},{"taxonomy":"product_cat","embeddable":true,"href":"https:\/\/bizautom.com\/pt\/wp-json\/wp\/v2\/product_cat?post=1628"},{"taxonomy":"product_tag","embeddable":true,"href":"https:\/\/bizautom.com\/pt\/wp-json\/wp\/v2\/product_tag?post=1628"}],"curies":[{"name":"wp","href":"https:\/\/api.w.org\/{rel}","templated":true}]}}