{"id":178,"date":"2023-06-04T02:49:46","date_gmt":"2023-06-04T02:49:46","guid":{"rendered":"http:\/\/fellix"},"modified":"2024-04-09T09:02:11","modified_gmt":"2024-04-09T09:02:11","slug":"wcs","status":"publish","type":"product","link":"https:\/\/bizautom.com\/pt\/produto\/wcs\/","title":{"rendered":"Balan\u00e7as Prime Scales PS-WCS Balan\u00e7a m\u00e9dica para cadeira de rodas de 1000 lb com indicador de leitura"},"content":{"rendered":"<p>A balan\u00e7a para cadeira de rodas PS-WCS \u00e9 perfeita para qualquer ambiente m\u00e9dico ou dom\u00e9stico.<\/p>\n<p>Essa balan\u00e7a ultraport\u00e1til pode pesar at\u00e9 1.000 lbs com precis\u00e3o de 0,1 lb e pesa apenas 50 lbs, o que a torna f\u00e1cil de transportar de um espa\u00e7o para outro. Ela se adapta \u00e0 maioria das cadeiras de rodas padr\u00e3o e apresenta uma estrutura de baixo perfil com duas al\u00e7as e duas rodas para facilitar o levantamento e a movimenta\u00e7\u00e3o.<\/p>\n<p>A superf\u00edcie de pesagem plana mede 25\u2033 e a unidade completa, incluindo as rampas, tem 31\u2033 de largura e 33\u2033 de comprimento, proporcionando um tamanho excepcionalmente conveniente que n\u00e3o ocupar\u00e1 muito espa\u00e7o.<\/p>\n<p>A balan\u00e7a PS-WCS possui paredes laterais para evitar que a cadeira de rodas saia da balan\u00e7a de lado.<\/p>\n<p>Al\u00e9m disso, essa balan\u00e7a tem quatro c\u00e9lulas de carga de liga de alum\u00ednio montadas em placas de a\u00e7o de 1\/2\" de espessura e cabos de c\u00e9lula de carga de comprimento total conectados \u00e0 caixa de jun\u00e7\u00e3o ABS atrav\u00e9s dos tubos, de modo que nenhum fio fica exposto, aumentando ainda mais sua durabilidade. Com esse design dur\u00e1vel e a portabilidade em mente, a balan\u00e7a para cadeira de rodas PS-WCS \u00e9 um \u00f3timo complemento para qualquer ambiente m\u00e9dico ou dom\u00e9stico.<\/p>\n<p>Dimens\u00f5es da \u00e1rea plana: 31\u2033Wx25\u2033L<\/p>\n<div class=\"\"><a href=\"https:\/\/bizautom.com\/wp-content\/uploads\/2023\/12\/PS-WCS_InstallationGuide.pdf\" target=\"_blank\" class=\"emd_dl_red_darker\">Manual de instala\u00e7\u00e3o<\/a><\/div>    <style>            \r\n    .emd_dl_red_darker {\r\n        -moz-box-shadow:inset 0px 1px 0px 0px #f5978e;\r\n        -webkit-box-shadow:inset 0px 1px 0px 0px #f5978e;\r\n        box-shadow:inset 0px 1px 0px 0px #f5978e;\r\n        background:-webkit-gradient( linear, left top, left bottom, color-stop(0.05, #f24537), color-stop(1, #c62d1f) );\r\n        background:-moz-linear-gradient( center top, #f24537 5%, #c62d1f 100% );\r\n        filter:progid:DXImageTransform.Microsoft.gradient(startColorstr='#f24537', endColorstr='#c62d1f');\r\n        background-color:#f24537;\r\n        -webkit-border-top-left-radius:0px;\r\n        -moz-border-radius-topleft:0px;\r\n        border-top-left-radius:0px;\r\n        -webkit-border-top-right-radius:0px;\r\n        -moz-border-radius-topright:0px;\r\n        border-top-right-radius:0px;\r\n        -webkit-border-bottom-right-radius:0px;\r\n        -moz-border-radius-bottomright:0px;\r\n        border-bottom-right-radius:0px;\r\n        -webkit-border-bottom-left-radius:0px;\r\n        -moz-border-radius-bottomleft:0px;\r\n        border-bottom-left-radius:0px;\r\n        text-indent:0;\r\n        border:1px solid #d02718;\r\n        display:inline-block;\r\n        color:#ffffff !important;\r\n        font-family:Georgia;\r\n        font-size:15px;\r\n        font-weight:bold;\r\n        font-style:normal;\r\n        height:41px;\r\n        line-height:41px;\r\n        width:180px;\r\n        text-decoration:none;\r\n        text-align:center;\r\n        text-shadow:1px 1px 0px #810e05;\r\n    }\r\n    .emd_dl_red_darker:hover {\r\n        background:-webkit-gradient( linear, left top, left bottom, color-stop(0.05, #c62d1f), color-stop(1, #f24537) );\r\n        background:-moz-linear-gradient( center top, #c62d1f 5%, #f24537 100% );\r\n        filter:progid:DXImageTransform.Microsoft.gradient(startColorstr='#c62d1f', endColorstr='#f24537');\r\n        background-color:#c62d1f;\r\n    }.emd_dl_red_darker:active {\r\n        position:relative;\r\n        top:1px;\r\n    }<\/style>","protected":false},"excerpt":{"rendered":"<p>Entendemos os desafios enfrentados pelas pessoas que usam cadeiras de rodas, e \u00e9 por isso que projetamos uma balan\u00e7a para cadeiras de rodas que fornece informa\u00e7\u00f5es de peso r\u00e1pidas, seguras e convenientes. Nossa balan\u00e7a para cadeira de rodas foi projetada especificamente para cadeiras de rodas manuais. N\u00e3o deixe de explorar nossas outras listagens de cadeiras de rodas el\u00e9tricas.<\/p>","protected":false},"featured_media":1170,"comment_status":"open","ping_status":"closed","template":"","meta":[],"product_brand":[41],"product_cat":[29],"product_tag":[],"class_list":{"0":"post-178","1":"product","2":"type-product","3":"status-publish","4":"has-post-thumbnail","6":"product_brand-prime-scales","7":"product_cat-medical-equipment-scales","9":"first","10":"instock","11":"taxable","12":"shipping-taxable","13":"purchasable","14":"product-type-simple"},"yoast_head":"<!-- This site is optimized with the Yoast SEO plugin v27.4 - https:\/\/yoast.com\/product\/yoast-seo-wordpress\/ -->\n<title>PS-WCS 1000lb Wheelchair Medical Scale With Reading Indicator<\/title>\n<meta name=\"description\" content=\"PS-WCS Wheelchair Scale is ultra-portable &amp; can weigh up to 1000 lbs with 0.1lb accuracy. is has a low-profile structure with handles &amp; wheels for easy moving!\" \/>\n<meta name=\"robots\" content=\"index, follow, max-snippet:-1, max-image-preview:large, max-video-preview:-1\" \/>\n<link rel=\"canonical\" href=\"https:\/\/bizautom.com\/pt\/produto\/wcs\/\" \/>\n<meta property=\"og:locale\" content=\"pt_BR\" \/>\n<meta property=\"og:type\" content=\"article\" \/>\n<meta property=\"og:title\" content=\"PS-WCS 1000lb Wheelchair Medical Scale With Reading Indicator\" \/>\n<meta property=\"og:description\" content=\"PS-WCS Wheelchair Scale is ultra-portable &amp; can weigh up to 1000 lbs with 0.1lb accuracy. is has a low-profile structure with handles &amp; wheels for easy moving!\" \/>\n<meta property=\"og:url\" content=\"https:\/\/bizautom.com\/pt\/produto\/wcs\/\" \/>\n<meta property=\"og:site_name\" content=\"BizAutom\" \/>\n<meta property=\"article:publisher\" content=\"https:\/\/www.facebook.com\/people\/TINGCHEN-BizAutom\/61565746662873\/\" \/>\n<meta property=\"article:modified_time\" content=\"2024-04-09T09:02:11+00:00\" \/>\n<meta property=\"og:image\" content=\"https:\/\/bizautom.com\/wp-content\/uploads\/2023\/06\/PS-WCS-N.jpg\" \/>\n\t<meta property=\"og:image:width\" content=\"1440\" \/>\n\t<meta property=\"og:image:height\" content=\"1440\" \/>\n\t<meta property=\"og:image:type\" content=\"image\/jpeg\" \/>\n<meta name=\"twitter:card\" content=\"summary_large_image\" \/>\n<meta name=\"twitter:label1\" content=\"Est. tempo de leitura\" \/>\n\t<meta name=\"twitter:data1\" content=\"2 minutos\" \/>\n<!-- \/ Yoast SEO plugin. -->","yoast_head_json":{"title":"PS-WCS 1000lb Wheelchair Medical Scale With Reading Indicator","description":"PS-WCS Wheelchair Scale is ultra-portable & can weigh up to 1000 lbs with 0.1lb accuracy. is has a low-profile structure with handles & wheels for easy moving!","robots":{"index":"index","follow":"follow","max-snippet":"max-snippet:-1","max-image-preview":"max-image-preview:large","max-video-preview":"max-video-preview:-1"},"canonical":"https:\/\/bizautom.com\/pt\/produto\/wcs\/","og_locale":"pt_BR","og_type":"article","og_title":"PS-WCS 1000lb Wheelchair Medical Scale With Reading Indicator","og_description":"PS-WCS Wheelchair Scale is ultra-portable & can weigh up to 1000 lbs with 0.1lb accuracy. is has a low-profile structure with handles & wheels for easy moving!","og_url":"https:\/\/bizautom.com\/pt\/produto\/wcs\/","og_site_name":"BizAutom","article_publisher":"https:\/\/www.facebook.com\/people\/TINGCHEN-BizAutom\/61565746662873\/","article_modified_time":"2024-04-09T09:02:11+00:00","og_image":[{"width":1440,"height":1440,"url":"https:\/\/bizautom.com\/wp-content\/uploads\/2023\/06\/PS-WCS-N.jpg","type":"image\/jpeg"}],"twitter_card":"summary_large_image","twitter_misc":{"Est. tempo de leitura":"2 minutos"},"schema":{"@context":"https:\/\/schema.org","@graph":[{"@type":"WebPage","@id":"https:\/\/bizautom.com\/product\/wcs\/","url":"https:\/\/bizautom.com\/product\/wcs\/","name":"PS-WCS 1000lb Wheelchair Medical Scale With Reading Indicator","isPartOf":{"@id":"https:\/\/bizautom.com\/#website"},"primaryImageOfPage":{"@id":"https:\/\/bizautom.com\/product\/wcs\/#primaryimage"},"image":{"@id":"https:\/\/bizautom.com\/product\/wcs\/#primaryimage"},"thumbnailUrl":"https:\/\/bizautom.com\/wp-content\/uploads\/2023\/06\/PS-WCS-N.jpg","datePublished":"2023-06-04T02:49:46+00:00","dateModified":"2024-04-09T09:02:11+00:00","description":"PS-WCS Wheelchair Scale is ultra-portable & can weigh up to 1000 lbs with 0.1lb accuracy. is has a low-profile structure with handles & wheels for easy moving!","breadcrumb":{"@id":"https:\/\/bizautom.com\/product\/wcs\/#breadcrumb"},"inLanguage":"pt-BR","potentialAction":[{"@type":"ReadAction","target":["https:\/\/bizautom.com\/product\/wcs\/"]}]},{"@type":"ImageObject","inLanguage":"pt-BR","@id":"https:\/\/bizautom.com\/product\/wcs\/#primaryimage","url":"https:\/\/bizautom.com\/wp-content\/uploads\/2023\/06\/PS-WCS-N.jpg","contentUrl":"https:\/\/bizautom.com\/wp-content\/uploads\/2023\/06\/PS-WCS-N.jpg","width":1440,"height":1440},{"@type":"BreadcrumbList","@id":"https:\/\/bizautom.com\/product\/wcs\/#breadcrumb","itemListElement":[{"@type":"ListItem","position":1,"name":"Home","item":"https:\/\/bizautom.com\/"},{"@type":"ListItem","position":2,"name":"Shop","item":"https:\/\/bizautom.com\/shop-2\/"},{"@type":"ListItem","position":3,"name":"Prime Scales PS-WCS 1000lb Wheelchair Medical Scale with Reading Indicator"}]},{"@type":"WebSite","@id":"https:\/\/bizautom.com\/#website","url":"https:\/\/bizautom.com\/","name":"BizAutom","description":"R\u00e1pido. Preciso. Inteligente.","publisher":{"@id":"https:\/\/bizautom.com\/#organization"},"potentialAction":[{"@type":"SearchAction","target":{"@type":"EntryPoint","urlTemplate":"https:\/\/bizautom.com\/?s={search_term_string}"},"query-input":{"@type":"PropertyValueSpecification","valueRequired":true,"valueName":"search_term_string"}}],"inLanguage":"pt-BR"},{"@type":"Organization","@id":"https:\/\/bizautom.com\/#organization","name":"BizAutom","url":"https:\/\/bizautom.com\/","logo":{"@type":"ImageObject","inLanguage":"pt-BR","@id":"https:\/\/bizautom.com\/#\/schema\/logo\/image\/","url":"https:\/\/bizautom.com\/wp-content\/uploads\/2025\/04\/BizAutom_Logo_1.webp","contentUrl":"https:\/\/bizautom.com\/wp-content\/uploads\/2025\/04\/BizAutom_Logo_1.webp","width":455,"height":326,"caption":"BizAutom"},"image":{"@id":"https:\/\/bizautom.com\/#\/schema\/logo\/image\/"},"sameAs":["https:\/\/www.facebook.com\/people\/TINGCHEN-BizAutom\/61565746662873\/"]}]}},"jetpack-related-posts":[{"id":4341,"url":"https:\/\/bizautom.com\/pt\/produto\/ps-wcs-pro-premium-wheelchair-scale-with-enhanced-safety-and-stability\/","url_meta":{"origin":178,"position":0},"title":"PS-WCS-Pro - Balan\u00e7a para cadeira de rodas premium com seguran\u00e7a e estabilidade aprimoradas","author":"admin","date":"junho 12, 2025","format":false,"excerpt":"With its advanced safety features, improved ramp integration, and durable construction, the PS-WCS-Pro redefines wheelchair weighing. Whether in a medical facility or at home, this scale delivers the performance and peace of mind you can count on.","rel":"","context":"Post similar","block_context":{"text":"Post similar","link":""},"img":{"alt_text":"","src":"https:\/\/i0.wp.com\/bizautom.com\/wp-content\/uploads\/2025\/06\/PS-WCS-Pro.jpg?resize=350%2C200&ssl=1","width":350,"height":200,"srcset":"https:\/\/i0.wp.com\/bizautom.com\/wp-content\/uploads\/2025\/06\/PS-WCS-Pro.jpg?resize=350%2C200&ssl=1 1x, https:\/\/i0.wp.com\/bizautom.com\/wp-content\/uploads\/2025\/06\/PS-WCS-Pro.jpg?resize=525%2C300&ssl=1 1.5x, https:\/\/i0.wp.com\/bizautom.com\/wp-content\/uploads\/2025\/06\/PS-WCS-Pro.jpg?resize=700%2C400&ssl=1 2x, https:\/\/i0.wp.com\/bizautom.com\/wp-content\/uploads\/2025\/06\/PS-WCS-Pro.jpg?resize=1050%2C600&ssl=1 3x, https:\/\/i0.wp.com\/bizautom.com\/wp-content\/uploads\/2025\/06\/PS-WCS-Pro.jpg?resize=1400%2C800&ssl=1 4x"},"classes":[]},{"id":1147,"url":"https:\/\/bizautom.com\/pt\/produto\/prime-scales-row-on-weigh-electric-wheelchair-scale-with-ps-in202\/","url_meta":{"origin":178,"position":1},"title":"Balan\u00e7as Prime Scales Balan\u00e7a el\u00e9trica para cadeira de rodas com pesagem por rolagem PS-IN202","author":"admin","date":"setembro 16, 2023","format":false,"excerpt":"Introdu\u00e7\u00e3o de uma balan\u00e7a especialmente projetada para pesar pessoas em cadeiras de rodas el\u00e9tricas, pois as balan\u00e7as tradicionais para cadeiras de rodas n\u00e3o s\u00e3o adequadas para seu tamanho e peso.","rel":"","context":"Post similar","block_context":{"text":"Post similar","link":""},"img":{"alt_text":"","src":"https:\/\/i0.wp.com\/bizautom.com\/wp-content\/uploads\/2023\/09\/PS-ROWwheelchair-scaled.jpg?resize=350%2C200&ssl=1","width":350,"height":200,"srcset":"https:\/\/i0.wp.com\/bizautom.com\/wp-content\/uploads\/2023\/09\/PS-ROWwheelchair-scaled.jpg?resize=350%2C200&ssl=1 1x, https:\/\/i0.wp.com\/bizautom.com\/wp-content\/uploads\/2023\/09\/PS-ROWwheelchair-scaled.jpg?resize=525%2C300&ssl=1 1.5x, https:\/\/i0.wp.com\/bizautom.com\/wp-content\/uploads\/2023\/09\/PS-ROWwheelchair-scaled.jpg?resize=700%2C400&ssl=1 2x, https:\/\/i0.wp.com\/bizautom.com\/wp-content\/uploads\/2023\/09\/PS-ROWwheelchair-scaled.jpg?resize=1050%2C600&ssl=1 3x, https:\/\/i0.wp.com\/bizautom.com\/wp-content\/uploads\/2023\/09\/PS-ROWwheelchair-scaled.jpg?resize=1400%2C800&ssl=1 4x"},"classes":[]},{"id":1522,"url":"https:\/\/bizautom.com\/pt\/produto\/bizautom-row-on-weigh-scale-with-hand-rails\/","url_meta":{"origin":178,"position":2},"title":"Balan\u00e7a Roll On da BizAutom com trilhos manuais","author":"admin","date":"agosto 29, 2024","format":false,"excerpt":"A balan\u00e7a BizAutom Row On Weigh Scale com trilhos para as m\u00e3os, meticulosamente projetada para medir com precis\u00e3o indiv\u00edduos sentados em v\u00e1rios tipos de cadeiras de rodas, incluindo as el\u00e9tricas.","rel":"","context":"Post similar","block_context":{"text":"Post similar","link":""},"img":{"alt_text":"","src":"https:\/\/i0.wp.com\/bizautom.com\/wp-content\/uploads\/2024\/08\/BA-WCS-HD_ElectricWheelchair.jpg?resize=350%2C200&ssl=1","width":350,"height":200,"srcset":"https:\/\/i0.wp.com\/bizautom.com\/wp-content\/uploads\/2024\/08\/BA-WCS-HD_ElectricWheelchair.jpg?resize=350%2C200&ssl=1 1x, https:\/\/i0.wp.com\/bizautom.com\/wp-content\/uploads\/2024\/08\/BA-WCS-HD_ElectricWheelchair.jpg?resize=525%2C300&ssl=1 1.5x, https:\/\/i0.wp.com\/bizautom.com\/wp-content\/uploads\/2024\/08\/BA-WCS-HD_ElectricWheelchair.jpg?resize=700%2C400&ssl=1 2x, https:\/\/i0.wp.com\/bizautom.com\/wp-content\/uploads\/2024\/08\/BA-WCS-HD_ElectricWheelchair.jpg?resize=1050%2C600&ssl=1 3x"},"classes":[]},{"id":823,"url":"https:\/\/bizautom.com\/pt\/produto\/prime-scales-row-on-weigh-pallet-jack-floor-scale-with-ps-in202-indicator\/","url_meta":{"origin":178,"position":3},"title":"Balan\u00e7as Prime Scales Roll On Weigh Pallet Jack \/ Balan\u00e7a de piso com indicador PS-IN202","author":"admin","date":"julho 18, 2023","format":false,"excerpt":"Quando se trata de pesar esses objetos, uma rampa \u00e9 essencial, e nossas balan\u00e7as Roll On Weigh oferecem exatamente isso. O design inovador garante que, quando as rodas da paleteira, da carreta, do carrinho ou da cadeira de rodas tocam a rampa, ela se abaixa suavemente at\u00e9 o ch\u00e3o, suportando o peso com seguran\u00e7a.","rel":"","context":"Post similar","block_context":{"text":"Post similar","link":""},"img":{"alt_text":"","src":"https:\/\/i0.wp.com\/bizautom.com\/wp-content\/uploads\/2023\/07\/PS-ROWPalletJack-scaled.jpg?resize=350%2C200&ssl=1","width":350,"height":200,"srcset":"https:\/\/i0.wp.com\/bizautom.com\/wp-content\/uploads\/2023\/07\/PS-ROWPalletJack-scaled.jpg?resize=350%2C200&ssl=1 1x, https:\/\/i0.wp.com\/bizautom.com\/wp-content\/uploads\/2023\/07\/PS-ROWPalletJack-scaled.jpg?resize=525%2C300&ssl=1 1.5x, https:\/\/i0.wp.com\/bizautom.com\/wp-content\/uploads\/2023\/07\/PS-ROWPalletJack-scaled.jpg?resize=700%2C400&ssl=1 2x, https:\/\/i0.wp.com\/bizautom.com\/wp-content\/uploads\/2023\/07\/PS-ROWPalletJack-scaled.jpg?resize=1050%2C600&ssl=1 3x, https:\/\/i0.wp.com\/bizautom.com\/wp-content\/uploads\/2023\/07\/PS-ROWPalletJack-scaled.jpg?resize=1400%2C800&ssl=1 4x"},"classes":[]},{"id":1001,"url":"https:\/\/bizautom.com\/pt\/produto\/prime-scales-ps-700as4422-livestock-scale-veterinary-scale-with-indicator\/","url_meta":{"origin":178,"position":4},"title":"Prime Scales PS-700AS4422 Balan\u00e7a para gado | Balan\u00e7a veterin\u00e1ria com indicador","author":"admin","date":"julho 19, 2023","format":false,"excerpt":"Garanta o monitoramento preciso e eficaz da sa\u00fade dos animais em v\u00e1rios est\u00e1gios de crescimento com o uso de balan\u00e7as para gado. A pesagem de animais \u00e9 um aspecto crucial das opera\u00e7\u00f5es agr\u00edcolas, ajudando a manter o desempenho ideal e garantindo seu bem-estar.","rel":"","context":"Post similar","block_context":{"text":"Post similar","link":""},"img":{"alt_text":"","src":"https:\/\/i0.wp.com\/bizautom.com\/wp-content\/uploads\/2023\/07\/CloudAnimalScale-Pig.jpg?resize=350%2C200&ssl=1","width":350,"height":200,"srcset":"https:\/\/i0.wp.com\/bizautom.com\/wp-content\/uploads\/2023\/07\/CloudAnimalScale-Pig.jpg?resize=350%2C200&ssl=1 1x, https:\/\/i0.wp.com\/bizautom.com\/wp-content\/uploads\/2023\/07\/CloudAnimalScale-Pig.jpg?resize=525%2C300&ssl=1 1.5x, https:\/\/i0.wp.com\/bizautom.com\/wp-content\/uploads\/2023\/07\/CloudAnimalScale-Pig.jpg?resize=700%2C400&ssl=1 2x, https:\/\/i0.wp.com\/bizautom.com\/wp-content\/uploads\/2023\/07\/CloudAnimalScale-Pig.jpg?resize=1050%2C600&ssl=1 3x, https:\/\/i0.wp.com\/bizautom.com\/wp-content\/uploads\/2023\/07\/CloudAnimalScale-Pig.jpg?resize=1400%2C800&ssl=1 4x"},"classes":[]},{"id":2190,"url":"https:\/\/bizautom.com\/pt\/produto\/prime-scales-ps-10kf-pf-mobile-industrial-floor-scale-with-frame-lift-channels-and-indicator-pole\/","url_meta":{"origin":178,"position":5},"title":"Balan\u00e7as Prime Scales PS-10KF-PF Balan\u00e7a de piso industrial m\u00f3vel com estrutura, canais de eleva\u00e7\u00e3o e poste indicador","author":"admin","date":"mar\u00e7o 11, 2025","format":false,"excerpt":"Upgrade your weighing process with the PS-10KF-PF Mobile Industrial Floor Scale\u2014built for reliability, precision, and ease of use in any industrial setting.","rel":"","context":"Post similar","block_context":{"text":"Post similar","link":""},"img":{"alt_text":"","src":"https:\/\/i0.wp.com\/bizautom.com\/wp-content\/uploads\/2025\/03\/PS-10KF-PF.jpg?resize=350%2C200&ssl=1","width":350,"height":200,"srcset":"https:\/\/i0.wp.com\/bizautom.com\/wp-content\/uploads\/2025\/03\/PS-10KF-PF.jpg?resize=350%2C200&ssl=1 1x, https:\/\/i0.wp.com\/bizautom.com\/wp-content\/uploads\/2025\/03\/PS-10KF-PF.jpg?resize=525%2C300&ssl=1 1.5x, https:\/\/i0.wp.com\/bizautom.com\/wp-content\/uploads\/2025\/03\/PS-10KF-PF.jpg?resize=700%2C400&ssl=1 2x, https:\/\/i0.wp.com\/bizautom.com\/wp-content\/uploads\/2025\/03\/PS-10KF-PF.jpg?resize=1050%2C600&ssl=1 3x"},"classes":[]}],"jetpack_sharing_enabled":true,"_links":{"self":[{"href":"https:\/\/bizautom.com\/pt\/wp-json\/wp\/v2\/product\/178","targetHints":{"allow":["GET"]}}],"collection":[{"href":"https:\/\/bizautom.com\/pt\/wp-json\/wp\/v2\/product"}],"about":[{"href":"https:\/\/bizautom.com\/pt\/wp-json\/wp\/v2\/types\/product"}],"replies":[{"embeddable":true,"href":"https:\/\/bizautom.com\/pt\/wp-json\/wp\/v2\/comments?post=178"}],"version-history":[{"count":1,"href":"https:\/\/bizautom.com\/pt\/wp-json\/wp\/v2\/product\/178\/revisions"}],"predecessor-version":[{"id":577,"href":"https:\/\/bizautom.com\/pt\/wp-json\/wp\/v2\/product\/178\/revisions\/577"}],"wp:featuredmedia":[{"embeddable":true,"href":"https:\/\/bizautom.com\/pt\/wp-json\/wp\/v2\/media\/1170"}],"wp:attachment":[{"href":"https:\/\/bizautom.com\/pt\/wp-json\/wp\/v2\/media?parent=178"}],"wp:term":[{"taxonomy":"product_brand","embeddable":true,"href":"https:\/\/bizautom.com\/pt\/wp-json\/wp\/v2\/product_brand?post=178"},{"taxonomy":"product_cat","embeddable":true,"href":"https:\/\/bizautom.com\/pt\/wp-json\/wp\/v2\/product_cat?post=178"},{"taxonomy":"product_tag","embeddable":true,"href":"https:\/\/bizautom.com\/pt\/wp-json\/wp\/v2\/product_tag?post=178"}],"curies":[{"name":"wp","href":"https:\/\/api.w.org\/{rel}","templated":true}]}}