{"id":2190,"date":"2025-03-11T11:51:40","date_gmt":"2025-03-11T15:51:40","guid":{"rendered":"https:\/\/bizautom.com\/?post_type=product&#038;p=2190"},"modified":"2026-05-04T14:53:59","modified_gmt":"2026-05-04T18:53:59","slug":"prime-scales-ps-10kf-pf-mobile-industrial-floor-scale-with-frame-lift-channels-and-indicator-pole","status":"publish","type":"product","link":"https:\/\/bizautom.com\/pt\/produto\/prime-scales-ps-10kf-pf-mobile-industrial-floor-scale-with-frame-lift-channels-and-indicator-pole\/","title":{"rendered":"Balan\u00e7as Prime Scales PS-10KF-PF Balan\u00e7a de piso industrial m\u00f3vel com estrutura, canais de eleva\u00e7\u00e3o e poste indicador"},"content":{"rendered":"<p data-start=\"151\" data-end=\"451\">Maximize a efici\u00eancia e a precis\u00e3o em suas opera\u00e7\u00f5es de pesagem industrial com o <strong data-start=\"232\" data-end=\"276\">Balan\u00e7a de piso industrial m\u00f3vel PS-10KF-PF<\/strong>. Projetada para armaz\u00e9ns, f\u00e1bricas e centros de distribui\u00e7\u00e3o, essa balan\u00e7a para servi\u00e7os pesados oferece precis\u00e3o, durabilidade e mobilidade para uma integra\u00e7\u00e3o perfeita em seu fluxo de trabalho.<\/p>\n<h3 data-start=\"453\" data-end=\"476\"><strong data-start=\"457\" data-end=\"474\">Principais recursos:<\/strong><\/h3>\n<ul data-start=\"477\" data-end=\"1959\">\n<li data-start=\"477\" data-end=\"621\"><strong data-start=\"479\" data-end=\"507\">Constru\u00e7\u00e3o para servi\u00e7os pesados:<\/strong> Projetado para suportar ambientes industriais exigentes, garantindo um desempenho duradouro sob cargas pesadas.<\/li>\n<li data-start=\"622\" data-end=\"783\"><strong data-start=\"624\" data-end=\"649\">Alta capacidade de peso:<\/strong> Suporta at\u00e9 <strong data-start=\"665\" data-end=\"679\">10.000 lbs<\/strong> com <strong data-start=\"685\" data-end=\"704\">Incrementos de 1 lb<\/strong>O que o torna ideal para pesar qualquer coisa, desde pequenos pacotes at\u00e9 grandes paletes.<\/li>\n<li data-start=\"784\" data-end=\"925\"><strong data-start=\"786\" data-end=\"811\">C\u00e9lulas de carga de precis\u00e3o:<\/strong> As c\u00e9lulas de carga avan\u00e7adas fornecem medi\u00e7\u00f5es altamente precisas e consistentes para eliminar erros em suas opera\u00e7\u00f5es.<\/li>\n<li data-start=\"926\" data-end=\"1053\"><strong data-start=\"928\" data-end=\"950\">Plataforma espa\u00e7osa:<\/strong> Dispon\u00edvel em v\u00e1rios tamanhos para acomodar uma variedade de mercadorias, garantindo conveni\u00eancia e versatilidade.<\/li>\n<li data-start=\"1054\" data-end=\"1192\"><strong data-start=\"1056\" data-end=\"1074\">Design m\u00f3vel:<\/strong> Transporte facilmente a balan\u00e7a usando uma empilhadeira ou paleteira, gra\u00e7as \u00e0 estrutura robusta integrada e ao poste indicador.<\/li>\n<li data-start=\"1193\" data-end=\"1325\"><strong data-start=\"1195\" data-end=\"1223\">Interface amig\u00e1vel ao usu\u00e1rio:<\/strong> Os controles intuitivos permitem uma opera\u00e7\u00e3o r\u00e1pida e precisa, economizando tempo em ambientes industriais movimentados.<\/li>\n<li data-start=\"1326\" data-end=\"1440\"><strong data-start=\"1328\" data-end=\"1349\">Calibra\u00e7\u00e3o f\u00e1cil:<\/strong> O processo de calibra\u00e7\u00e3o simples garante precis\u00e3o a longo prazo com o m\u00ednimo de ajustes necess\u00e1rios.<\/li>\n<li data-start=\"1441\" data-end=\"1582\"><strong data-start=\"1443\" data-end=\"1465\">Conectividade de dados:<\/strong> Integre-se perfeitamente aos seus sistemas industriais ou softwares existentes para rastreamento e gerenciamento eficientes de dados.<\/li>\n<li data-start=\"1583\" data-end=\"1697\"><strong data-start=\"1585\" data-end=\"1609\">Prote\u00e7\u00e3o contra sobrecarga:<\/strong> Protege a balan\u00e7a e sua carga de poss\u00edveis danos devido ao peso excessivo.<\/li>\n<li data-start=\"1698\" data-end=\"1829\"><strong data-start=\"1700\" data-end=\"1723\">Design de perfil baixo:<\/strong> Permite f\u00e1cil carregamento e descarregamento, melhorando a efici\u00eancia do fluxo de trabalho e minimizando o esfor\u00e7o dos operadores.<\/li>\n<li data-start=\"1830\" data-end=\"1959\"><strong data-start=\"1832\" data-end=\"1859\">Aplica\u00e7\u00f5es vers\u00e1teis:<\/strong> Perfeito para remessas de entrada e sa\u00edda, gerenciamento de estoque e processos de controle de qualidade.<\/li>\n<\/ul>\n<h3 data-start=\"1961\" data-end=\"1994\"><strong data-start=\"1965\" data-end=\"1992\">Op\u00e7\u00f5es de tamanho dispon\u00edveis:<\/strong><\/h3>\n<ul data-start=\"1995\" data-end=\"2074\">\n<li data-start=\"1995\" data-end=\"2034\"><strong data-start=\"1997\" data-end=\"2016\">PS-10KF-4848PF:<\/strong> 52\" x 52\" x 48\"<\/li>\n<li data-start=\"2035\" data-end=\"2074\"><strong data-start=\"2037\" data-end=\"2056\">PS-10KF-6060PF:<\/strong> 64\" x 64\" x 48\"<\/li>\n<\/ul>","protected":false},"excerpt":{"rendered":"<p>Atualize seu processo de pesagem com o <strong data-start=\"2115\" data-end=\"2159\">Balan\u00e7a de piso industrial m\u00f3vel PS-10KF-PF<\/strong>-Constru\u00eddo para oferecer confiabilidade, precis\u00e3o e facilidade de uso em qualquer ambiente industrial.<\/p>","protected":false},"featured_media":2193,"comment_status":"open","ping_status":"closed","template":"","meta":[],"product_brand":[41],"product_cat":[15,30],"product_tag":[131],"class_list":{"0":"post-2190","1":"product","2":"type-product","3":"status-publish","4":"has-post-thumbnail","6":"product_brand-prime-scales","7":"product_cat-industrial-equipment","8":"product_cat-industrial-scales","9":"product_tag-floor-scale","11":"first","12":"instock","13":"taxable","14":"shipping-taxable","15":"product-type-variable"},"yoast_head":"<!-- This site is optimized with the Yoast SEO plugin v27.5 - https:\/\/yoast.com\/product\/yoast-seo-wordpress\/ -->\n<title>Prime Scales PS-10KF-PF Mobile Industrial Floor Scale with Frame, Lift Channels and Indicator Pole - BizAutom<\/title>\n<meta name=\"robots\" content=\"index, follow, max-snippet:-1, max-image-preview:large, max-video-preview:-1\" \/>\n<link rel=\"canonical\" href=\"https:\/\/bizautom.com\/pt\/produto\/prime-scales-ps-10kf-pf-mobile-industrial-floor-scale-with-frame-lift-channels-and-indicator-pole\/\" \/>\n<meta property=\"og:locale\" content=\"pt_BR\" \/>\n<meta property=\"og:type\" content=\"article\" \/>\n<meta property=\"og:title\" content=\"Prime Scales PS-10KF-PF Mobile Industrial Floor Scale with Frame, Lift Channels and Indicator Pole - BizAutom\" \/>\n<meta property=\"og:description\" content=\"Upgrade your weighing process with the PS-10KF-PF Mobile Industrial Floor Scale\u2014built for reliability, precision, and ease of use in any industrial setting.\" \/>\n<meta property=\"og:url\" content=\"https:\/\/bizautom.com\/pt\/produto\/prime-scales-ps-10kf-pf-mobile-industrial-floor-scale-with-frame-lift-channels-and-indicator-pole\/\" \/>\n<meta property=\"og:site_name\" content=\"BizAutom\" \/>\n<meta property=\"article:publisher\" content=\"https:\/\/www.facebook.com\/people\/TINGCHEN-BizAutom\/61565746662873\/\" \/>\n<meta property=\"article:modified_time\" content=\"2026-05-04T18:53:59+00:00\" \/>\n<meta property=\"og:image\" content=\"https:\/\/bizautom.com\/wp-content\/uploads\/2025\/03\/PS-10KF-PF.jpg\" \/>\n\t<meta property=\"og:image:width\" content=\"1279\" \/>\n\t<meta property=\"og:image:height\" content=\"1282\" \/>\n\t<meta property=\"og:image:type\" content=\"image\/jpeg\" \/>\n<meta name=\"twitter:card\" content=\"summary_large_image\" \/>\n<meta name=\"twitter:label1\" content=\"Est. tempo de leitura\" \/>\n\t<meta name=\"twitter:data1\" content=\"2 minutos\" \/>\n<!-- \/ Yoast SEO plugin. -->","yoast_head_json":{"title":"Prime Scales PS-10KF-PF Mobile Industrial Floor Scale with Frame, Lift Channels and Indicator Pole - BizAutom","robots":{"index":"index","follow":"follow","max-snippet":"max-snippet:-1","max-image-preview":"max-image-preview:large","max-video-preview":"max-video-preview:-1"},"canonical":"https:\/\/bizautom.com\/pt\/produto\/prime-scales-ps-10kf-pf-mobile-industrial-floor-scale-with-frame-lift-channels-and-indicator-pole\/","og_locale":"pt_BR","og_type":"article","og_title":"Prime Scales PS-10KF-PF Mobile Industrial Floor Scale with Frame, Lift Channels and Indicator Pole - BizAutom","og_description":"Upgrade your weighing process with the PS-10KF-PF Mobile Industrial Floor Scale\u2014built for reliability, precision, and ease of use in any industrial setting.","og_url":"https:\/\/bizautom.com\/pt\/produto\/prime-scales-ps-10kf-pf-mobile-industrial-floor-scale-with-frame-lift-channels-and-indicator-pole\/","og_site_name":"BizAutom","article_publisher":"https:\/\/www.facebook.com\/people\/TINGCHEN-BizAutom\/61565746662873\/","article_modified_time":"2026-05-04T18:53:59+00:00","og_image":[{"width":1279,"height":1282,"url":"https:\/\/bizautom.com\/wp-content\/uploads\/2025\/03\/PS-10KF-PF.jpg","type":"image\/jpeg"}],"twitter_card":"summary_large_image","twitter_misc":{"Est. tempo de leitura":"2 minutos"},"schema":{"@context":"https:\/\/schema.org","@graph":[{"@type":"WebPage","@id":"https:\/\/bizautom.com\/product\/prime-scales-ps-10kf-pf-mobile-industrial-floor-scale-with-frame-lift-channels-and-indicator-pole\/","url":"https:\/\/bizautom.com\/product\/prime-scales-ps-10kf-pf-mobile-industrial-floor-scale-with-frame-lift-channels-and-indicator-pole\/","name":"Prime Scales PS-10KF-PF Mobile Industrial Floor Scale with Frame, Lift Channels and Indicator Pole - BizAutom","isPartOf":{"@id":"https:\/\/bizautom.com\/#website"},"primaryImageOfPage":{"@id":"https:\/\/bizautom.com\/product\/prime-scales-ps-10kf-pf-mobile-industrial-floor-scale-with-frame-lift-channels-and-indicator-pole\/#primaryimage"},"image":{"@id":"https:\/\/bizautom.com\/product\/prime-scales-ps-10kf-pf-mobile-industrial-floor-scale-with-frame-lift-channels-and-indicator-pole\/#primaryimage"},"thumbnailUrl":"https:\/\/bizautom.com\/wp-content\/uploads\/2025\/03\/PS-10KF-PF.jpg","datePublished":"2025-03-11T15:51:40+00:00","dateModified":"2026-05-04T18:53:59+00:00","breadcrumb":{"@id":"https:\/\/bizautom.com\/product\/prime-scales-ps-10kf-pf-mobile-industrial-floor-scale-with-frame-lift-channels-and-indicator-pole\/#breadcrumb"},"inLanguage":"pt-BR","potentialAction":[{"@type":"ReadAction","target":["https:\/\/bizautom.com\/product\/prime-scales-ps-10kf-pf-mobile-industrial-floor-scale-with-frame-lift-channels-and-indicator-pole\/"]}]},{"@type":"ImageObject","inLanguage":"pt-BR","@id":"https:\/\/bizautom.com\/product\/prime-scales-ps-10kf-pf-mobile-industrial-floor-scale-with-frame-lift-channels-and-indicator-pole\/#primaryimage","url":"https:\/\/bizautom.com\/wp-content\/uploads\/2025\/03\/PS-10KF-PF.jpg","contentUrl":"https:\/\/bizautom.com\/wp-content\/uploads\/2025\/03\/PS-10KF-PF.jpg","width":1279,"height":1282},{"@type":"BreadcrumbList","@id":"https:\/\/bizautom.com\/product\/prime-scales-ps-10kf-pf-mobile-industrial-floor-scale-with-frame-lift-channels-and-indicator-pole\/#breadcrumb","itemListElement":[{"@type":"ListItem","position":1,"name":"Home","item":"https:\/\/bizautom.com\/"},{"@type":"ListItem","position":2,"name":"Shop","item":"https:\/\/bizautom.com\/shop-2\/"},{"@type":"ListItem","position":3,"name":"Prime Scales PS-10KF-PF Mobile Industrial Floor Scale with Frame, Lift Channels and Indicator Pole"}]},{"@type":"WebSite","@id":"https:\/\/bizautom.com\/#website","url":"https:\/\/bizautom.com\/","name":"BizAutom","description":"R\u00e1pido. Preciso. Inteligente.","publisher":{"@id":"https:\/\/bizautom.com\/#organization"},"potentialAction":[{"@type":"SearchAction","target":{"@type":"EntryPoint","urlTemplate":"https:\/\/bizautom.com\/?s={search_term_string}"},"query-input":{"@type":"PropertyValueSpecification","valueRequired":true,"valueName":"search_term_string"}}],"inLanguage":"pt-BR"},{"@type":"Organization","@id":"https:\/\/bizautom.com\/#organization","name":"BizAutom","url":"https:\/\/bizautom.com\/","logo":{"@type":"ImageObject","inLanguage":"pt-BR","@id":"https:\/\/bizautom.com\/#\/schema\/logo\/image\/","url":"https:\/\/bizautom.com\/wp-content\/uploads\/2025\/04\/BizAutom_Logo_1.webp","contentUrl":"https:\/\/bizautom.com\/wp-content\/uploads\/2025\/04\/BizAutom_Logo_1.webp","width":455,"height":326,"caption":"BizAutom"},"image":{"@id":"https:\/\/bizautom.com\/#\/schema\/logo\/image\/"},"sameAs":["https:\/\/www.facebook.com\/people\/TINGCHEN-BizAutom\/61565746662873\/"]}]}},"jetpack-related-posts":[{"id":823,"url":"https:\/\/bizautom.com\/pt\/produto\/prime-scales-row-on-weigh-pallet-jack-floor-scale-with-ps-in202-indicator\/","url_meta":{"origin":2190,"position":0},"title":"Balan\u00e7as Prime Scales Roll On Weigh Pallet Jack \/ Balan\u00e7a de piso com indicador PS-IN202","author":"admin","date":"julho 18, 2023","format":false,"excerpt":"Quando se trata de pesar esses objetos, uma rampa \u00e9 essencial, e nossas balan\u00e7as Roll On Weigh oferecem exatamente isso. O design inovador garante que, quando as rodas da paleteira, da carreta, do carrinho ou da cadeira de rodas tocam a rampa, ela se abaixa suavemente at\u00e9 o ch\u00e3o, suportando o peso com seguran\u00e7a.","rel":"","context":"Post similar","block_context":{"text":"Post similar","link":""},"img":{"alt_text":"","src":"https:\/\/i0.wp.com\/bizautom.com\/wp-content\/uploads\/2023\/07\/PS-ROWPalletJack-scaled.jpg?resize=350%2C200&ssl=1","width":350,"height":200,"srcset":"https:\/\/i0.wp.com\/bizautom.com\/wp-content\/uploads\/2023\/07\/PS-ROWPalletJack-scaled.jpg?resize=350%2C200&ssl=1 1x, https:\/\/i0.wp.com\/bizautom.com\/wp-content\/uploads\/2023\/07\/PS-ROWPalletJack-scaled.jpg?resize=525%2C300&ssl=1 1.5x, https:\/\/i0.wp.com\/bizautom.com\/wp-content\/uploads\/2023\/07\/PS-ROWPalletJack-scaled.jpg?resize=700%2C400&ssl=1 2x, https:\/\/i0.wp.com\/bizautom.com\/wp-content\/uploads\/2023\/07\/PS-ROWPalletJack-scaled.jpg?resize=1050%2C600&ssl=1 3x, https:\/\/i0.wp.com\/bizautom.com\/wp-content\/uploads\/2023\/07\/PS-ROWPalletJack-scaled.jpg?resize=1400%2C800&ssl=1 4x"},"classes":[]},{"id":1001,"url":"https:\/\/bizautom.com\/pt\/produto\/prime-scales-ps-700as4422-livestock-scale-veterinary-scale-with-indicator\/","url_meta":{"origin":2190,"position":1},"title":"Prime Scales PS-700AS4422 Balan\u00e7a para gado | Balan\u00e7a veterin\u00e1ria com indicador","author":"admin","date":"julho 19, 2023","format":false,"excerpt":"Garanta o monitoramento preciso e eficaz da sa\u00fade dos animais em v\u00e1rios est\u00e1gios de crescimento com o uso de balan\u00e7as para gado. A pesagem de animais \u00e9 um aspecto crucial das opera\u00e7\u00f5es agr\u00edcolas, ajudando a manter o desempenho ideal e garantindo seu bem-estar.","rel":"","context":"Post similar","block_context":{"text":"Post similar","link":""},"img":{"alt_text":"","src":"https:\/\/i0.wp.com\/bizautom.com\/wp-content\/uploads\/2023\/07\/CloudAnimalScale-Pig.jpg?resize=350%2C200&ssl=1","width":350,"height":200,"srcset":"https:\/\/i0.wp.com\/bizautom.com\/wp-content\/uploads\/2023\/07\/CloudAnimalScale-Pig.jpg?resize=350%2C200&ssl=1 1x, https:\/\/i0.wp.com\/bizautom.com\/wp-content\/uploads\/2023\/07\/CloudAnimalScale-Pig.jpg?resize=525%2C300&ssl=1 1.5x, https:\/\/i0.wp.com\/bizautom.com\/wp-content\/uploads\/2023\/07\/CloudAnimalScale-Pig.jpg?resize=700%2C400&ssl=1 2x, https:\/\/i0.wp.com\/bizautom.com\/wp-content\/uploads\/2023\/07\/CloudAnimalScale-Pig.jpg?resize=1050%2C600&ssl=1 3x, https:\/\/i0.wp.com\/bizautom.com\/wp-content\/uploads\/2023\/07\/CloudAnimalScale-Pig.jpg?resize=1400%2C800&ssl=1 4x"},"classes":[]},{"id":3667,"url":"https:\/\/bizautom.com\/pt\/produto\/prime-scales-ps-b99ss-stainless-steel-portion-scale\/","url_meta":{"origin":2190,"position":2},"title":"Balan\u00e7as Prime Scales PS-B99SS Balan\u00e7a de por\u00e7\u00f5es de a\u00e7o inoxid\u00e1vel","author":"admin","date":"abril 3, 2025","format":false,"excerpt":"Upgrade your weighing system with the PS-B99SS and experience the perfect balance of accuracy, durability, and convenience!","rel":"","context":"Post similar","block_context":{"text":"Post similar","link":""},"img":{"alt_text":"","src":"https:\/\/i0.wp.com\/bizautom.com\/wp-content\/uploads\/2025\/04\/PS-B99SS-scaled.webp?resize=350%2C200&ssl=1","width":350,"height":200,"srcset":"https:\/\/i0.wp.com\/bizautom.com\/wp-content\/uploads\/2025\/04\/PS-B99SS-scaled.webp?resize=350%2C200&ssl=1 1x, https:\/\/i0.wp.com\/bizautom.com\/wp-content\/uploads\/2025\/04\/PS-B99SS-scaled.webp?resize=525%2C300&ssl=1 1.5x, https:\/\/i0.wp.com\/bizautom.com\/wp-content\/uploads\/2025\/04\/PS-B99SS-scaled.webp?resize=700%2C400&ssl=1 2x, https:\/\/i0.wp.com\/bizautom.com\/wp-content\/uploads\/2025\/04\/PS-B99SS-scaled.webp?resize=1050%2C600&ssl=1 3x, https:\/\/i0.wp.com\/bizautom.com\/wp-content\/uploads\/2025\/04\/PS-B99SS-scaled.webp?resize=1400%2C800&ssl=1 4x"},"classes":[]},{"id":950,"url":"https:\/\/bizautom.com\/pt\/produto\/prime-scales-ps-b130-130x0-005lb-hi-definition-bench-scale-shipping-scale\/","url_meta":{"origin":2190,"position":3},"title":"Prime Scales PS-B130 130\u00d70.005lb Hi Definition Bench Scale | Shipping Scale","author":"admin","date":"julho 18, 2023","format":false,"excerpt":"A PS-B130 \u00e9 a nossa balan\u00e7a multifuncional para as necessidades do seu departamento de expedi\u00e7\u00e3o. Com essa nova balan\u00e7a, voc\u00ea n\u00e3o precisa mais de v\u00e1rias balan\u00e7as para pesos diferentes.","rel":"","context":"Post similar","block_context":{"text":"Post similar","link":""},"img":{"alt_text":"","src":"https:\/\/i0.wp.com\/bizautom.com\/wp-content\/uploads\/2023\/07\/PS-B130-Clean.jpg?resize=350%2C200&ssl=1","width":350,"height":200,"srcset":"https:\/\/i0.wp.com\/bizautom.com\/wp-content\/uploads\/2023\/07\/PS-B130-Clean.jpg?resize=350%2C200&ssl=1 1x, https:\/\/i0.wp.com\/bizautom.com\/wp-content\/uploads\/2023\/07\/PS-B130-Clean.jpg?resize=525%2C300&ssl=1 1.5x, https:\/\/i0.wp.com\/bizautom.com\/wp-content\/uploads\/2023\/07\/PS-B130-Clean.jpg?resize=700%2C400&ssl=1 2x, https:\/\/i0.wp.com\/bizautom.com\/wp-content\/uploads\/2023\/07\/PS-B130-Clean.jpg?resize=1050%2C600&ssl=1 3x, https:\/\/i0.wp.com\/bizautom.com\/wp-content\/uploads\/2023\/07\/PS-B130-Clean.jpg?resize=1400%2C800&ssl=1 4x"},"classes":[]},{"id":2031,"url":"https:\/\/bizautom.com\/pt\/produto\/bizautom-pi-ii-scale-the-ultimate-round-weighing-solution\/","url_meta":{"origin":2190,"position":4},"title":"Balan\u00e7a PI-II da BizAutom: A solu\u00e7\u00e3o definitiva de pesagem redonda","author":"admin","date":"fevereiro 28, 2025","format":false,"excerpt":"Introducing the BizAutom PI-II Scale \u2013 a game-changing innovation for modern weighing applications. Designed with versatility, efficiency, and durability in mind, the PI-II Scale is the perfect solution for operations requiring seamless integration with turntable stretch wrappers or as a standalone floor scale.","rel":"","context":"Post similar","block_context":{"text":"Post similar","link":""},"img":{"alt_text":"","src":"https:\/\/i0.wp.com\/bizautom.com\/wp-content\/uploads\/2025\/02\/PIPS-IN202SSP.jpg?resize=350%2C200&ssl=1","width":350,"height":200,"srcset":"https:\/\/i0.wp.com\/bizautom.com\/wp-content\/uploads\/2025\/02\/PIPS-IN202SSP.jpg?resize=350%2C200&ssl=1 1x, https:\/\/i0.wp.com\/bizautom.com\/wp-content\/uploads\/2025\/02\/PIPS-IN202SSP.jpg?resize=525%2C300&ssl=1 1.5x, https:\/\/i0.wp.com\/bizautom.com\/wp-content\/uploads\/2025\/02\/PIPS-IN202SSP.jpg?resize=700%2C400&ssl=1 2x, https:\/\/i0.wp.com\/bizautom.com\/wp-content\/uploads\/2025\/02\/PIPS-IN202SSP.jpg?resize=1050%2C600&ssl=1 3x, https:\/\/i0.wp.com\/bizautom.com\/wp-content\/uploads\/2025\/02\/PIPS-IN202SSP.jpg?resize=1400%2C800&ssl=1 4x"},"classes":[]},{"id":975,"url":"https:\/\/bizautom.com\/pt\/produto\/prime-scales-industrial-floor-scale-with-indicator-precision-reliability-and-efficiency-combined\/","url_meta":{"origin":2190,"position":5},"title":"Balan\u00e7as Prime Scales Balan\u00e7a de piso industrial com indicador - precis\u00e3o, confiabilidade e efici\u00eancia combinadas","author":"admin","date":"julho 19, 2023","format":false,"excerpt":"Invest in the Prime Scales Industrial Floor Scale today and empower your industrial facility with the accuracy, efficiency, and durability required to excel in today's fast-paced business landscape. Streamline your weighing processes and take your industrial operations to new heights with confidence.","rel":"","context":"Post similar","block_context":{"text":"Post similar","link":""},"img":{"alt_text":"Prime Scales PS-10000F","src":"https:\/\/i0.wp.com\/bizautom.com\/wp-content\/uploads\/2023\/07\/FloorScale202-scaled.jpg?resize=350%2C200&ssl=1","width":350,"height":200,"srcset":"https:\/\/i0.wp.com\/bizautom.com\/wp-content\/uploads\/2023\/07\/FloorScale202-scaled.jpg?resize=350%2C200&ssl=1 1x, https:\/\/i0.wp.com\/bizautom.com\/wp-content\/uploads\/2023\/07\/FloorScale202-scaled.jpg?resize=525%2C300&ssl=1 1.5x, https:\/\/i0.wp.com\/bizautom.com\/wp-content\/uploads\/2023\/07\/FloorScale202-scaled.jpg?resize=700%2C400&ssl=1 2x, https:\/\/i0.wp.com\/bizautom.com\/wp-content\/uploads\/2023\/07\/FloorScale202-scaled.jpg?resize=1050%2C600&ssl=1 3x, https:\/\/i0.wp.com\/bizautom.com\/wp-content\/uploads\/2023\/07\/FloorScale202-scaled.jpg?resize=1400%2C800&ssl=1 4x"},"classes":[]}],"jetpack_sharing_enabled":true,"_links":{"self":[{"href":"https:\/\/bizautom.com\/pt\/wp-json\/wp\/v2\/product\/2190","targetHints":{"allow":["GET"]}}],"collection":[{"href":"https:\/\/bizautom.com\/pt\/wp-json\/wp\/v2\/product"}],"about":[{"href":"https:\/\/bizautom.com\/pt\/wp-json\/wp\/v2\/types\/product"}],"replies":[{"embeddable":true,"href":"https:\/\/bizautom.com\/pt\/wp-json\/wp\/v2\/comments?post=2190"}],"version-history":[{"count":2,"href":"https:\/\/bizautom.com\/pt\/wp-json\/wp\/v2\/product\/2190\/revisions"}],"predecessor-version":[{"id":2196,"href":"https:\/\/bizautom.com\/pt\/wp-json\/wp\/v2\/product\/2190\/revisions\/2196"}],"wp:featuredmedia":[{"embeddable":true,"href":"https:\/\/bizautom.com\/pt\/wp-json\/wp\/v2\/media\/2193"}],"wp:attachment":[{"href":"https:\/\/bizautom.com\/pt\/wp-json\/wp\/v2\/media?parent=2190"}],"wp:term":[{"taxonomy":"product_brand","embeddable":true,"href":"https:\/\/bizautom.com\/pt\/wp-json\/wp\/v2\/product_brand?post=2190"},{"taxonomy":"product_cat","embeddable":true,"href":"https:\/\/bizautom.com\/pt\/wp-json\/wp\/v2\/product_cat?post=2190"},{"taxonomy":"product_tag","embeddable":true,"href":"https:\/\/bizautom.com\/pt\/wp-json\/wp\/v2\/product_tag?post=2190"}],"curies":[{"name":"wp","href":"https:\/\/api.w.org\/{rel}","templated":true}]}}