{"id":2829,"date":"2025-03-26T03:57:32","date_gmt":"2025-03-26T07:57:32","guid":{"rendered":"https:\/\/bizautom.com\/?post_type=product&#038;p=2829"},"modified":"2026-05-04T14:52:23","modified_gmt":"2026-05-04T18:52:23","slug":"fulinks-super-sensor-fl-tag-tm","status":"publish","type":"product","link":"https:\/\/bizautom.com\/pt\/produto\/fulinks-super-sensor-fl-tag-tm\/","title":{"rendered":"SUPER SENSOR (FL-TAG-TM)"},"content":{"rendered":"<p><strong>ESPECIFICA\u00c7\u00c3O:<\/strong><\/p>\n<p>Modo de opera\u00e7\u00e3o: monitoramento em tempo real de 24 horas<br \/>\nDimens\u00f5es: 3\u2033 x 1,18\u2033 x 0,67\u2033<br \/>\nPeso: 28 g<br \/>\nTemperatura operacional: -30~55\u2103<br \/>\n\u00cdndice de prote\u00e7\u00e3o: IP68<\/p>\n<p>&nbsp;<\/p>\n<p><strong>CARACTER\u00cdSTICAS DO PRODUTO:<\/strong><\/p>\n<ul>\n<li>Dados de detec\u00e7\u00e3o: temperatura, cio, rumina\u00e7\u00e3o, alimenta\u00e7\u00e3o, repouso, sibil\u00e2ncia<\/li>\n<li>Fun\u00e7\u00f5es: Relat\u00f3rio de anormalidade de sa\u00fade, relat\u00f3rio de cio, relat\u00f3rio de vaca com cio, relat\u00f3rio de febre e baixa temperatura, relat\u00f3rio de claudica\u00e7\u00e3o e movimento anormal, envio de informa\u00e7\u00f5es de aviso pr\u00e9vio direcional<\/li>\n<li>Modo de montagem: o corpo pode ser desmontado<\/li>\n<li>Transmiss\u00e3o de ultralonga dist\u00e2ncia de 3 quil\u00f4metros, adequada para fazendas de todos os tamanhos<\/li>\n<\/ul>","protected":false},"excerpt":{"rendered":"<p>Temperatura corporal central, cio, rumina\u00e7\u00e3o, alimenta\u00e7\u00e3o, descanso e monitoramento de atividades.<\/p>","protected":false},"featured_media":2832,"comment_status":"open","ping_status":"closed","template":"","meta":[],"product_brand":[],"product_cat":[151,32,150],"product_tag":[],"class_list":{"0":"post-2829","1":"product","2":"type-product","3":"status-publish","4":"has-post-thumbnail","6":"product_cat-bovivitals-cattle-management-system","7":"product_cat-instruments-parts","8":"product_cat-smart-ear-tag","10":"first","11":"instock","12":"taxable","13":"shipping-taxable","14":"product-type-simple"},"yoast_head":"<!-- This site is optimized with the Yoast SEO plugin v27.5 - https:\/\/yoast.com\/product\/yoast-seo-wordpress\/ -->\n<title>SUPER SENSOR (FL-TAG-TM) - BizAutom<\/title>\n<meta name=\"robots\" content=\"index, follow, max-snippet:-1, max-image-preview:large, max-video-preview:-1\" \/>\n<link rel=\"canonical\" href=\"https:\/\/bizautom.com\/pt\/produto\/fulinks-super-sensor-fl-tag-tm\/\" \/>\n<meta property=\"og:locale\" content=\"pt_BR\" \/>\n<meta property=\"og:type\" content=\"article\" \/>\n<meta property=\"og:title\" content=\"SUPER SENSOR (FL-TAG-TM) - BizAutom\" \/>\n<meta property=\"og:description\" content=\"Core body temperature, estrus, rumination, feeding, rest, and activity monitoring.\" \/>\n<meta property=\"og:url\" content=\"https:\/\/bizautom.com\/pt\/produto\/fulinks-super-sensor-fl-tag-tm\/\" \/>\n<meta property=\"og:site_name\" content=\"BizAutom\" \/>\n<meta property=\"article:publisher\" content=\"https:\/\/www.facebook.com\/people\/TINGCHEN-BizAutom\/61565746662873\/\" \/>\n<meta property=\"article:modified_time\" content=\"2026-05-04T18:52:23+00:00\" \/>\n<meta property=\"og:image\" content=\"https:\/\/bizautom.com\/wp-content\/uploads\/2025\/03\/SUPER-SENSOR-FL-TAG-TM.jpeg\" \/>\n\t<meta property=\"og:image:width\" content=\"378\" \/>\n\t<meta property=\"og:image:height\" content=\"335\" \/>\n\t<meta property=\"og:image:type\" content=\"image\/jpeg\" \/>\n<meta name=\"twitter:card\" content=\"summary_large_image\" \/>\n<meta name=\"twitter:label1\" content=\"Est. tempo de leitura\" \/>\n\t<meta name=\"twitter:data1\" content=\"1 minuto\" \/>\n<!-- \/ Yoast SEO plugin. -->","yoast_head_json":{"title":"SUPER SENSOR (FL-TAG-TM) - BizAutom","robots":{"index":"index","follow":"follow","max-snippet":"max-snippet:-1","max-image-preview":"max-image-preview:large","max-video-preview":"max-video-preview:-1"},"canonical":"https:\/\/bizautom.com\/pt\/produto\/fulinks-super-sensor-fl-tag-tm\/","og_locale":"pt_BR","og_type":"article","og_title":"SUPER SENSOR (FL-TAG-TM) - BizAutom","og_description":"Core body temperature, estrus, rumination, feeding, rest, and activity monitoring.","og_url":"https:\/\/bizautom.com\/pt\/produto\/fulinks-super-sensor-fl-tag-tm\/","og_site_name":"BizAutom","article_publisher":"https:\/\/www.facebook.com\/people\/TINGCHEN-BizAutom\/61565746662873\/","article_modified_time":"2026-05-04T18:52:23+00:00","og_image":[{"width":378,"height":335,"url":"https:\/\/bizautom.com\/wp-content\/uploads\/2025\/03\/SUPER-SENSOR-FL-TAG-TM.jpeg","type":"image\/jpeg"}],"twitter_card":"summary_large_image","twitter_misc":{"Est. tempo de leitura":"1 minuto"},"schema":{"@context":"https:\/\/schema.org","@graph":[{"@type":"WebPage","@id":"https:\/\/bizautom.com\/product\/fulinks-super-sensor-fl-tag-tm\/","url":"https:\/\/bizautom.com\/product\/fulinks-super-sensor-fl-tag-tm\/","name":"SUPER SENSOR (FL-TAG-TM) - BizAutom","isPartOf":{"@id":"https:\/\/bizautom.com\/#website"},"primaryImageOfPage":{"@id":"https:\/\/bizautom.com\/product\/fulinks-super-sensor-fl-tag-tm\/#primaryimage"},"image":{"@id":"https:\/\/bizautom.com\/product\/fulinks-super-sensor-fl-tag-tm\/#primaryimage"},"thumbnailUrl":"https:\/\/bizautom.com\/wp-content\/uploads\/2025\/03\/SUPER-SENSOR-FL-TAG-TM.jpeg","datePublished":"2025-03-26T07:57:32+00:00","dateModified":"2026-05-04T18:52:23+00:00","breadcrumb":{"@id":"https:\/\/bizautom.com\/product\/fulinks-super-sensor-fl-tag-tm\/#breadcrumb"},"inLanguage":"pt-BR","potentialAction":[{"@type":"ReadAction","target":["https:\/\/bizautom.com\/product\/fulinks-super-sensor-fl-tag-tm\/"]}]},{"@type":"ImageObject","inLanguage":"pt-BR","@id":"https:\/\/bizautom.com\/product\/fulinks-super-sensor-fl-tag-tm\/#primaryimage","url":"https:\/\/bizautom.com\/wp-content\/uploads\/2025\/03\/SUPER-SENSOR-FL-TAG-TM.jpeg","contentUrl":"https:\/\/bizautom.com\/wp-content\/uploads\/2025\/03\/SUPER-SENSOR-FL-TAG-TM.jpeg","width":378,"height":335},{"@type":"BreadcrumbList","@id":"https:\/\/bizautom.com\/product\/fulinks-super-sensor-fl-tag-tm\/#breadcrumb","itemListElement":[{"@type":"ListItem","position":1,"name":"Home","item":"https:\/\/bizautom.com\/"},{"@type":"ListItem","position":2,"name":"Shop","item":"https:\/\/bizautom.com\/shop-2\/"},{"@type":"ListItem","position":3,"name":"SUPER SENSOR (FL-TAG-TM)"}]},{"@type":"WebSite","@id":"https:\/\/bizautom.com\/#website","url":"https:\/\/bizautom.com\/","name":"BizAutom","description":"R\u00e1pido. Preciso. Inteligente.","publisher":{"@id":"https:\/\/bizautom.com\/#organization"},"potentialAction":[{"@type":"SearchAction","target":{"@type":"EntryPoint","urlTemplate":"https:\/\/bizautom.com\/?s={search_term_string}"},"query-input":{"@type":"PropertyValueSpecification","valueRequired":true,"valueName":"search_term_string"}}],"inLanguage":"pt-BR"},{"@type":"Organization","@id":"https:\/\/bizautom.com\/#organization","name":"BizAutom","url":"https:\/\/bizautom.com\/","logo":{"@type":"ImageObject","inLanguage":"pt-BR","@id":"https:\/\/bizautom.com\/#\/schema\/logo\/image\/","url":"https:\/\/bizautom.com\/wp-content\/uploads\/2025\/04\/BizAutom_Logo_1.webp","contentUrl":"https:\/\/bizautom.com\/wp-content\/uploads\/2025\/04\/BizAutom_Logo_1.webp","width":455,"height":326,"caption":"BizAutom"},"image":{"@id":"https:\/\/bizautom.com\/#\/schema\/logo\/image\/"},"sameAs":["https:\/\/www.facebook.com\/people\/TINGCHEN-BizAutom\/61565746662873\/"]}]}},"jetpack-related-posts":[{"id":2846,"url":"https:\/\/bizautom.com\/pt\/produto\/fulinks-smart-collar-fl-collar-m\/","url_meta":{"origin":2829,"position":0},"title":"COLARINHO INTELIGENTE (FL-COLLAR-M)","author":"Hitesh Sonwane","date":"mar\u00e7o 26, 2025","format":false,"excerpt":"Cio, rumina\u00e7\u00e3o, alimenta\u00e7\u00e3o, repouso e monitoramento de atividade.","rel":"","context":"Post similar","block_context":{"text":"Post similar","link":""},"img":{"alt_text":"","src":"https:\/\/i0.wp.com\/bizautom.com\/wp-content\/uploads\/2025\/03\/SMART-COLLAR-FL-COLLAR-M.jpeg?resize=350%2C200&ssl=1","width":350,"height":200},"classes":[]},{"id":2840,"url":"https:\/\/bizautom.com\/pt\/produto\/fulinks-smart-ear-tag-fl-tag-m\/","url_meta":{"origin":2829,"position":1},"title":"BRINCO INTELIGENTE (FL-TAG-M)","author":"Hitesh Sonwane","date":"mar\u00e7o 26, 2025","format":false,"excerpt":"Cio, rumina\u00e7\u00e3o, alimenta\u00e7\u00e3o, repouso e monitoramento de atividade.","rel":"","context":"Post similar","block_context":{"text":"Post similar","link":""},"img":{"alt_text":"","src":"https:\/\/i0.wp.com\/bizautom.com\/wp-content\/uploads\/2025\/03\/SMART-EAR-TAG-FL-TAG-M.jpeg?resize=350%2C200&ssl=1","width":350,"height":200},"classes":[]},{"id":1488,"url":"https:\/\/bizautom.com\/pt\/produto\/bizautom-livestox-caged-cattle-scale-with-bio-microchip-thermometer-and-scada-system\/","url_meta":{"origin":2829,"position":2},"title":"BizAutom LivestoX Balan\u00e7a para gado engaiolado com term\u00f4metro de microchip biol\u00f3gico e sistema SCADA","author":"admin","date":"agosto 14, 2024","format":false,"excerpt":"A BizAutom LivestoX Caged Cattle Scale with Bio Microchip Thermometer and SCADA System \u00e9 um investimento essencial para os fazendeiros que buscam aprimorar suas pr\u00e1ticas de gerenciamento de gado com tecnologia de ponta.","rel":"","context":"Post similar","block_context":{"text":"Post similar","link":""},"img":{"alt_text":"","src":"https:\/\/i0.wp.com\/bizautom.com\/wp-content\/uploads\/2024\/08\/LiveStoX-scaled.jpg?resize=350%2C200&ssl=1","width":350,"height":200,"srcset":"https:\/\/i0.wp.com\/bizautom.com\/wp-content\/uploads\/2024\/08\/LiveStoX-scaled.jpg?resize=350%2C200&ssl=1 1x, https:\/\/i0.wp.com\/bizautom.com\/wp-content\/uploads\/2024\/08\/LiveStoX-scaled.jpg?resize=525%2C300&ssl=1 1.5x, https:\/\/i0.wp.com\/bizautom.com\/wp-content\/uploads\/2024\/08\/LiveStoX-scaled.jpg?resize=700%2C400&ssl=1 2x, https:\/\/i0.wp.com\/bizautom.com\/wp-content\/uploads\/2024\/08\/LiveStoX-scaled.jpg?resize=1050%2C600&ssl=1 3x, https:\/\/i0.wp.com\/bizautom.com\/wp-content\/uploads\/2024\/08\/LiveStoX-scaled.jpg?resize=1400%2C800&ssl=1 4x"},"classes":[]},{"id":2894,"url":"https:\/\/bizautom.com\/pt\/produto\/fulinks-data-gateway-flxc-100\/","url_meta":{"origin":2829,"position":3},"title":"GATEWAY DE DADOS (FLXC-100)","author":"Hitesh Sonwane","date":"mar\u00e7o 26, 2025","format":false,"excerpt":"Respons\u00e1vel por acessar a plataforma de nuvem da Internet.","rel":"","context":"Post similar","block_context":{"text":"Post similar","link":""},"img":{"alt_text":"","src":"https:\/\/i0.wp.com\/bizautom.com\/wp-content\/uploads\/2025\/03\/gtw.png?resize=350%2C200&ssl=1","width":350,"height":200},"classes":[]},{"id":2892,"url":"https:\/\/bizautom.com\/pt\/produto\/fulinks-collector-flcc-100\/","url_meta":{"origin":2829,"position":4},"title":"COLETOR (FLCC-100)","author":"Hitesh Sonwane","date":"mar\u00e7o 26, 2025","format":false,"excerpt":"Usado para coletar sinais de dados do sensor e carreg\u00e1-los.","rel":"","context":"Post similar","block_context":{"text":"Post similar","link":""},"img":{"alt_text":"","src":"https:\/\/i0.wp.com\/bizautom.com\/wp-content\/uploads\/2025\/03\/cc.png?resize=350%2C200&ssl=1","width":350,"height":200},"classes":[]},{"id":1596,"url":"https:\/\/bizautom.com\/pt\/produto\/bizautom-livestox-caged-cattle-scale\/","url_meta":{"origin":2829,"position":5},"title":"BizAutom LivestoX Balan\u00e7a para gado engaiolado com indicador de alto n\u00edvel","author":"admin","date":"outubro 20, 2024","format":false,"excerpt":"A balan\u00e7a para gado em gaiola BizAutom LivestoX \u00e9 um investimento essencial para os fazendeiros que desejam aprimorar suas pr\u00e1ticas de gerenciamento de gado com tecnologia de ponta.","rel":"","context":"Post similar","block_context":{"text":"Post similar","link":""},"img":{"alt_text":"","src":"https:\/\/i0.wp.com\/bizautom.com\/wp-content\/uploads\/2024\/10\/LiveStoX202-scaled.jpg?resize=350%2C200&ssl=1","width":350,"height":200,"srcset":"https:\/\/i0.wp.com\/bizautom.com\/wp-content\/uploads\/2024\/10\/LiveStoX202-scaled.jpg?resize=350%2C200&ssl=1 1x, https:\/\/i0.wp.com\/bizautom.com\/wp-content\/uploads\/2024\/10\/LiveStoX202-scaled.jpg?resize=525%2C300&ssl=1 1.5x, https:\/\/i0.wp.com\/bizautom.com\/wp-content\/uploads\/2024\/10\/LiveStoX202-scaled.jpg?resize=700%2C400&ssl=1 2x, https:\/\/i0.wp.com\/bizautom.com\/wp-content\/uploads\/2024\/10\/LiveStoX202-scaled.jpg?resize=1050%2C600&ssl=1 3x, https:\/\/i0.wp.com\/bizautom.com\/wp-content\/uploads\/2024\/10\/LiveStoX202-scaled.jpg?resize=1400%2C800&ssl=1 4x"},"classes":[]}],"jetpack_sharing_enabled":true,"_links":{"self":[{"href":"https:\/\/bizautom.com\/pt\/wp-json\/wp\/v2\/product\/2829","targetHints":{"allow":["GET"]}}],"collection":[{"href":"https:\/\/bizautom.com\/pt\/wp-json\/wp\/v2\/product"}],"about":[{"href":"https:\/\/bizautom.com\/pt\/wp-json\/wp\/v2\/types\/product"}],"replies":[{"embeddable":true,"href":"https:\/\/bizautom.com\/pt\/wp-json\/wp\/v2\/comments?post=2829"}],"version-history":[{"count":4,"href":"https:\/\/bizautom.com\/pt\/wp-json\/wp\/v2\/product\/2829\/revisions"}],"predecessor-version":[{"id":2923,"href":"https:\/\/bizautom.com\/pt\/wp-json\/wp\/v2\/product\/2829\/revisions\/2923"}],"wp:featuredmedia":[{"embeddable":true,"href":"https:\/\/bizautom.com\/pt\/wp-json\/wp\/v2\/media\/2832"}],"wp:attachment":[{"href":"https:\/\/bizautom.com\/pt\/wp-json\/wp\/v2\/media?parent=2829"}],"wp:term":[{"taxonomy":"product_brand","embeddable":true,"href":"https:\/\/bizautom.com\/pt\/wp-json\/wp\/v2\/product_brand?post=2829"},{"taxonomy":"product_cat","embeddable":true,"href":"https:\/\/bizautom.com\/pt\/wp-json\/wp\/v2\/product_cat?post=2829"},{"taxonomy":"product_tag","embeddable":true,"href":"https:\/\/bizautom.com\/pt\/wp-json\/wp\/v2\/product_tag?post=2829"}],"curies":[{"name":"wp","href":"https:\/\/api.w.org\/{rel}","templated":true}]}}