{"id":2840,"date":"2025-03-26T07:22:23","date_gmt":"2025-03-26T11:22:23","guid":{"rendered":"https:\/\/bizautom.com\/?post_type=product&#038;p=2840"},"modified":"2025-03-27T22:02:07","modified_gmt":"2025-03-28T02:02:07","slug":"fulinks-smart-ear-tag-fl-tag-m","status":"publish","type":"product","link":"https:\/\/bizautom.com\/pt\/produto\/fulinks-smart-ear-tag-fl-tag-m\/","title":{"rendered":"BRINCO INTELIGENTE (FL-TAG-M)"},"content":{"rendered":"<p><strong>ESPECIFICA\u00c7\u00c3O:<\/strong><\/p>\n<p>Modo de opera\u00e7\u00e3o: monitoramento em tempo real de 24 horas<br \/>\nDimens\u00f5es: 3\u2033 x 1,18\u2033 x 0,67\u2033<br \/>\nPeso: 28 g<br \/>\nTemperatura operacional: -30~55\u2103<br \/>\n\u00cdndice de prote\u00e7\u00e3o: IP68<\/p>\n<p>&nbsp;<\/p>\n<p><strong>CARACTER\u00cdSTICAS DO PRODUTO:<\/strong><\/p>\n<ul>\n<li>Dados de teste: cio, rumina\u00e7\u00e3o, alimenta\u00e7\u00e3o, repouso<\/li>\n<li>Modo de trabalho: monitoramento em tempo real de 24 horas<\/li>\n<li>Fun\u00e7\u00f5es: relat\u00f3rio de cio, relat\u00f3rio de anestro, envio de informa\u00e7\u00f5es direcionais de alerta precoce<\/li>\n<li>Modo de montagem: o corpo pode ser desmontado<\/li>\n<\/ul>\n<p>&nbsp;<\/p>\n<p><strong>TIPO DE REDE:<\/strong><\/p>\n<div class=\"preview-item\">\n<ul>\n<li>Dist\u00e2ncia de comunica\u00e7\u00e3o: 5 KM<\/li>\n<li>Modo de rede: Internet das Coisas, Internet M\u00f3vel<\/li>\n<\/ul>\n<\/div>","protected":false},"excerpt":{"rendered":"<p>Cio, rumina\u00e7\u00e3o, alimenta\u00e7\u00e3o, repouso e monitoramento de atividade.<\/p>","protected":false},"featured_media":2831,"comment_status":"open","ping_status":"closed","template":"","meta":[],"product_brand":[152],"product_cat":[151,32,150],"product_tag":[],"class_list":{"0":"post-2840","1":"product","2":"type-product","3":"status-publish","4":"has-post-thumbnail","6":"product_brand-fulinks","7":"product_cat-bovivitals-cattle-management-system","8":"product_cat-instruments-parts","9":"product_cat-smart-ear-tag","11":"first","12":"instock","13":"taxable","14":"shipping-taxable","15":"product-type-simple"},"yoast_head":"<!-- This site is optimized with the Yoast SEO plugin v27.4 - https:\/\/yoast.com\/product\/yoast-seo-wordpress\/ -->\n<title>SMART EAR TAG (FL-TAG-M) - BizAutom<\/title>\n<meta name=\"robots\" content=\"index, follow, max-snippet:-1, max-image-preview:large, max-video-preview:-1\" \/>\n<link rel=\"canonical\" href=\"https:\/\/bizautom.com\/pt\/produto\/fulinks-smart-ear-tag-fl-tag-m\/\" \/>\n<meta property=\"og:locale\" content=\"pt_BR\" \/>\n<meta property=\"og:type\" content=\"article\" \/>\n<meta property=\"og:title\" content=\"SMART EAR TAG (FL-TAG-M) - BizAutom\" \/>\n<meta property=\"og:description\" content=\"Estrus, Rumination, Feeding, Rest, And Activity Monitoring.\" \/>\n<meta property=\"og:url\" content=\"https:\/\/bizautom.com\/pt\/produto\/fulinks-smart-ear-tag-fl-tag-m\/\" \/>\n<meta property=\"og:site_name\" content=\"BizAutom\" \/>\n<meta property=\"article:publisher\" content=\"https:\/\/www.facebook.com\/people\/TINGCHEN-BizAutom\/61565746662873\/\" \/>\n<meta property=\"article:modified_time\" content=\"2025-03-28T02:02:07+00:00\" \/>\n<meta property=\"og:image\" content=\"https:\/\/bizautom.com\/wp-content\/uploads\/2025\/03\/SMART-EAR-TAG-FL-TAG-M.jpeg\" \/>\n\t<meta property=\"og:image:width\" content=\"379\" \/>\n\t<meta property=\"og:image:height\" content=\"331\" \/>\n\t<meta property=\"og:image:type\" content=\"image\/jpeg\" \/>\n<meta name=\"twitter:card\" content=\"summary_large_image\" \/>\n<meta name=\"twitter:label1\" content=\"Est. tempo de leitura\" \/>\n\t<meta name=\"twitter:data1\" content=\"1 minuto\" \/>\n<!-- \/ Yoast SEO plugin. -->","yoast_head_json":{"title":"SMART EAR TAG (FL-TAG-M) - BizAutom","robots":{"index":"index","follow":"follow","max-snippet":"max-snippet:-1","max-image-preview":"max-image-preview:large","max-video-preview":"max-video-preview:-1"},"canonical":"https:\/\/bizautom.com\/pt\/produto\/fulinks-smart-ear-tag-fl-tag-m\/","og_locale":"pt_BR","og_type":"article","og_title":"SMART EAR TAG (FL-TAG-M) - BizAutom","og_description":"Estrus, Rumination, Feeding, Rest, And Activity Monitoring.","og_url":"https:\/\/bizautom.com\/pt\/produto\/fulinks-smart-ear-tag-fl-tag-m\/","og_site_name":"BizAutom","article_publisher":"https:\/\/www.facebook.com\/people\/TINGCHEN-BizAutom\/61565746662873\/","article_modified_time":"2025-03-28T02:02:07+00:00","og_image":[{"width":379,"height":331,"url":"https:\/\/bizautom.com\/wp-content\/uploads\/2025\/03\/SMART-EAR-TAG-FL-TAG-M.jpeg","type":"image\/jpeg"}],"twitter_card":"summary_large_image","twitter_misc":{"Est. tempo de leitura":"1 minuto"},"schema":{"@context":"https:\/\/schema.org","@graph":[{"@type":"WebPage","@id":"https:\/\/bizautom.com\/product\/fulinks-smart-ear-tag-fl-tag-m\/","url":"https:\/\/bizautom.com\/product\/fulinks-smart-ear-tag-fl-tag-m\/","name":"SMART EAR TAG (FL-TAG-M) - BizAutom","isPartOf":{"@id":"https:\/\/bizautom.com\/#website"},"primaryImageOfPage":{"@id":"https:\/\/bizautom.com\/product\/fulinks-smart-ear-tag-fl-tag-m\/#primaryimage"},"image":{"@id":"https:\/\/bizautom.com\/product\/fulinks-smart-ear-tag-fl-tag-m\/#primaryimage"},"thumbnailUrl":"https:\/\/bizautom.com\/wp-content\/uploads\/2025\/03\/SMART-EAR-TAG-FL-TAG-M.jpeg","datePublished":"2025-03-26T11:22:23+00:00","dateModified":"2025-03-28T02:02:07+00:00","breadcrumb":{"@id":"https:\/\/bizautom.com\/product\/fulinks-smart-ear-tag-fl-tag-m\/#breadcrumb"},"inLanguage":"pt-BR","potentialAction":[{"@type":"ReadAction","target":["https:\/\/bizautom.com\/product\/fulinks-smart-ear-tag-fl-tag-m\/"]}]},{"@type":"ImageObject","inLanguage":"pt-BR","@id":"https:\/\/bizautom.com\/product\/fulinks-smart-ear-tag-fl-tag-m\/#primaryimage","url":"https:\/\/bizautom.com\/wp-content\/uploads\/2025\/03\/SMART-EAR-TAG-FL-TAG-M.jpeg","contentUrl":"https:\/\/bizautom.com\/wp-content\/uploads\/2025\/03\/SMART-EAR-TAG-FL-TAG-M.jpeg","width":379,"height":331},{"@type":"BreadcrumbList","@id":"https:\/\/bizautom.com\/product\/fulinks-smart-ear-tag-fl-tag-m\/#breadcrumb","itemListElement":[{"@type":"ListItem","position":1,"name":"Home","item":"https:\/\/bizautom.com\/"},{"@type":"ListItem","position":2,"name":"Shop","item":"https:\/\/bizautom.com\/shop-2\/"},{"@type":"ListItem","position":3,"name":"SMART EAR TAG (FL-TAG-M)"}]},{"@type":"WebSite","@id":"https:\/\/bizautom.com\/#website","url":"https:\/\/bizautom.com\/","name":"BizAutom","description":"R\u00e1pido. Preciso. Inteligente.","publisher":{"@id":"https:\/\/bizautom.com\/#organization"},"potentialAction":[{"@type":"SearchAction","target":{"@type":"EntryPoint","urlTemplate":"https:\/\/bizautom.com\/?s={search_term_string}"},"query-input":{"@type":"PropertyValueSpecification","valueRequired":true,"valueName":"search_term_string"}}],"inLanguage":"pt-BR"},{"@type":"Organization","@id":"https:\/\/bizautom.com\/#organization","name":"BizAutom","url":"https:\/\/bizautom.com\/","logo":{"@type":"ImageObject","inLanguage":"pt-BR","@id":"https:\/\/bizautom.com\/#\/schema\/logo\/image\/","url":"https:\/\/bizautom.com\/wp-content\/uploads\/2025\/04\/BizAutom_Logo_1.webp","contentUrl":"https:\/\/bizautom.com\/wp-content\/uploads\/2025\/04\/BizAutom_Logo_1.webp","width":455,"height":326,"caption":"BizAutom"},"image":{"@id":"https:\/\/bizautom.com\/#\/schema\/logo\/image\/"},"sameAs":["https:\/\/www.facebook.com\/people\/TINGCHEN-BizAutom\/61565746662873\/"]}]}},"jetpack-related-posts":[{"id":2846,"url":"https:\/\/bizautom.com\/pt\/produto\/fulinks-smart-collar-fl-collar-m\/","url_meta":{"origin":2840,"position":0},"title":"COLARINHO INTELIGENTE (FL-COLLAR-M)","author":"Hitesh Sonwane","date":"mar\u00e7o 26, 2025","format":false,"excerpt":"Cio, rumina\u00e7\u00e3o, alimenta\u00e7\u00e3o, repouso e monitoramento de atividade.","rel":"","context":"Post similar","block_context":{"text":"Post similar","link":""},"img":{"alt_text":"","src":"https:\/\/i0.wp.com\/bizautom.com\/wp-content\/uploads\/2025\/03\/SMART-COLLAR-FL-COLLAR-M.jpeg?resize=350%2C200&ssl=1","width":350,"height":200},"classes":[]},{"id":2829,"url":"https:\/\/bizautom.com\/pt\/produto\/fulinks-super-sensor-fl-tag-tm\/","url_meta":{"origin":2840,"position":1},"title":"SUPER SENSOR (FL-TAG-TM)","author":"Hitesh Sonwane","date":"mar\u00e7o 26, 2025","format":false,"excerpt":"Temperatura corporal central, cio, rumina\u00e7\u00e3o, alimenta\u00e7\u00e3o, descanso e monitoramento de atividades.","rel":"","context":"Post similar","block_context":{"text":"Post similar","link":""},"img":{"alt_text":"","src":"https:\/\/i0.wp.com\/bizautom.com\/wp-content\/uploads\/2025\/03\/SUPER-SENSOR-FL-TAG-TM.jpeg?resize=350%2C200&ssl=1","width":350,"height":200},"classes":[]},{"id":1488,"url":"https:\/\/bizautom.com\/pt\/produto\/bizautom-livestox-caged-cattle-scale-with-bio-microchip-thermometer-and-scada-system\/","url_meta":{"origin":2840,"position":2},"title":"BizAutom LivestoX Balan\u00e7a para gado engaiolado com term\u00f4metro de microchip biol\u00f3gico e sistema SCADA","author":"admin","date":"agosto 14, 2024","format":false,"excerpt":"A BizAutom LivestoX Caged Cattle Scale with Bio Microchip Thermometer and SCADA System \u00e9 um investimento essencial para os fazendeiros que buscam aprimorar suas pr\u00e1ticas de gerenciamento de gado com tecnologia de ponta.","rel":"","context":"Post similar","block_context":{"text":"Post similar","link":""},"img":{"alt_text":"","src":"https:\/\/i0.wp.com\/bizautom.com\/wp-content\/uploads\/2024\/08\/LiveStoX-scaled.jpg?resize=350%2C200&ssl=1","width":350,"height":200,"srcset":"https:\/\/i0.wp.com\/bizautom.com\/wp-content\/uploads\/2024\/08\/LiveStoX-scaled.jpg?resize=350%2C200&ssl=1 1x, https:\/\/i0.wp.com\/bizautom.com\/wp-content\/uploads\/2024\/08\/LiveStoX-scaled.jpg?resize=525%2C300&ssl=1 1.5x, https:\/\/i0.wp.com\/bizautom.com\/wp-content\/uploads\/2024\/08\/LiveStoX-scaled.jpg?resize=700%2C400&ssl=1 2x, https:\/\/i0.wp.com\/bizautom.com\/wp-content\/uploads\/2024\/08\/LiveStoX-scaled.jpg?resize=1050%2C600&ssl=1 3x, https:\/\/i0.wp.com\/bizautom.com\/wp-content\/uploads\/2024\/08\/LiveStoX-scaled.jpg?resize=1400%2C800&ssl=1 4x"},"classes":[]},{"id":2892,"url":"https:\/\/bizautom.com\/pt\/produto\/fulinks-collector-flcc-100\/","url_meta":{"origin":2840,"position":3},"title":"COLETOR (FLCC-100)","author":"Hitesh Sonwane","date":"mar\u00e7o 26, 2025","format":false,"excerpt":"Usado para coletar sinais de dados do sensor e carreg\u00e1-los.","rel":"","context":"Post similar","block_context":{"text":"Post similar","link":""},"img":{"alt_text":"","src":"https:\/\/i0.wp.com\/bizautom.com\/wp-content\/uploads\/2025\/03\/cc.png?resize=350%2C200&ssl=1","width":350,"height":200},"classes":[]},{"id":1596,"url":"https:\/\/bizautom.com\/pt\/produto\/bizautom-livestox-caged-cattle-scale\/","url_meta":{"origin":2840,"position":4},"title":"BizAutom LivestoX Balan\u00e7a para gado engaiolado com indicador de alto n\u00edvel","author":"admin","date":"outubro 20, 2024","format":false,"excerpt":"A balan\u00e7a para gado em gaiola BizAutom LivestoX \u00e9 um investimento essencial para os fazendeiros que desejam aprimorar suas pr\u00e1ticas de gerenciamento de gado com tecnologia de ponta.","rel":"","context":"Post similar","block_context":{"text":"Post similar","link":""},"img":{"alt_text":"","src":"https:\/\/i0.wp.com\/bizautom.com\/wp-content\/uploads\/2024\/10\/LiveStoX202-scaled.jpg?resize=350%2C200&ssl=1","width":350,"height":200,"srcset":"https:\/\/i0.wp.com\/bizautom.com\/wp-content\/uploads\/2024\/10\/LiveStoX202-scaled.jpg?resize=350%2C200&ssl=1 1x, https:\/\/i0.wp.com\/bizautom.com\/wp-content\/uploads\/2024\/10\/LiveStoX202-scaled.jpg?resize=525%2C300&ssl=1 1.5x, https:\/\/i0.wp.com\/bizautom.com\/wp-content\/uploads\/2024\/10\/LiveStoX202-scaled.jpg?resize=700%2C400&ssl=1 2x, https:\/\/i0.wp.com\/bizautom.com\/wp-content\/uploads\/2024\/10\/LiveStoX202-scaled.jpg?resize=1050%2C600&ssl=1 3x, https:\/\/i0.wp.com\/bizautom.com\/wp-content\/uploads\/2024\/10\/LiveStoX202-scaled.jpg?resize=1400%2C800&ssl=1 4x"},"classes":[]},{"id":1635,"url":"https:\/\/bizautom.com\/pt\/produto\/bizautom-nine-scale-software-comprehensive-real-time-scale-monitoring-solution\/","url_meta":{"origin":2840,"position":5},"title":"Software BizAutom Nine-Scale: Solu\u00e7\u00e3o abrangente de monitoramento de escala em tempo real","author":"admin","date":"outubro 26, 2024","format":false,"excerpt":"With its user-friendly interface, reliable connectivity options, and highly customizable scale configurations, the BizAutom Nine-Scale Software is a smart investment for businesses looking to enhance operational oversight and control. Ideal for industries where weight tracking and inventory control are critical, this software simplifies complex multi-scale monitoring, allowing you to focus\u2026","rel":"","context":"Post similar","block_context":{"text":"Post similar","link":""},"img":{"alt_text":"","src":"https:\/\/i0.wp.com\/bizautom.com\/wp-content\/uploads\/2024\/10\/ScreenShot-scaled.jpg?resize=350%2C200&ssl=1","width":350,"height":200,"srcset":"https:\/\/i0.wp.com\/bizautom.com\/wp-content\/uploads\/2024\/10\/ScreenShot-scaled.jpg?resize=350%2C200&ssl=1 1x, https:\/\/i0.wp.com\/bizautom.com\/wp-content\/uploads\/2024\/10\/ScreenShot-scaled.jpg?resize=525%2C300&ssl=1 1.5x, https:\/\/i0.wp.com\/bizautom.com\/wp-content\/uploads\/2024\/10\/ScreenShot-scaled.jpg?resize=700%2C400&ssl=1 2x, https:\/\/i0.wp.com\/bizautom.com\/wp-content\/uploads\/2024\/10\/ScreenShot-scaled.jpg?resize=1050%2C600&ssl=1 3x, https:\/\/i0.wp.com\/bizautom.com\/wp-content\/uploads\/2024\/10\/ScreenShot-scaled.jpg?resize=1400%2C800&ssl=1 4x"},"classes":[]}],"jetpack_sharing_enabled":true,"_links":{"self":[{"href":"https:\/\/bizautom.com\/pt\/wp-json\/wp\/v2\/product\/2840","targetHints":{"allow":["GET"]}}],"collection":[{"href":"https:\/\/bizautom.com\/pt\/wp-json\/wp\/v2\/product"}],"about":[{"href":"https:\/\/bizautom.com\/pt\/wp-json\/wp\/v2\/types\/product"}],"replies":[{"embeddable":true,"href":"https:\/\/bizautom.com\/pt\/wp-json\/wp\/v2\/comments?post=2840"}],"version-history":[{"count":6,"href":"https:\/\/bizautom.com\/pt\/wp-json\/wp\/v2\/product\/2840\/revisions"}],"predecessor-version":[{"id":2922,"href":"https:\/\/bizautom.com\/pt\/wp-json\/wp\/v2\/product\/2840\/revisions\/2922"}],"wp:featuredmedia":[{"embeddable":true,"href":"https:\/\/bizautom.com\/pt\/wp-json\/wp\/v2\/media\/2831"}],"wp:attachment":[{"href":"https:\/\/bizautom.com\/pt\/wp-json\/wp\/v2\/media?parent=2840"}],"wp:term":[{"taxonomy":"product_brand","embeddable":true,"href":"https:\/\/bizautom.com\/pt\/wp-json\/wp\/v2\/product_brand?post=2840"},{"taxonomy":"product_cat","embeddable":true,"href":"https:\/\/bizautom.com\/pt\/wp-json\/wp\/v2\/product_cat?post=2840"},{"taxonomy":"product_tag","embeddable":true,"href":"https:\/\/bizautom.com\/pt\/wp-json\/wp\/v2\/product_tag?post=2840"}],"curies":[{"name":"wp","href":"https:\/\/api.w.org\/{rel}","templated":true}]}}