{"id":2894,"date":"2025-03-26T08:27:14","date_gmt":"2025-03-26T12:27:14","guid":{"rendered":"https:\/\/bizautom.com\/?post_type=product&#038;p=2894"},"modified":"2025-03-31T14:34:44","modified_gmt":"2025-03-31T18:34:44","slug":"fulinks-data-gateway-flxc-100","status":"publish","type":"product","link":"https:\/\/bizautom.com\/pt\/produto\/fulinks-data-gateway-flxc-100\/","title":{"rendered":"GATEWAY DE DADOS (FLXC-100)"},"content":{"rendered":"<p><strong>ESPECIFICA\u00c7\u00c3O:<\/strong><\/p>\n<p>Dimens\u00f5es: 5,91\u2033 x 5,45\u2033 x 1,26\u2033<br \/>\nPeso: 550g<br \/>\nFonte de alimenta\u00e7\u00e3o: DC 5V\/1A<br \/>\nCorrente de espera: &lt; 500 mA<br \/>\nTemperatura de opera\u00e7\u00e3o: 0~55\u2103<\/p>\n<p>&nbsp;<\/p>\n<p><strong>RECURSO:<\/strong><\/p>\n<div class=\"preview-item\">\n<ul>\n<li>Coletar dados de CC<\/li>\n<li>An\u00e1lise de processamento de dados<\/li>\n<li>Cache off-line por 7 dias<\/li>\n<li>Criar uma rede local<\/li>\n<\/ul>\n<\/div>","protected":false},"excerpt":{"rendered":"<p>Respons\u00e1vel por acessar a plataforma de nuvem da Internet.<\/p>","protected":false},"featured_media":2899,"comment_status":"open","ping_status":"closed","template":"","meta":[],"product_brand":[],"product_cat":[151,153,31,32],"product_tag":[],"class_list":{"0":"post-2894","1":"product","2":"type-product","3":"status-publish","4":"has-post-thumbnail","6":"product_cat-bovivitals-cattle-management-system","7":"product_cat-data-gateway","8":"product_cat-farm-equipment","9":"product_cat-instruments-parts","11":"first","12":"instock","13":"taxable","14":"shipping-taxable","15":"product-type-simple"},"yoast_head":"<!-- This site is optimized with the Yoast SEO plugin v27.4 - https:\/\/yoast.com\/product\/yoast-seo-wordpress\/ -->\n<title>DATA GATEWAY (FLXC-100) - BizAutom<\/title>\n<meta name=\"robots\" content=\"index, follow, max-snippet:-1, max-image-preview:large, max-video-preview:-1\" \/>\n<link rel=\"canonical\" href=\"https:\/\/bizautom.com\/pt\/produto\/fulinks-data-gateway-flxc-100\/\" \/>\n<meta property=\"og:locale\" content=\"pt_BR\" \/>\n<meta property=\"og:type\" content=\"article\" \/>\n<meta property=\"og:title\" content=\"DATA GATEWAY (FLXC-100) - BizAutom\" \/>\n<meta property=\"og:description\" content=\"Responsible for accessing the internet cloud platform.\" \/>\n<meta property=\"og:url\" content=\"https:\/\/bizautom.com\/pt\/produto\/fulinks-data-gateway-flxc-100\/\" \/>\n<meta property=\"og:site_name\" content=\"BizAutom\" \/>\n<meta property=\"article:publisher\" content=\"https:\/\/www.facebook.com\/people\/TINGCHEN-BizAutom\/61565746662873\/\" \/>\n<meta property=\"article:modified_time\" content=\"2025-03-31T18:34:44+00:00\" \/>\n<meta property=\"og:image\" content=\"https:\/\/bizautom.com\/wp-content\/uploads\/2025\/03\/gtw.png\" \/>\n\t<meta property=\"og:image:width\" content=\"300\" \/>\n\t<meta property=\"og:image:height\" content=\"218\" \/>\n\t<meta property=\"og:image:type\" content=\"image\/png\" \/>\n<meta name=\"twitter:card\" content=\"summary_large_image\" \/>\n<meta name=\"twitter:label1\" content=\"Est. tempo de leitura\" \/>\n\t<meta name=\"twitter:data1\" content=\"1 minuto\" \/>\n<!-- \/ Yoast SEO plugin. -->","yoast_head_json":{"title":"DATA GATEWAY (FLXC-100) - BizAutom","robots":{"index":"index","follow":"follow","max-snippet":"max-snippet:-1","max-image-preview":"max-image-preview:large","max-video-preview":"max-video-preview:-1"},"canonical":"https:\/\/bizautom.com\/pt\/produto\/fulinks-data-gateway-flxc-100\/","og_locale":"pt_BR","og_type":"article","og_title":"DATA GATEWAY (FLXC-100) - BizAutom","og_description":"Responsible for accessing the internet cloud platform.","og_url":"https:\/\/bizautom.com\/pt\/produto\/fulinks-data-gateway-flxc-100\/","og_site_name":"BizAutom","article_publisher":"https:\/\/www.facebook.com\/people\/TINGCHEN-BizAutom\/61565746662873\/","article_modified_time":"2025-03-31T18:34:44+00:00","og_image":[{"width":300,"height":218,"url":"https:\/\/bizautom.com\/wp-content\/uploads\/2025\/03\/gtw.png","type":"image\/png"}],"twitter_card":"summary_large_image","twitter_misc":{"Est. tempo de leitura":"1 minuto"},"schema":{"@context":"https:\/\/schema.org","@graph":[{"@type":"WebPage","@id":"https:\/\/bizautom.com\/product\/fulinks-data-gateway-flxc-100\/","url":"https:\/\/bizautom.com\/product\/fulinks-data-gateway-flxc-100\/","name":"DATA GATEWAY (FLXC-100) - BizAutom","isPartOf":{"@id":"https:\/\/bizautom.com\/#website"},"primaryImageOfPage":{"@id":"https:\/\/bizautom.com\/product\/fulinks-data-gateway-flxc-100\/#primaryimage"},"image":{"@id":"https:\/\/bizautom.com\/product\/fulinks-data-gateway-flxc-100\/#primaryimage"},"thumbnailUrl":"https:\/\/bizautom.com\/wp-content\/uploads\/2025\/03\/gtw.png","datePublished":"2025-03-26T12:27:14+00:00","dateModified":"2025-03-31T18:34:44+00:00","breadcrumb":{"@id":"https:\/\/bizautom.com\/product\/fulinks-data-gateway-flxc-100\/#breadcrumb"},"inLanguage":"pt-BR","potentialAction":[{"@type":"ReadAction","target":["https:\/\/bizautom.com\/product\/fulinks-data-gateway-flxc-100\/"]}]},{"@type":"ImageObject","inLanguage":"pt-BR","@id":"https:\/\/bizautom.com\/product\/fulinks-data-gateway-flxc-100\/#primaryimage","url":"https:\/\/bizautom.com\/wp-content\/uploads\/2025\/03\/gtw.png","contentUrl":"https:\/\/bizautom.com\/wp-content\/uploads\/2025\/03\/gtw.png","width":300,"height":218},{"@type":"BreadcrumbList","@id":"https:\/\/bizautom.com\/product\/fulinks-data-gateway-flxc-100\/#breadcrumb","itemListElement":[{"@type":"ListItem","position":1,"name":"Home","item":"https:\/\/bizautom.com\/"},{"@type":"ListItem","position":2,"name":"Shop","item":"https:\/\/bizautom.com\/shop-2\/"},{"@type":"ListItem","position":3,"name":"DATA GATEWAY (FLXC-100)"}]},{"@type":"WebSite","@id":"https:\/\/bizautom.com\/#website","url":"https:\/\/bizautom.com\/","name":"BizAutom","description":"R\u00e1pido. Preciso. Inteligente.","publisher":{"@id":"https:\/\/bizautom.com\/#organization"},"potentialAction":[{"@type":"SearchAction","target":{"@type":"EntryPoint","urlTemplate":"https:\/\/bizautom.com\/?s={search_term_string}"},"query-input":{"@type":"PropertyValueSpecification","valueRequired":true,"valueName":"search_term_string"}}],"inLanguage":"pt-BR"},{"@type":"Organization","@id":"https:\/\/bizautom.com\/#organization","name":"BizAutom","url":"https:\/\/bizautom.com\/","logo":{"@type":"ImageObject","inLanguage":"pt-BR","@id":"https:\/\/bizautom.com\/#\/schema\/logo\/image\/","url":"https:\/\/bizautom.com\/wp-content\/uploads\/2025\/04\/BizAutom_Logo_1.webp","contentUrl":"https:\/\/bizautom.com\/wp-content\/uploads\/2025\/04\/BizAutom_Logo_1.webp","width":455,"height":326,"caption":"BizAutom"},"image":{"@id":"https:\/\/bizautom.com\/#\/schema\/logo\/image\/"},"sameAs":["https:\/\/www.facebook.com\/people\/TINGCHEN-BizAutom\/61565746662873\/"]}]}},"jetpack-related-posts":[{"id":2892,"url":"https:\/\/bizautom.com\/pt\/produto\/fulinks-collector-flcc-100\/","url_meta":{"origin":2894,"position":0},"title":"COLETOR (FLCC-100)","author":"Hitesh Sonwane","date":"mar\u00e7o 26, 2025","format":false,"excerpt":"Usado para coletar sinais de dados do sensor e carreg\u00e1-los.","rel":"","context":"Post similar","block_context":{"text":"Post similar","link":""},"img":{"alt_text":"","src":"https:\/\/i0.wp.com\/bizautom.com\/wp-content\/uploads\/2025\/03\/cc.png?resize=350%2C200&ssl=1","width":350,"height":200},"classes":[]},{"id":1488,"url":"https:\/\/bizautom.com\/pt\/produto\/bizautom-livestox-caged-cattle-scale-with-bio-microchip-thermometer-and-scada-system\/","url_meta":{"origin":2894,"position":1},"title":"BizAutom LivestoX Balan\u00e7a para gado engaiolado com term\u00f4metro de microchip biol\u00f3gico e sistema SCADA","author":"admin","date":"agosto 14, 2024","format":false,"excerpt":"A BizAutom LivestoX Caged Cattle Scale with Bio Microchip Thermometer and SCADA System \u00e9 um investimento essencial para os fazendeiros que buscam aprimorar suas pr\u00e1ticas de gerenciamento de gado com tecnologia de ponta.","rel":"","context":"Post similar","block_context":{"text":"Post similar","link":""},"img":{"alt_text":"","src":"https:\/\/i0.wp.com\/bizautom.com\/wp-content\/uploads\/2024\/08\/LiveStoX-scaled.jpg?resize=350%2C200&ssl=1","width":350,"height":200,"srcset":"https:\/\/i0.wp.com\/bizautom.com\/wp-content\/uploads\/2024\/08\/LiveStoX-scaled.jpg?resize=350%2C200&ssl=1 1x, https:\/\/i0.wp.com\/bizautom.com\/wp-content\/uploads\/2024\/08\/LiveStoX-scaled.jpg?resize=525%2C300&ssl=1 1.5x, https:\/\/i0.wp.com\/bizautom.com\/wp-content\/uploads\/2024\/08\/LiveStoX-scaled.jpg?resize=700%2C400&ssl=1 2x, https:\/\/i0.wp.com\/bizautom.com\/wp-content\/uploads\/2024\/08\/LiveStoX-scaled.jpg?resize=1050%2C600&ssl=1 3x, https:\/\/i0.wp.com\/bizautom.com\/wp-content\/uploads\/2024\/08\/LiveStoX-scaled.jpg?resize=1400%2C800&ssl=1 4x"},"classes":[]},{"id":1596,"url":"https:\/\/bizautom.com\/pt\/produto\/bizautom-livestox-caged-cattle-scale\/","url_meta":{"origin":2894,"position":2},"title":"BizAutom LivestoX Balan\u00e7a para gado engaiolado com indicador de alto n\u00edvel","author":"admin","date":"outubro 20, 2024","format":false,"excerpt":"A balan\u00e7a para gado em gaiola BizAutom LivestoX \u00e9 um investimento essencial para os fazendeiros que desejam aprimorar suas pr\u00e1ticas de gerenciamento de gado com tecnologia de ponta.","rel":"","context":"Post similar","block_context":{"text":"Post similar","link":""},"img":{"alt_text":"","src":"https:\/\/i0.wp.com\/bizautom.com\/wp-content\/uploads\/2024\/10\/LiveStoX202-scaled.jpg?resize=350%2C200&ssl=1","width":350,"height":200,"srcset":"https:\/\/i0.wp.com\/bizautom.com\/wp-content\/uploads\/2024\/10\/LiveStoX202-scaled.jpg?resize=350%2C200&ssl=1 1x, https:\/\/i0.wp.com\/bizautom.com\/wp-content\/uploads\/2024\/10\/LiveStoX202-scaled.jpg?resize=525%2C300&ssl=1 1.5x, https:\/\/i0.wp.com\/bizautom.com\/wp-content\/uploads\/2024\/10\/LiveStoX202-scaled.jpg?resize=700%2C400&ssl=1 2x, https:\/\/i0.wp.com\/bizautom.com\/wp-content\/uploads\/2024\/10\/LiveStoX202-scaled.jpg?resize=1050%2C600&ssl=1 3x, https:\/\/i0.wp.com\/bizautom.com\/wp-content\/uploads\/2024\/10\/LiveStoX202-scaled.jpg?resize=1400%2C800&ssl=1 4x"},"classes":[]},{"id":2829,"url":"https:\/\/bizautom.com\/pt\/produto\/fulinks-super-sensor-fl-tag-tm\/","url_meta":{"origin":2894,"position":3},"title":"SUPER SENSOR (FL-TAG-TM)","author":"Hitesh Sonwane","date":"mar\u00e7o 26, 2025","format":false,"excerpt":"Temperatura corporal central, cio, rumina\u00e7\u00e3o, alimenta\u00e7\u00e3o, descanso e monitoramento de atividades.","rel":"","context":"Post similar","block_context":{"text":"Post similar","link":""},"img":{"alt_text":"","src":"https:\/\/i0.wp.com\/bizautom.com\/wp-content\/uploads\/2025\/03\/SUPER-SENSOR-FL-TAG-TM.jpeg?resize=350%2C200&ssl=1","width":350,"height":200},"classes":[]},{"id":2840,"url":"https:\/\/bizautom.com\/pt\/produto\/fulinks-smart-ear-tag-fl-tag-m\/","url_meta":{"origin":2894,"position":4},"title":"BRINCO INTELIGENTE (FL-TAG-M)","author":"Hitesh Sonwane","date":"mar\u00e7o 26, 2025","format":false,"excerpt":"Cio, rumina\u00e7\u00e3o, alimenta\u00e7\u00e3o, repouso e monitoramento de atividade.","rel":"","context":"Post similar","block_context":{"text":"Post similar","link":""},"img":{"alt_text":"","src":"https:\/\/i0.wp.com\/bizautom.com\/wp-content\/uploads\/2025\/03\/SMART-EAR-TAG-FL-TAG-M.jpeg?resize=350%2C200&ssl=1","width":350,"height":200},"classes":[]},{"id":2190,"url":"https:\/\/bizautom.com\/pt\/produto\/prime-scales-ps-10kf-pf-mobile-industrial-floor-scale-with-frame-lift-channels-and-indicator-pole\/","url_meta":{"origin":2894,"position":5},"title":"Balan\u00e7as Prime Scales PS-10KF-PF Balan\u00e7a de piso industrial m\u00f3vel com estrutura, canais de eleva\u00e7\u00e3o e poste indicador","author":"admin","date":"mar\u00e7o 11, 2025","format":false,"excerpt":"Upgrade your weighing process with the PS-10KF-PF Mobile Industrial Floor Scale\u2014built for reliability, precision, and ease of use in any industrial setting.","rel":"","context":"Post similar","block_context":{"text":"Post similar","link":""},"img":{"alt_text":"","src":"https:\/\/i0.wp.com\/bizautom.com\/wp-content\/uploads\/2025\/03\/PS-10KF-PF.jpg?resize=350%2C200&ssl=1","width":350,"height":200,"srcset":"https:\/\/i0.wp.com\/bizautom.com\/wp-content\/uploads\/2025\/03\/PS-10KF-PF.jpg?resize=350%2C200&ssl=1 1x, https:\/\/i0.wp.com\/bizautom.com\/wp-content\/uploads\/2025\/03\/PS-10KF-PF.jpg?resize=525%2C300&ssl=1 1.5x, https:\/\/i0.wp.com\/bizautom.com\/wp-content\/uploads\/2025\/03\/PS-10KF-PF.jpg?resize=700%2C400&ssl=1 2x, https:\/\/i0.wp.com\/bizautom.com\/wp-content\/uploads\/2025\/03\/PS-10KF-PF.jpg?resize=1050%2C600&ssl=1 3x"},"classes":[]}],"jetpack_sharing_enabled":true,"_links":{"self":[{"href":"https:\/\/bizautom.com\/pt\/wp-json\/wp\/v2\/product\/2894","targetHints":{"allow":["GET"]}}],"collection":[{"href":"https:\/\/bizautom.com\/pt\/wp-json\/wp\/v2\/product"}],"about":[{"href":"https:\/\/bizautom.com\/pt\/wp-json\/wp\/v2\/types\/product"}],"replies":[{"embeddable":true,"href":"https:\/\/bizautom.com\/pt\/wp-json\/wp\/v2\/comments?post=2894"}],"version-history":[{"count":4,"href":"https:\/\/bizautom.com\/pt\/wp-json\/wp\/v2\/product\/2894\/revisions"}],"predecessor-version":[{"id":2916,"href":"https:\/\/bizautom.com\/pt\/wp-json\/wp\/v2\/product\/2894\/revisions\/2916"}],"wp:featuredmedia":[{"embeddable":true,"href":"https:\/\/bizautom.com\/pt\/wp-json\/wp\/v2\/media\/2899"}],"wp:attachment":[{"href":"https:\/\/bizautom.com\/pt\/wp-json\/wp\/v2\/media?parent=2894"}],"wp:term":[{"taxonomy":"product_brand","embeddable":true,"href":"https:\/\/bizautom.com\/pt\/wp-json\/wp\/v2\/product_brand?post=2894"},{"taxonomy":"product_cat","embeddable":true,"href":"https:\/\/bizautom.com\/pt\/wp-json\/wp\/v2\/product_cat?post=2894"},{"taxonomy":"product_tag","embeddable":true,"href":"https:\/\/bizautom.com\/pt\/wp-json\/wp\/v2\/product_tag?post=2894"}],"curies":[{"name":"wp","href":"https:\/\/api.w.org\/{rel}","templated":true}]}}