{"id":3667,"date":"2025-04-03T22:06:29","date_gmt":"2025-04-04T02:06:29","guid":{"rendered":"https:\/\/bizautom.com\/?post_type=product&#038;p=3667"},"modified":"2025-04-03T22:06:31","modified_gmt":"2025-04-04T02:06:31","slug":"prime-scales-ps-b99ss-stainless-steel-portion-scale","status":"publish","type":"product","link":"https:\/\/bizautom.com\/pt\/produto\/prime-scales-ps-b99ss-stainless-steel-portion-scale\/","title":{"rendered":"Balan\u00e7as Prime Scales PS-B99SS Balan\u00e7a de por\u00e7\u00f5es de a\u00e7o inoxid\u00e1vel"},"content":{"rendered":"<p data-pm-slice=\"1 1 []\">O <strong>PS-B99SS Balan\u00e7a de por\u00e7\u00f5es em a\u00e7o inoxid\u00e1vel<\/strong> \u00e9 uma solu\u00e7\u00e3o de pesagem de alta precis\u00e3o e de n\u00edvel profissional projetada para aplica\u00e7\u00f5es exigentes de servi\u00e7os de alimenta\u00e7\u00e3o, industriais e comerciais. Projetada para oferecer precis\u00e3o, durabilidade e facilidade de uso, essa balan\u00e7a \u00e9 perfeita para empresas que exigem <strong>controle preciso de por\u00e7\u00f5es, medi\u00e7\u00e3o de ingredientes e recursos de lavagem<\/strong> para manter a higiene e a conformidade com as normas de seguran\u00e7a alimentar.<\/p>\n<h4><strong>Constru\u00e7\u00e3o em a\u00e7o inoxid\u00e1vel premium<\/strong><\/h4>\n<p>Constru\u00eddo com um <strong>Plataforma de a\u00e7o inoxid\u00e1vel de 9\u2033 x 9<\/strong>, o <strong>PS-B99SS<\/strong> foi projetado para suportar o uso di\u00e1rio em ambientes adversos, incluindo produ\u00e7\u00e3o de alimentos, cozinhas comerciais e aplica\u00e7\u00f5es de pesagem industrial. O <strong>Indicador de a\u00e7o inoxid\u00e1vel 304<\/strong> aumenta a durabilidade da balan\u00e7a e garante resist\u00eancia \u00e0 corros\u00e3o, tornando-a ideal para ambientes \u00famidos e molhados, onde a higieniza\u00e7\u00e3o \u00e9 crucial.<\/p>\n<h4><strong>Projeto de lavagem para facilitar a limpeza<\/strong><\/h4>\n<p>O <strong>PS-B99SS<\/strong> apresenta um design seguro para lavagem, permitindo que os usu\u00e1rios limpem a balan\u00e7a completamente sem se preocupar com danos causados pela \u00e1gua. Isso \u00e9 especialmente vantajoso em instala\u00e7\u00f5es de processamento de alimentos, a\u00e7ougues e mercados de frutos do mar, onde a limpeza frequente \u00e9 necess\u00e1ria para manter os padr\u00f5es de higiene. Com sua <strong>eletr\u00f4nica selada e constru\u00e7\u00e3o dur\u00e1vel<\/strong>A balan\u00e7a garante desempenho de longo prazo, mesmo em ambientes propensos \u00e0 umidade.<\/p>\n<h4><strong>Precis\u00e3o superior e pesagem de v\u00e1rias unidades<\/strong><\/h4>\n<p>A precis\u00e3o \u00e9 fundamental quando se trata de controle de por\u00e7\u00f5es, e o <strong>PS-B99SS<\/strong> entrega <strong>precis\u00e3o super alta com capacidade de 20 lb e resolu\u00e7\u00e3o de 0,005 lb<\/strong>. Independentemente de estar pesando carnes, frutos do mar, produtos agr\u00edcolas, produtos de panifica\u00e7\u00e3o ou componentes industriais, esta balan\u00e7a fornece resultados confi\u00e1veis e consistentes.<\/p>\n<p>Al\u00e9m disso, o <strong>PS-B99SS<\/strong> suporta v\u00e1rias unidades de pesagem, incluindo:<\/p>\n<ul data-spread=\"false\">\n<li><strong>Libras (lb)<\/strong><\/li>\n<li><strong>On\u00e7as (oz)<\/strong><\/li>\n<li><strong>Quilogramas (kg)<\/strong><\/li>\n<\/ul>\n<p>Essa flexibilidade o torna uma ferramenta vers\u00e1til para uma variedade de aplica\u00e7\u00f5es, desde cozinhas comerciais at\u00e9 tarefas de pesagem industrial.<\/p>\n<h4><strong>Bateria recarreg\u00e1vel para opera\u00e7\u00e3o port\u00e1til<\/strong><\/h4>\n<p>Projetado para ser conveniente, o <strong>PS-B99SS<\/strong> inclui um <strong>Bateria recarreg\u00e1vel integrada<\/strong>permitindo a opera\u00e7\u00e3o port\u00e1til sem estar preso a uma tomada el\u00e9trica. Esse recurso \u00e9 especialmente \u00fatil em caminh\u00f5es de alimentos, mercados ao ar livre e ambientes m\u00f3veis de processamento de alimentos, onde o acesso constante \u00e0 eletricidade pode n\u00e3o estar dispon\u00edvel.<\/p>\n<p>A bateria recarreg\u00e1vel fornece <strong>desempenho duradouro<\/strong>A balan\u00e7a est\u00e1 pronta para ser usada sempre que necess\u00e1rio. Al\u00e9m disso, o <strong>Fun\u00e7\u00e3o de desligamento autom\u00e1tico com economia de energia<\/strong> ajuda a conservar a vida \u00fatil da bateria quando a balan\u00e7a n\u00e3o est\u00e1 em uso.<\/p>\n<h4><strong>Tela brilhante e f\u00e1cil de ler<\/strong><\/h4>\n<p>O <strong>PS-B99SS<\/strong> est\u00e1 equipado com um <strong>visor digital n\u00edtido<\/strong>O visor de alto contraste garante a visibilidade em diferentes condi\u00e7\u00f5es de ilumina\u00e7\u00e3o, permitindo que os usu\u00e1rios verifiquem rapidamente e com precis\u00e3o as leituras de peso. O visor de alto contraste garante a visibilidade em diferentes condi\u00e7\u00f5es de ilumina\u00e7\u00e3o, permitindo que os usu\u00e1rios verifiquem as leituras de peso com rapidez e precis\u00e3o.<\/p>\n<h4><strong>Ideal para uma ampla gama de aplica\u00e7\u00f5es<\/strong><\/h4>\n<p>Gra\u00e7as \u00e0 sua constru\u00e7\u00e3o dur\u00e1vel em a\u00e7o inoxid\u00e1vel, alta precis\u00e3o e op\u00e7\u00f5es de pesagem vers\u00e1teis, o <strong>PS-B99SS<\/strong> \u00e9 perfeito para:<\/p>\n<ul data-spread=\"false\">\n<li><strong>Restaurantes e cozinhas comerciais<\/strong> - Garantindo o controle preciso das por\u00e7\u00f5es para efici\u00eancia de custos e qualidade consistente dos alimentos.<\/li>\n<li><strong>Processamento e embalagem de alimentos<\/strong> - Medi\u00e7\u00e3o de ingredientes crus e itens aliment\u00edcios embalados com alta precis\u00e3o.<\/li>\n<li><strong>A\u00e7ougues e mercados de frutos do mar<\/strong> - Pesagem de carnes e frutos do mar, mantendo os padr\u00f5es de higiene.<\/li>\n<li><strong>Padarias e delicatessens<\/strong> - Garantir as propor\u00e7\u00f5es corretas dos ingredientes para receitas perfeitas.<\/li>\n<li><strong>Uso industrial e laboratorial<\/strong> - Medi\u00e7\u00e3o de pe\u00e7as pequenas, p\u00f3s e produtos qu\u00edmicos com precis\u00e3o.<\/li>\n<\/ul>\n<h4><strong>Principais recursos em um relance<\/strong><\/h4>\n<p>\u2705 <strong>Plataforma de a\u00e7o inoxid\u00e1vel de 9\u2033 x 9<\/strong> - Dur\u00e1vel, f\u00e1cil de limpar e resistente \u00e0 corros\u00e3o.<br \/>\n\u2705 <strong>Indicador de a\u00e7o inoxid\u00e1vel 304<\/strong> - Criado para resistir a ambientes adversos.<br \/>\n\u2705 <strong>Seguro para lavagem<\/strong> - Projetado para facilitar a limpeza e a higieniza\u00e7\u00e3o.<br \/>\n\u2705 <strong>Pesagem de v\u00e1rias unidades<\/strong> - Suportes <strong>lb, oz e kg<\/strong> para m\u00e1xima versatilidade.<br \/>\n\u2705 <strong>Super alta precis\u00e3o<\/strong> - <strong>Capacidade de 20 lb com precis\u00e3o de 0,005 lb<\/strong> para obter as medidas exatas.<br \/>\n\u2705 <strong>Bateria recarreg\u00e1vel<\/strong> - Energia de longa dura\u00e7\u00e3o para opera\u00e7\u00e3o port\u00e1til e ininterrupta.<br \/>\n\u2705 <strong>Tela digital brilhante<\/strong> - Tela clara e de alto contraste para facilitar a leitura.<br \/>\n\u2705 <strong>Fun\u00e7\u00e3o de desligamento autom\u00e1tico<\/strong> - Ajuda a conservar a vida \u00fatil da bateria quando n\u00e3o est\u00e1 em uso.<\/p>\n<h4><strong>Conclus\u00e3o<\/strong><\/h4>\n<p>O <strong>PS-B99SS Balan\u00e7a de por\u00e7\u00f5es em a\u00e7o inoxid\u00e1vel<\/strong> \u00e9 uma solu\u00e7\u00e3o de pesagem confi\u00e1vel e de alta precis\u00e3o que combina <strong>durabilidade, precis\u00e3o e facilidade de uso<\/strong>. Seja em uma cozinha comercial, em uma f\u00e1brica de processamento de alimentos ou em um ambiente industrial, essa balan\u00e7a garante o desempenho ideal, mantendo a higiene e a efici\u00eancia. Sua <strong>Design seguro para lavagem, constru\u00e7\u00e3o em a\u00e7o inoxid\u00e1vel, bateria recarreg\u00e1vel e recursos de pesagem de v\u00e1rias unidades<\/strong> torn\u00e1-lo um <strong>ferramenta indispens\u00e1vel<\/strong> para profissionais que exigem precis\u00e3o e confiabilidade em suas opera\u00e7\u00f5es di\u00e1rias.<\/p>","protected":false},"excerpt":{"rendered":"<p data-pm-slice=\"1 1 []\">Atualize seu sistema de pesagem com o <strong>PS-B99SS<\/strong> e experimente o equil\u00edbrio perfeito de <strong>precis\u00e3o, durabilidade e conveni\u00eancia<\/strong>!<\/p>","protected":false},"featured_media":3668,"comment_status":"open","ping_status":"closed","template":"","meta":[],"product_brand":[41],"product_cat":[15,30],"product_tag":[154,155],"class_list":{"0":"post-3667","1":"product","2":"type-product","3":"status-publish","4":"has-post-thumbnail","6":"product_brand-prime-scales","7":"product_cat-industrial-equipment","8":"product_cat-industrial-scales","9":"product_tag-portion-scale","10":"product_tag-stainless-steel-scale","12":"first","13":"instock","14":"taxable","15":"shipping-taxable","16":"purchasable","17":"product-type-simple"},"yoast_head":"<!-- This site is optimized with the Yoast SEO plugin v27.4 - https:\/\/yoast.com\/product\/yoast-seo-wordpress\/ -->\n<title>Prime Scales PS-B99SS Stainless Steel Portion Scale - BizAutom<\/title>\n<meta name=\"robots\" content=\"index, follow, max-snippet:-1, max-image-preview:large, max-video-preview:-1\" \/>\n<link rel=\"canonical\" href=\"https:\/\/bizautom.com\/pt\/produto\/prime-scales-ps-b99ss-stainless-steel-portion-scale\/\" \/>\n<meta property=\"og:locale\" content=\"pt_BR\" \/>\n<meta property=\"og:type\" content=\"article\" \/>\n<meta property=\"og:title\" content=\"Prime Scales PS-B99SS Stainless Steel Portion Scale - BizAutom\" \/>\n<meta property=\"og:description\" content=\"Upgrade your weighing system with the PS-B99SS and experience the perfect balance of accuracy, durability, and convenience!\" \/>\n<meta property=\"og:url\" content=\"https:\/\/bizautom.com\/pt\/produto\/prime-scales-ps-b99ss-stainless-steel-portion-scale\/\" \/>\n<meta property=\"og:site_name\" content=\"BizAutom\" \/>\n<meta property=\"article:publisher\" content=\"https:\/\/www.facebook.com\/people\/TINGCHEN-BizAutom\/61565746662873\/\" \/>\n<meta property=\"article:modified_time\" content=\"2025-04-04T02:06:31+00:00\" \/>\n<meta property=\"og:image\" content=\"https:\/\/bizautom.com\/wp-content\/uploads\/2025\/04\/PS-B99SS-scaled.webp\" \/>\n\t<meta property=\"og:image:width\" content=\"1920\" \/>\n\t<meta property=\"og:image:height\" content=\"1920\" \/>\n\t<meta property=\"og:image:type\" content=\"image\/webp\" \/>\n<meta name=\"twitter:card\" content=\"summary_large_image\" \/>\n<meta name=\"twitter:label1\" content=\"Est. tempo de leitura\" \/>\n\t<meta name=\"twitter:data1\" content=\"3 minutos\" \/>\n<!-- \/ Yoast SEO plugin. -->","yoast_head_json":{"title":"Prime Scales PS-B99SS Stainless Steel Portion Scale - BizAutom","robots":{"index":"index","follow":"follow","max-snippet":"max-snippet:-1","max-image-preview":"max-image-preview:large","max-video-preview":"max-video-preview:-1"},"canonical":"https:\/\/bizautom.com\/pt\/produto\/prime-scales-ps-b99ss-stainless-steel-portion-scale\/","og_locale":"pt_BR","og_type":"article","og_title":"Prime Scales PS-B99SS Stainless Steel Portion Scale - BizAutom","og_description":"Upgrade your weighing system with the PS-B99SS and experience the perfect balance of accuracy, durability, and convenience!","og_url":"https:\/\/bizautom.com\/pt\/produto\/prime-scales-ps-b99ss-stainless-steel-portion-scale\/","og_site_name":"BizAutom","article_publisher":"https:\/\/www.facebook.com\/people\/TINGCHEN-BizAutom\/61565746662873\/","article_modified_time":"2025-04-04T02:06:31+00:00","og_image":[{"width":1920,"height":1920,"url":"https:\/\/bizautom.com\/wp-content\/uploads\/2025\/04\/PS-B99SS-scaled.webp","type":"image\/webp"}],"twitter_card":"summary_large_image","twitter_misc":{"Est. tempo de leitura":"3 minutos"},"schema":{"@context":"https:\/\/schema.org","@graph":[{"@type":"WebPage","@id":"https:\/\/bizautom.com\/product\/prime-scales-ps-b99ss-stainless-steel-portion-scale\/","url":"https:\/\/bizautom.com\/product\/prime-scales-ps-b99ss-stainless-steel-portion-scale\/","name":"Prime Scales PS-B99SS Stainless Steel Portion Scale - BizAutom","isPartOf":{"@id":"https:\/\/bizautom.com\/#website"},"primaryImageOfPage":{"@id":"https:\/\/bizautom.com\/product\/prime-scales-ps-b99ss-stainless-steel-portion-scale\/#primaryimage"},"image":{"@id":"https:\/\/bizautom.com\/product\/prime-scales-ps-b99ss-stainless-steel-portion-scale\/#primaryimage"},"thumbnailUrl":"https:\/\/bizautom.com\/wp-content\/uploads\/2025\/04\/PS-B99SS-scaled.webp","datePublished":"2025-04-04T02:06:29+00:00","dateModified":"2025-04-04T02:06:31+00:00","breadcrumb":{"@id":"https:\/\/bizautom.com\/product\/prime-scales-ps-b99ss-stainless-steel-portion-scale\/#breadcrumb"},"inLanguage":"pt-BR","potentialAction":[{"@type":"ReadAction","target":["https:\/\/bizautom.com\/product\/prime-scales-ps-b99ss-stainless-steel-portion-scale\/"]}]},{"@type":"ImageObject","inLanguage":"pt-BR","@id":"https:\/\/bizautom.com\/product\/prime-scales-ps-b99ss-stainless-steel-portion-scale\/#primaryimage","url":"https:\/\/bizautom.com\/wp-content\/uploads\/2025\/04\/PS-B99SS-scaled.webp","contentUrl":"https:\/\/bizautom.com\/wp-content\/uploads\/2025\/04\/PS-B99SS-scaled.webp","width":1920,"height":1920},{"@type":"BreadcrumbList","@id":"https:\/\/bizautom.com\/product\/prime-scales-ps-b99ss-stainless-steel-portion-scale\/#breadcrumb","itemListElement":[{"@type":"ListItem","position":1,"name":"Home","item":"https:\/\/bizautom.com\/"},{"@type":"ListItem","position":2,"name":"Shop","item":"https:\/\/bizautom.com\/shop-2\/"},{"@type":"ListItem","position":3,"name":"Prime Scales PS-B99SS Stainless Steel Portion Scale"}]},{"@type":"WebSite","@id":"https:\/\/bizautom.com\/#website","url":"https:\/\/bizautom.com\/","name":"BizAutom","description":"R\u00e1pido. Preciso. Inteligente.","publisher":{"@id":"https:\/\/bizautom.com\/#organization"},"potentialAction":[{"@type":"SearchAction","target":{"@type":"EntryPoint","urlTemplate":"https:\/\/bizautom.com\/?s={search_term_string}"},"query-input":{"@type":"PropertyValueSpecification","valueRequired":true,"valueName":"search_term_string"}}],"inLanguage":"pt-BR"},{"@type":"Organization","@id":"https:\/\/bizautom.com\/#organization","name":"BizAutom","url":"https:\/\/bizautom.com\/","logo":{"@type":"ImageObject","inLanguage":"pt-BR","@id":"https:\/\/bizautom.com\/#\/schema\/logo\/image\/","url":"https:\/\/bizautom.com\/wp-content\/uploads\/2025\/04\/BizAutom_Logo_1.webp","contentUrl":"https:\/\/bizautom.com\/wp-content\/uploads\/2025\/04\/BizAutom_Logo_1.webp","width":455,"height":326,"caption":"BizAutom"},"image":{"@id":"https:\/\/bizautom.com\/#\/schema\/logo\/image\/"},"sameAs":["https:\/\/www.facebook.com\/people\/TINGCHEN-BizAutom\/61565746662873\/"]}]}},"jetpack-related-posts":[{"id":4327,"url":"https:\/\/bizautom.com\/pt\/produto\/prime-scales-ps-in202s-stainless-steel-ntep-legal-for-trade-indicator\/","url_meta":{"origin":3667,"position":0},"title":"Prime Scales PS-IN202S Indicador de a\u00e7o inoxid\u00e1vel NTEP legal para com\u00e9rcio","author":"admin","date":"maio 21, 2025","format":false,"excerpt":"The PS-IN202S is the ideal solution for operations demanding precision, durability, and regulatory compliance. Whether you\u2019re upgrading existing equipment or setting up a new industrial scale system, the PS-IN202S offers rugged performance with seamless connectivity.","rel":"","context":"Post similar","block_context":{"text":"Post similar","link":""},"img":{"alt_text":"","src":"https:\/\/i0.wp.com\/bizautom.com\/wp-content\/uploads\/2025\/05\/PS-IN202S-scaled.jpg?resize=350%2C200&ssl=1","width":350,"height":200,"srcset":"https:\/\/i0.wp.com\/bizautom.com\/wp-content\/uploads\/2025\/05\/PS-IN202S-scaled.jpg?resize=350%2C200&ssl=1 1x, https:\/\/i0.wp.com\/bizautom.com\/wp-content\/uploads\/2025\/05\/PS-IN202S-scaled.jpg?resize=525%2C300&ssl=1 1.5x, https:\/\/i0.wp.com\/bizautom.com\/wp-content\/uploads\/2025\/05\/PS-IN202S-scaled.jpg?resize=700%2C400&ssl=1 2x, https:\/\/i0.wp.com\/bizautom.com\/wp-content\/uploads\/2025\/05\/PS-IN202S-scaled.jpg?resize=1050%2C600&ssl=1 3x, https:\/\/i0.wp.com\/bizautom.com\/wp-content\/uploads\/2025\/05\/PS-IN202S-scaled.jpg?resize=1400%2C800&ssl=1 4x"},"classes":[]},{"id":1024,"url":"https:\/\/bizautom.com\/pt\/produto\/prime-scales-ps-in202ss-stainless-steel-ntep-indicator-trade-legal\/","url_meta":{"origin":3667,"position":1},"title":"Prime Scales PS-IN202SS Indicador NTEP em a\u00e7o inoxid\u00e1vel - Trade Legal","author":"admin","date":"julho 20, 2023","format":false,"excerpt":"The Prime PS-IN202SS indicator stands as a Legal For Trade (NTEP approved) device, equipped with serial output compatibility for printers or PCs. Encased in a robust 304 stainless steel enclosure with an IP-67 waterproof rating, it guarantees durability and protection. Renowned as the top choice for floor scales, small truck\u2026","rel":"","context":"Post similar","block_context":{"text":"Post similar","link":""},"img":{"alt_text":"prime scales ps-in202","src":"https:\/\/i0.wp.com\/bizautom.com\/wp-content\/uploads\/2023\/07\/PS-IN202SS.jpg?resize=350%2C200&ssl=1","width":350,"height":200,"srcset":"https:\/\/i0.wp.com\/bizautom.com\/wp-content\/uploads\/2023\/07\/PS-IN202SS.jpg?resize=350%2C200&ssl=1 1x, https:\/\/i0.wp.com\/bizautom.com\/wp-content\/uploads\/2023\/07\/PS-IN202SS.jpg?resize=525%2C300&ssl=1 1.5x, https:\/\/i0.wp.com\/bizautom.com\/wp-content\/uploads\/2023\/07\/PS-IN202SS.jpg?resize=700%2C400&ssl=1 2x, https:\/\/i0.wp.com\/bizautom.com\/wp-content\/uploads\/2023\/07\/PS-IN202SS.jpg?resize=1050%2C600&ssl=1 3x, https:\/\/i0.wp.com\/bizautom.com\/wp-content\/uploads\/2023\/07\/PS-IN202SS.jpg?resize=1400%2C800&ssl=1 4x"},"classes":[]},{"id":950,"url":"https:\/\/bizautom.com\/pt\/produto\/prime-scales-ps-b130-130x0-005lb-hi-definition-bench-scale-shipping-scale\/","url_meta":{"origin":3667,"position":2},"title":"Prime Scales PS-B130 130\u00d70.005lb Hi Definition Bench Scale | Shipping Scale","author":"admin","date":"julho 18, 2023","format":false,"excerpt":"A PS-B130 \u00e9 a nossa balan\u00e7a multifuncional para as necessidades do seu departamento de expedi\u00e7\u00e3o. Com essa nova balan\u00e7a, voc\u00ea n\u00e3o precisa mais de v\u00e1rias balan\u00e7as para pesos diferentes.","rel":"","context":"Post similar","block_context":{"text":"Post similar","link":""},"img":{"alt_text":"","src":"https:\/\/i0.wp.com\/bizautom.com\/wp-content\/uploads\/2023\/07\/PS-B130-Clean.jpg?resize=350%2C200&ssl=1","width":350,"height":200,"srcset":"https:\/\/i0.wp.com\/bizautom.com\/wp-content\/uploads\/2023\/07\/PS-B130-Clean.jpg?resize=350%2C200&ssl=1 1x, https:\/\/i0.wp.com\/bizautom.com\/wp-content\/uploads\/2023\/07\/PS-B130-Clean.jpg?resize=525%2C300&ssl=1 1.5x, https:\/\/i0.wp.com\/bizautom.com\/wp-content\/uploads\/2023\/07\/PS-B130-Clean.jpg?resize=700%2C400&ssl=1 2x, https:\/\/i0.wp.com\/bizautom.com\/wp-content\/uploads\/2023\/07\/PS-B130-Clean.jpg?resize=1050%2C600&ssl=1 3x, https:\/\/i0.wp.com\/bizautom.com\/wp-content\/uploads\/2023\/07\/PS-B130-Clean.jpg?resize=1400%2C800&ssl=1 4x"},"classes":[]},{"id":2085,"url":"https:\/\/bizautom.com\/pt\/produto\/bizautom-pc-1-tt-totalizer-indicator-advanced-weighing-and-totalizing-solution\/","url_meta":{"origin":3667,"position":3},"title":"Indicador Totalizador BizAutom PC-1-TT - Solu\u00e7\u00e3o avan\u00e7ada de pesagem e totaliza\u00e7\u00e3o","author":"admin","date":"mar\u00e7o 3, 2025","format":false,"excerpt":"The BizAutom PC-1 Totalizer Indicator is the perfect solution for businesses that require accurate totalization, clear visual alerts, and industrial-grade durability in their weighing processes.","rel":"","context":"Post similar","block_context":{"text":"Post similar","link":""},"img":{"alt_text":"","src":"https:\/\/i0.wp.com\/bizautom.com\/wp-content\/uploads\/2025\/03\/Totalizer_Indicator.jpg?resize=350%2C200&ssl=1","width":350,"height":200,"srcset":"https:\/\/i0.wp.com\/bizautom.com\/wp-content\/uploads\/2025\/03\/Totalizer_Indicator.jpg?resize=350%2C200&ssl=1 1x, https:\/\/i0.wp.com\/bizautom.com\/wp-content\/uploads\/2025\/03\/Totalizer_Indicator.jpg?resize=525%2C300&ssl=1 1.5x, https:\/\/i0.wp.com\/bizautom.com\/wp-content\/uploads\/2025\/03\/Totalizer_Indicator.jpg?resize=700%2C400&ssl=1 2x, https:\/\/i0.wp.com\/bizautom.com\/wp-content\/uploads\/2025\/03\/Totalizer_Indicator.jpg?resize=1050%2C600&ssl=1 3x, https:\/\/i0.wp.com\/bizautom.com\/wp-content\/uploads\/2025\/03\/Totalizer_Indicator.jpg?resize=1400%2C800&ssl=1 4x"},"classes":[]},{"id":1001,"url":"https:\/\/bizautom.com\/pt\/produto\/prime-scales-ps-700as4422-livestock-scale-veterinary-scale-with-indicator\/","url_meta":{"origin":3667,"position":4},"title":"Prime Scales PS-700AS4422 Balan\u00e7a para gado | Balan\u00e7a veterin\u00e1ria com indicador","author":"admin","date":"julho 19, 2023","format":false,"excerpt":"Garanta o monitoramento preciso e eficaz da sa\u00fade dos animais em v\u00e1rios est\u00e1gios de crescimento com o uso de balan\u00e7as para gado. A pesagem de animais \u00e9 um aspecto crucial das opera\u00e7\u00f5es agr\u00edcolas, ajudando a manter o desempenho ideal e garantindo seu bem-estar.","rel":"","context":"Post similar","block_context":{"text":"Post similar","link":""},"img":{"alt_text":"","src":"https:\/\/i0.wp.com\/bizautom.com\/wp-content\/uploads\/2023\/07\/CloudAnimalScale-Pig.jpg?resize=350%2C200&ssl=1","width":350,"height":200,"srcset":"https:\/\/i0.wp.com\/bizautom.com\/wp-content\/uploads\/2023\/07\/CloudAnimalScale-Pig.jpg?resize=350%2C200&ssl=1 1x, https:\/\/i0.wp.com\/bizautom.com\/wp-content\/uploads\/2023\/07\/CloudAnimalScale-Pig.jpg?resize=525%2C300&ssl=1 1.5x, https:\/\/i0.wp.com\/bizautom.com\/wp-content\/uploads\/2023\/07\/CloudAnimalScale-Pig.jpg?resize=700%2C400&ssl=1 2x, https:\/\/i0.wp.com\/bizautom.com\/wp-content\/uploads\/2023\/07\/CloudAnimalScale-Pig.jpg?resize=1050%2C600&ssl=1 3x, https:\/\/i0.wp.com\/bizautom.com\/wp-content\/uploads\/2023\/07\/CloudAnimalScale-Pig.jpg?resize=1400%2C800&ssl=1 4x"},"classes":[]},{"id":4341,"url":"https:\/\/bizautom.com\/pt\/produto\/ps-wcs-pro-premium-wheelchair-scale-with-enhanced-safety-and-stability\/","url_meta":{"origin":3667,"position":5},"title":"PS-WCS-Pro - Balan\u00e7a para cadeira de rodas premium com seguran\u00e7a e estabilidade aprimoradas","author":"admin","date":"junho 12, 2025","format":false,"excerpt":"With its advanced safety features, improved ramp integration, and durable construction, the PS-WCS-Pro redefines wheelchair weighing. Whether in a medical facility or at home, this scale delivers the performance and peace of mind you can count on.","rel":"","context":"Post similar","block_context":{"text":"Post similar","link":""},"img":{"alt_text":"","src":"https:\/\/i0.wp.com\/bizautom.com\/wp-content\/uploads\/2025\/06\/PS-WCS-Pro.jpg?resize=350%2C200&ssl=1","width":350,"height":200,"srcset":"https:\/\/i0.wp.com\/bizautom.com\/wp-content\/uploads\/2025\/06\/PS-WCS-Pro.jpg?resize=350%2C200&ssl=1 1x, https:\/\/i0.wp.com\/bizautom.com\/wp-content\/uploads\/2025\/06\/PS-WCS-Pro.jpg?resize=525%2C300&ssl=1 1.5x, https:\/\/i0.wp.com\/bizautom.com\/wp-content\/uploads\/2025\/06\/PS-WCS-Pro.jpg?resize=700%2C400&ssl=1 2x, https:\/\/i0.wp.com\/bizautom.com\/wp-content\/uploads\/2025\/06\/PS-WCS-Pro.jpg?resize=1050%2C600&ssl=1 3x, https:\/\/i0.wp.com\/bizautom.com\/wp-content\/uploads\/2025\/06\/PS-WCS-Pro.jpg?resize=1400%2C800&ssl=1 4x"},"classes":[]}],"jetpack_sharing_enabled":true,"_links":{"self":[{"href":"https:\/\/bizautom.com\/pt\/wp-json\/wp\/v2\/product\/3667","targetHints":{"allow":["GET"]}}],"collection":[{"href":"https:\/\/bizautom.com\/pt\/wp-json\/wp\/v2\/product"}],"about":[{"href":"https:\/\/bizautom.com\/pt\/wp-json\/wp\/v2\/types\/product"}],"replies":[{"embeddable":true,"href":"https:\/\/bizautom.com\/pt\/wp-json\/wp\/v2\/comments?post=3667"}],"version-history":[{"count":1,"href":"https:\/\/bizautom.com\/pt\/wp-json\/wp\/v2\/product\/3667\/revisions"}],"predecessor-version":[{"id":3671,"href":"https:\/\/bizautom.com\/pt\/wp-json\/wp\/v2\/product\/3667\/revisions\/3671"}],"wp:featuredmedia":[{"embeddable":true,"href":"https:\/\/bizautom.com\/pt\/wp-json\/wp\/v2\/media\/3668"}],"wp:attachment":[{"href":"https:\/\/bizautom.com\/pt\/wp-json\/wp\/v2\/media?parent=3667"}],"wp:term":[{"taxonomy":"product_brand","embeddable":true,"href":"https:\/\/bizautom.com\/pt\/wp-json\/wp\/v2\/product_brand?post=3667"},{"taxonomy":"product_cat","embeddable":true,"href":"https:\/\/bizautom.com\/pt\/wp-json\/wp\/v2\/product_cat?post=3667"},{"taxonomy":"product_tag","embeddable":true,"href":"https:\/\/bizautom.com\/pt\/wp-json\/wp\/v2\/product_tag?post=3667"}],"curies":[{"name":"wp","href":"https:\/\/api.w.org\/{rel}","templated":true}]}}