{"id":4327,"date":"2025-05-21T20:03:39","date_gmt":"2025-05-22T00:03:39","guid":{"rendered":"https:\/\/bizautom.com\/?post_type=product&#038;p=4327"},"modified":"2025-05-21T20:03:40","modified_gmt":"2025-05-22T00:03:40","slug":"prime-scales-ps-in202s-stainless-steel-ntep-legal-for-trade-indicator","status":"publish","type":"product","link":"https:\/\/bizautom.com\/pt\/produto\/prime-scales-ps-in202s-stainless-steel-ntep-legal-for-trade-indicator\/","title":{"rendered":"Prime Scales PS-IN202S Indicador de a\u00e7o inoxid\u00e1vel NTEP legal para com\u00e9rcio"},"content":{"rendered":"<p data-start=\"350\" data-end=\"740\">Certifica\u00e7\u00e3o NTEP | Sa\u00edda RS232 | Classifica\u00e7\u00e3o IP67<\/p>\n<p data-start=\"350\" data-end=\"740\">O <strong data-start=\"354\" data-end=\"367\">PS-IN202S<\/strong> \u00e9 um avan\u00e7ado <strong data-start=\"383\" data-end=\"426\">Indicador de peso digital certificado pela NTEP<\/strong> constru\u00eddo para oferecer precis\u00e3o, durabilidade e f\u00e1cil integra\u00e7\u00e3o em uma ampla variedade de sistemas de pesagem industrial. Essa vers\u00e3o atualizada do popular PS-IN202 apresenta um <strong data-start=\"595\" data-end=\"628\">Gabinete de a\u00e7o inoxid\u00e1vel 304<\/strong>tornando-o ideal para uso em ambientes de lavagem, processamento de alimentos, agricultura e outros ambientes agressivos ou corrosivos.<\/p>\n<hr data-start=\"742\" data-end=\"745\" \/>\n<h4 data-start=\"747\" data-end=\"790\">\ud83d\udd27 <strong data-start=\"755\" data-end=\"790\">Principais especifica\u00e7\u00f5es e recursos<\/strong><\/h4>\n<ul data-start=\"792\" data-end=\"2367\">\n<li data-start=\"792\" data-end=\"969\">\n<p data-start=\"794\" data-end=\"969\"><strong data-start=\"794\" data-end=\"827\">Gabinete de a\u00e7o inoxid\u00e1vel 304<\/strong><br data-start=\"827\" data-end=\"830\" \/>O inv\u00f3lucro resistente \u00e0 corros\u00e3o e com classifica\u00e7\u00e3o IP67 oferece prote\u00e7\u00e3o contra \u00e1gua, poeira e produtos qu\u00edmicos - ideal para ambientes sanit\u00e1rios e industriais.<\/p>\n<\/li>\n<li data-start=\"971\" data-end=\"1099\">\n<p data-start=\"973\" data-end=\"1099\"><strong data-start=\"973\" data-end=\"990\">Aprovado pelo NTEP<\/strong><br data-start=\"990\" data-end=\"993\" \/>A certifica\u00e7\u00e3o Legal-for-trade (CoC #12-112) garante precis\u00e3o e conformidade para aplica\u00e7\u00f5es comerciais.<\/p>\n<\/li>\n<li data-start=\"1101\" data-end=\"1228\">\n<p data-start=\"1103\" data-end=\"1228\"><strong data-start=\"1103\" data-end=\"1132\">Tela de LED de alto contraste<\/strong><br data-start=\"1132\" data-end=\"1135\" \/>A tela brilhante de LED vermelho de 1,5\" garante excelente visibilidade em espa\u00e7os de trabalho claros e escuros.<\/p>\n<\/li>\n<li data-start=\"1230\" data-end=\"1440\">\n<p data-start=\"1232\" data-end=\"1440\"><strong data-start=\"1232\" data-end=\"1258\">Sa\u00edda RS232 vers\u00e1til<\/strong><br data-start=\"1258\" data-end=\"1261\" \/>Equipado com comunica\u00e7\u00e3o serial RS232 para facilitar a conex\u00e3o com impressoras, computadores ou monitores remotos. Compat\u00edvel com a maioria dos sistemas e softwares de PDV que suportam entrada serial.<\/p>\n<\/li>\n<li data-start=\"1442\" data-end=\"1612\">\n<p data-start=\"1444\" data-end=\"1612\"><strong data-start=\"1444\" data-end=\"1465\">Suporte para c\u00e9lula de carga<\/strong><br data-start=\"1465\" data-end=\"1468\" \/>Pot\u00eancia de at\u00e9 <strong data-start=\"1483\" data-end=\"1495\">8 \u00d7 350\u03a9<\/strong> c\u00e9lulas de carga ou <strong data-start=\"1510\" data-end=\"1523\">16 \u00d7 700\u03a9<\/strong>tornando-o compat\u00edvel com grandes balan\u00e7as de piso, balan\u00e7as de gado e sistemas multicelulares.<\/p>\n<\/li>\n<li data-start=\"1614\" data-end=\"1750\">\n<p data-start=\"1616\" data-end=\"1750\"><strong data-start=\"1616\" data-end=\"1645\">Modos de pesagem selecion\u00e1veis<\/strong><br data-start=\"1645\" data-end=\"1648\" \/>Suporta fun\u00e7\u00f5es de bruto, l\u00edquido, tara, zero e acumula\u00e7\u00e3o para opera\u00e7\u00f5es flex\u00edveis em qualquer fluxo de trabalho.<\/p>\n<\/li>\n<li data-start=\"1752\" data-end=\"1889\">\n<p data-start=\"1754\" data-end=\"1889\"><strong data-start=\"1754\" data-end=\"1781\">Interface amig\u00e1vel ao usu\u00e1rio<\/strong><br data-start=\"1781\" data-end=\"1784\" \/>Painel frontal simples com 5 teclas (ZERO, TARE, PRINT, FUNC, ON\/OFF) para navega\u00e7\u00e3o intuitiva e opera\u00e7\u00e3o r\u00e1pida.<\/p>\n<\/li>\n<li data-start=\"1891\" data-end=\"2012\">\n<p data-start=\"1893\" data-end=\"2012\"><strong data-start=\"1893\" data-end=\"1921\">Suporte de montagem dur\u00e1vel<\/strong><br data-start=\"1921\" data-end=\"1924\" \/>Vem com um suporte ajust\u00e1vel de a\u00e7o inoxid\u00e1vel para facilitar a montagem na parede, bancada ou poste.<\/p>\n<\/li>\n<li data-start=\"2014\" data-end=\"2176\">\n<p data-start=\"2016\" data-end=\"2176\"><strong data-start=\"2016\" data-end=\"2032\">Fonte de alimenta\u00e7\u00e3o<\/strong><br data-start=\"2032\" data-end=\"2035\" \/>Inclui adaptador de parede de 110V CA e bateria interna recarreg\u00e1vel para uso port\u00e1til ou ininterrupto. A dura\u00e7\u00e3o da bateria \u00e9 de at\u00e9 100 horas por carga.<\/p>\n<\/li>\n<li data-start=\"2178\" data-end=\"2264\">\n<p data-start=\"2180\" data-end=\"2264\"><strong data-start=\"2180\" data-end=\"2207\">Toler\u00e2ncia ambiental<\/strong><br data-start=\"2207\" data-end=\"2210\" \/>Temperatura operacional: -10\u00b0C a 40\u00b0C (14\u00b0F a 104\u00b0F)<\/p>\n<\/li>\n<li data-start=\"2266\" data-end=\"2367\">\n<p data-start=\"2268\" data-end=\"2293\"><strong data-start=\"2268\" data-end=\"2291\">Dimens\u00f5es e peso<\/strong><\/p>\n<ul data-start=\"2296\" data-end=\"2367\">\n<li data-start=\"2296\" data-end=\"2341\">\n<p data-start=\"2298\" data-end=\"2341\">Indicador: 9,3\u2033 (C) \u00d7 2,8\u2033 (P) \u00d7 6,5\u2033 (A)<\/p>\n<\/li>\n<li data-start=\"2344\" data-end=\"2367\">\n<p data-start=\"2346\" data-end=\"2367\">Peso: Aprox. 4 lbs<\/p>\n<\/li>\n<\/ul>\n<\/li>\n<\/ul>\n<hr data-start=\"2369\" data-end=\"2372\" \/>\n<h4 data-start=\"2374\" data-end=\"2397\">\u2705 <strong data-start=\"2381\" data-end=\"2397\">Aplicativos<\/strong><\/h4>\n<ul data-start=\"2399\" data-end=\"2595\">\n<li data-start=\"2399\" data-end=\"2424\">\n<p data-start=\"2401\" data-end=\"2424\">Armaz\u00e9m e log\u00edstica<\/p>\n<\/li>\n<li data-start=\"2425\" data-end=\"2462\">\n<p data-start=\"2427\" data-end=\"2462\">Pesagem agr\u00edcola e de gado<\/p>\n<\/li>\n<li data-start=\"2463\" data-end=\"2506\">\n<p data-start=\"2465\" data-end=\"2506\">Ambientes de processamento de alimentos e lavagem<\/p>\n<\/li>\n<li data-start=\"2507\" data-end=\"2532\">\n<p data-start=\"2509\" data-end=\"2532\">Balan\u00e7as de piso e de paletes<\/p>\n<\/li>\n<li data-start=\"2533\" data-end=\"2571\">\n<p data-start=\"2535\" data-end=\"2571\">Tremonhas, silos e sistemas de dosagem<\/p>\n<\/li>\n<li data-start=\"2572\" data-end=\"2595\">\n<p data-start=\"2574\" data-end=\"2595\">Balan\u00e7as de caminh\u00f5es e eixos<\/p>\n<\/li>\n<\/ul>","protected":false},"excerpt":{"rendered":"<p>O <strong data-start=\"2606\" data-end=\"2619\">PS-IN202S<\/strong> \u00e9 a solu\u00e7\u00e3o ideal para opera\u00e7\u00f5es que exigem <strong data-start=\"2667\" data-end=\"2680\">precis\u00e3o<\/strong>, <strong data-start=\"2682\" data-end=\"2696\">durabilidade<\/strong>e <strong data-start=\"2702\" data-end=\"2727\">conformidade regulat\u00f3ria<\/strong>. Independentemente de voc\u00ea estar atualizando o equipamento existente ou configurando um novo sistema de balan\u00e7a industrial, o PS-IN202S oferece desempenho robusto com conectividade perfeita.<\/p>","protected":false},"featured_media":4328,"comment_status":"open","ping_status":"closed","template":"","meta":[],"product_brand":[41],"product_cat":[32],"product_tag":[],"class_list":{"0":"post-4327","1":"product","2":"type-product","3":"status-publish","4":"has-post-thumbnail","6":"product_brand-prime-scales","7":"product_cat-instruments-parts","9":"first","10":"instock","11":"taxable","12":"shipping-taxable","13":"purchasable","14":"product-type-simple"},"yoast_head":"<!-- This site is optimized with the Yoast SEO plugin v27.4 - https:\/\/yoast.com\/product\/yoast-seo-wordpress\/ -->\n<title>Prime Scales PS-IN202S Stainless Steel NTEP Legal For Trade Indicator - BizAutom<\/title>\n<meta name=\"robots\" content=\"index, follow, max-snippet:-1, max-image-preview:large, max-video-preview:-1\" \/>\n<link rel=\"canonical\" href=\"https:\/\/bizautom.com\/pt\/produto\/prime-scales-ps-in202s-stainless-steel-ntep-legal-for-trade-indicator\/\" \/>\n<meta property=\"og:locale\" content=\"pt_BR\" \/>\n<meta property=\"og:type\" content=\"article\" \/>\n<meta property=\"og:title\" content=\"Prime Scales PS-IN202S Stainless Steel NTEP Legal For Trade Indicator - BizAutom\" \/>\n<meta property=\"og:description\" content=\"The PS-IN202S is the ideal solution for operations demanding precision, durability, and regulatory compliance. Whether you\u2019re upgrading existing equipment or setting up a new industrial scale system, the PS-IN202S offers rugged performance with seamless connectivity.\" \/>\n<meta property=\"og:url\" content=\"https:\/\/bizautom.com\/pt\/produto\/prime-scales-ps-in202s-stainless-steel-ntep-legal-for-trade-indicator\/\" \/>\n<meta property=\"og:site_name\" content=\"BizAutom\" \/>\n<meta property=\"article:publisher\" content=\"https:\/\/www.facebook.com\/people\/TINGCHEN-BizAutom\/61565746662873\/\" \/>\n<meta property=\"article:modified_time\" content=\"2025-05-22T00:03:40+00:00\" \/>\n<meta property=\"og:image\" content=\"https:\/\/bizautom.com\/wp-content\/uploads\/2025\/05\/PS-IN202S-scaled.jpg\" \/>\n\t<meta property=\"og:image:width\" content=\"2560\" \/>\n\t<meta property=\"og:image:height\" content=\"2560\" \/>\n\t<meta property=\"og:image:type\" content=\"image\/jpeg\" \/>\n<meta name=\"twitter:card\" content=\"summary_large_image\" \/>\n<meta name=\"twitter:label1\" content=\"Est. tempo de leitura\" \/>\n\t<meta name=\"twitter:data1\" content=\"2 minutos\" \/>\n<!-- \/ Yoast SEO plugin. -->","yoast_head_json":{"title":"Prime Scales PS-IN202S Stainless Steel NTEP Legal For Trade Indicator - BizAutom","robots":{"index":"index","follow":"follow","max-snippet":"max-snippet:-1","max-image-preview":"max-image-preview:large","max-video-preview":"max-video-preview:-1"},"canonical":"https:\/\/bizautom.com\/pt\/produto\/prime-scales-ps-in202s-stainless-steel-ntep-legal-for-trade-indicator\/","og_locale":"pt_BR","og_type":"article","og_title":"Prime Scales PS-IN202S Stainless Steel NTEP Legal For Trade Indicator - BizAutom","og_description":"The PS-IN202S is the ideal solution for operations demanding precision, durability, and regulatory compliance. Whether you\u2019re upgrading existing equipment or setting up a new industrial scale system, the PS-IN202S offers rugged performance with seamless connectivity.","og_url":"https:\/\/bizautom.com\/pt\/produto\/prime-scales-ps-in202s-stainless-steel-ntep-legal-for-trade-indicator\/","og_site_name":"BizAutom","article_publisher":"https:\/\/www.facebook.com\/people\/TINGCHEN-BizAutom\/61565746662873\/","article_modified_time":"2025-05-22T00:03:40+00:00","og_image":[{"width":2560,"height":2560,"url":"https:\/\/bizautom.com\/wp-content\/uploads\/2025\/05\/PS-IN202S-scaled.jpg","type":"image\/jpeg"}],"twitter_card":"summary_large_image","twitter_misc":{"Est. tempo de leitura":"2 minutos"},"schema":{"@context":"https:\/\/schema.org","@graph":[{"@type":"WebPage","@id":"https:\/\/bizautom.com\/product\/prime-scales-ps-in202s-stainless-steel-ntep-legal-for-trade-indicator\/","url":"https:\/\/bizautom.com\/product\/prime-scales-ps-in202s-stainless-steel-ntep-legal-for-trade-indicator\/","name":"Prime Scales PS-IN202S Stainless Steel NTEP Legal For Trade Indicator - BizAutom","isPartOf":{"@id":"https:\/\/bizautom.com\/#website"},"primaryImageOfPage":{"@id":"https:\/\/bizautom.com\/product\/prime-scales-ps-in202s-stainless-steel-ntep-legal-for-trade-indicator\/#primaryimage"},"image":{"@id":"https:\/\/bizautom.com\/product\/prime-scales-ps-in202s-stainless-steel-ntep-legal-for-trade-indicator\/#primaryimage"},"thumbnailUrl":"https:\/\/bizautom.com\/wp-content\/uploads\/2025\/05\/PS-IN202S-scaled.jpg","datePublished":"2025-05-22T00:03:39+00:00","dateModified":"2025-05-22T00:03:40+00:00","breadcrumb":{"@id":"https:\/\/bizautom.com\/product\/prime-scales-ps-in202s-stainless-steel-ntep-legal-for-trade-indicator\/#breadcrumb"},"inLanguage":"pt-BR","potentialAction":[{"@type":"ReadAction","target":["https:\/\/bizautom.com\/product\/prime-scales-ps-in202s-stainless-steel-ntep-legal-for-trade-indicator\/"]}]},{"@type":"ImageObject","inLanguage":"pt-BR","@id":"https:\/\/bizautom.com\/product\/prime-scales-ps-in202s-stainless-steel-ntep-legal-for-trade-indicator\/#primaryimage","url":"https:\/\/bizautom.com\/wp-content\/uploads\/2025\/05\/PS-IN202S-scaled.jpg","contentUrl":"https:\/\/bizautom.com\/wp-content\/uploads\/2025\/05\/PS-IN202S-scaled.jpg","width":2560,"height":2560},{"@type":"BreadcrumbList","@id":"https:\/\/bizautom.com\/product\/prime-scales-ps-in202s-stainless-steel-ntep-legal-for-trade-indicator\/#breadcrumb","itemListElement":[{"@type":"ListItem","position":1,"name":"Home","item":"https:\/\/bizautom.com\/"},{"@type":"ListItem","position":2,"name":"Shop","item":"https:\/\/bizautom.com\/shop-2\/"},{"@type":"ListItem","position":3,"name":"Prime Scales PS-IN202S Stainless Steel NTEP Legal For Trade Indicator"}]},{"@type":"WebSite","@id":"https:\/\/bizautom.com\/#website","url":"https:\/\/bizautom.com\/","name":"BizAutom","description":"R\u00e1pido. Preciso. Inteligente.","publisher":{"@id":"https:\/\/bizautom.com\/#organization"},"potentialAction":[{"@type":"SearchAction","target":{"@type":"EntryPoint","urlTemplate":"https:\/\/bizautom.com\/?s={search_term_string}"},"query-input":{"@type":"PropertyValueSpecification","valueRequired":true,"valueName":"search_term_string"}}],"inLanguage":"pt-BR"},{"@type":"Organization","@id":"https:\/\/bizautom.com\/#organization","name":"BizAutom","url":"https:\/\/bizautom.com\/","logo":{"@type":"ImageObject","inLanguage":"pt-BR","@id":"https:\/\/bizautom.com\/#\/schema\/logo\/image\/","url":"https:\/\/bizautom.com\/wp-content\/uploads\/2025\/04\/BizAutom_Logo_1.webp","contentUrl":"https:\/\/bizautom.com\/wp-content\/uploads\/2025\/04\/BizAutom_Logo_1.webp","width":455,"height":326,"caption":"BizAutom"},"image":{"@id":"https:\/\/bizautom.com\/#\/schema\/logo\/image\/"},"sameAs":["https:\/\/www.facebook.com\/people\/TINGCHEN-BizAutom\/61565746662873\/"]}]}},"jetpack-related-posts":[{"id":1024,"url":"https:\/\/bizautom.com\/pt\/produto\/prime-scales-ps-in202ss-stainless-steel-ntep-indicator-trade-legal\/","url_meta":{"origin":4327,"position":0},"title":"Prime Scales PS-IN202SS Indicador NTEP em a\u00e7o inoxid\u00e1vel - Trade Legal","author":"admin","date":"julho 20, 2023","format":false,"excerpt":"The Prime PS-IN202SS indicator stands as a Legal For Trade (NTEP approved) device, equipped with serial output compatibility for printers or PCs. Encased in a robust 304 stainless steel enclosure with an IP-67 waterproof rating, it guarantees durability and protection. Renowned as the top choice for floor scales, small truck\u2026","rel":"","context":"Post similar","block_context":{"text":"Post similar","link":""},"img":{"alt_text":"prime scales ps-in202","src":"https:\/\/i0.wp.com\/bizautom.com\/wp-content\/uploads\/2023\/07\/PS-IN202SS.jpg?resize=350%2C200&ssl=1","width":350,"height":200,"srcset":"https:\/\/i0.wp.com\/bizautom.com\/wp-content\/uploads\/2023\/07\/PS-IN202SS.jpg?resize=350%2C200&ssl=1 1x, https:\/\/i0.wp.com\/bizautom.com\/wp-content\/uploads\/2023\/07\/PS-IN202SS.jpg?resize=525%2C300&ssl=1 1.5x, https:\/\/i0.wp.com\/bizautom.com\/wp-content\/uploads\/2023\/07\/PS-IN202SS.jpg?resize=700%2C400&ssl=1 2x, https:\/\/i0.wp.com\/bizautom.com\/wp-content\/uploads\/2023\/07\/PS-IN202SS.jpg?resize=1050%2C600&ssl=1 3x, https:\/\/i0.wp.com\/bizautom.com\/wp-content\/uploads\/2023\/07\/PS-IN202SS.jpg?resize=1400%2C800&ssl=1 4x"},"classes":[]},{"id":957,"url":"https:\/\/bizautom.com\/pt\/produto\/prime-scales-ps-in202-digital-indicator-with-rs232-signal-output\/","url_meta":{"origin":4327,"position":1},"title":"Prime Scales PS-IN202 Indicador digital com sa\u00edda de sinal RS232","author":"admin","date":"julho 18, 2023","format":false,"excerpt":"Quer voc\u00ea precise de um indicador b\u00e1sico no momento ou preveja a necessidade de conectar sua balan\u00e7a \u00e0 rede BizAutom no futuro, o PS-IN202 \u00e9 a escolha ideal.","rel":"","context":"Post similar","block_context":{"text":"Post similar","link":""},"img":{"alt_text":"","src":"https:\/\/i0.wp.com\/bizautom.com\/wp-content\/uploads\/2023\/07\/PS-IN202.jpg?resize=350%2C200&ssl=1","width":350,"height":200,"srcset":"https:\/\/i0.wp.com\/bizautom.com\/wp-content\/uploads\/2023\/07\/PS-IN202.jpg?resize=350%2C200&ssl=1 1x, https:\/\/i0.wp.com\/bizautom.com\/wp-content\/uploads\/2023\/07\/PS-IN202.jpg?resize=525%2C300&ssl=1 1.5x, https:\/\/i0.wp.com\/bizautom.com\/wp-content\/uploads\/2023\/07\/PS-IN202.jpg?resize=700%2C400&ssl=1 2x"},"classes":[]},{"id":823,"url":"https:\/\/bizautom.com\/pt\/produto\/prime-scales-row-on-weigh-pallet-jack-floor-scale-with-ps-in202-indicator\/","url_meta":{"origin":4327,"position":2},"title":"Balan\u00e7as Prime Scales Roll On Weigh Pallet Jack \/ Balan\u00e7a de piso com indicador PS-IN202","author":"admin","date":"julho 18, 2023","format":false,"excerpt":"Quando se trata de pesar esses objetos, uma rampa \u00e9 essencial, e nossas balan\u00e7as Roll On Weigh oferecem exatamente isso. O design inovador garante que, quando as rodas da paleteira, da carreta, do carrinho ou da cadeira de rodas tocam a rampa, ela se abaixa suavemente at\u00e9 o ch\u00e3o, suportando o peso com seguran\u00e7a.","rel":"","context":"Post similar","block_context":{"text":"Post similar","link":""},"img":{"alt_text":"","src":"https:\/\/i0.wp.com\/bizautom.com\/wp-content\/uploads\/2023\/07\/PS-ROWPalletJack-scaled.jpg?resize=350%2C200&ssl=1","width":350,"height":200,"srcset":"https:\/\/i0.wp.com\/bizautom.com\/wp-content\/uploads\/2023\/07\/PS-ROWPalletJack-scaled.jpg?resize=350%2C200&ssl=1 1x, https:\/\/i0.wp.com\/bizautom.com\/wp-content\/uploads\/2023\/07\/PS-ROWPalletJack-scaled.jpg?resize=525%2C300&ssl=1 1.5x, https:\/\/i0.wp.com\/bizautom.com\/wp-content\/uploads\/2023\/07\/PS-ROWPalletJack-scaled.jpg?resize=700%2C400&ssl=1 2x, https:\/\/i0.wp.com\/bizautom.com\/wp-content\/uploads\/2023\/07\/PS-ROWPalletJack-scaled.jpg?resize=1050%2C600&ssl=1 3x, https:\/\/i0.wp.com\/bizautom.com\/wp-content\/uploads\/2023\/07\/PS-ROWPalletJack-scaled.jpg?resize=1400%2C800&ssl=1 4x"},"classes":[]},{"id":1147,"url":"https:\/\/bizautom.com\/pt\/produto\/prime-scales-row-on-weigh-electric-wheelchair-scale-with-ps-in202\/","url_meta":{"origin":4327,"position":3},"title":"Balan\u00e7as Prime Scales Balan\u00e7a el\u00e9trica para cadeira de rodas com pesagem por rolagem PS-IN202","author":"admin","date":"setembro 16, 2023","format":false,"excerpt":"Introdu\u00e7\u00e3o de uma balan\u00e7a especialmente projetada para pesar pessoas em cadeiras de rodas el\u00e9tricas, pois as balan\u00e7as tradicionais para cadeiras de rodas n\u00e3o s\u00e3o adequadas para seu tamanho e peso.","rel":"","context":"Post similar","block_context":{"text":"Post similar","link":""},"img":{"alt_text":"","src":"https:\/\/i0.wp.com\/bizautom.com\/wp-content\/uploads\/2023\/09\/PS-ROWwheelchair-scaled.jpg?resize=350%2C200&ssl=1","width":350,"height":200,"srcset":"https:\/\/i0.wp.com\/bizautom.com\/wp-content\/uploads\/2023\/09\/PS-ROWwheelchair-scaled.jpg?resize=350%2C200&ssl=1 1x, https:\/\/i0.wp.com\/bizautom.com\/wp-content\/uploads\/2023\/09\/PS-ROWwheelchair-scaled.jpg?resize=525%2C300&ssl=1 1.5x, https:\/\/i0.wp.com\/bizautom.com\/wp-content\/uploads\/2023\/09\/PS-ROWwheelchair-scaled.jpg?resize=700%2C400&ssl=1 2x, https:\/\/i0.wp.com\/bizautom.com\/wp-content\/uploads\/2023\/09\/PS-ROWwheelchair-scaled.jpg?resize=1050%2C600&ssl=1 3x, https:\/\/i0.wp.com\/bizautom.com\/wp-content\/uploads\/2023\/09\/PS-ROWwheelchair-scaled.jpg?resize=1400%2C800&ssl=1 4x"},"classes":[]},{"id":2085,"url":"https:\/\/bizautom.com\/pt\/produto\/bizautom-pc-1-tt-totalizer-indicator-advanced-weighing-and-totalizing-solution\/","url_meta":{"origin":4327,"position":4},"title":"Indicador Totalizador BizAutom PC-1-TT - Solu\u00e7\u00e3o avan\u00e7ada de pesagem e totaliza\u00e7\u00e3o","author":"admin","date":"mar\u00e7o 3, 2025","format":false,"excerpt":"The BizAutom PC-1 Totalizer Indicator is the perfect solution for businesses that require accurate totalization, clear visual alerts, and industrial-grade durability in their weighing processes.","rel":"","context":"Post similar","block_context":{"text":"Post similar","link":""},"img":{"alt_text":"","src":"https:\/\/i0.wp.com\/bizautom.com\/wp-content\/uploads\/2025\/03\/Totalizer_Indicator.jpg?resize=350%2C200&ssl=1","width":350,"height":200,"srcset":"https:\/\/i0.wp.com\/bizautom.com\/wp-content\/uploads\/2025\/03\/Totalizer_Indicator.jpg?resize=350%2C200&ssl=1 1x, https:\/\/i0.wp.com\/bizautom.com\/wp-content\/uploads\/2025\/03\/Totalizer_Indicator.jpg?resize=525%2C300&ssl=1 1.5x, https:\/\/i0.wp.com\/bizautom.com\/wp-content\/uploads\/2025\/03\/Totalizer_Indicator.jpg?resize=700%2C400&ssl=1 2x, https:\/\/i0.wp.com\/bizautom.com\/wp-content\/uploads\/2025\/03\/Totalizer_Indicator.jpg?resize=1050%2C600&ssl=1 3x, https:\/\/i0.wp.com\/bizautom.com\/wp-content\/uploads\/2025\/03\/Totalizer_Indicator.jpg?resize=1400%2C800&ssl=1 4x"},"classes":[]},{"id":992,"url":"https:\/\/bizautom.com\/pt\/produto\/ps-wb\/","url_meta":{"origin":4327,"position":5},"title":"Prime Scales PS-WB Conjuntos de barras de carga\/barras de pesagem com indicador","author":"admin","date":"julho 19, 2023","format":false,"excerpt":"Transforme sua calha de gado, palete ou qualquer outro equipamento em uma balan\u00e7a confi\u00e1vel com nossas Barras de Pesagem. Com uma plataforma para aplic\u00e1-las, voc\u00ea pode converter facilmente as configura\u00e7\u00f5es existentes em sistemas de pesagem precisos.","rel":"","context":"Post similar","block_context":{"text":"Post similar","link":""},"img":{"alt_text":"","src":"https:\/\/i0.wp.com\/bizautom.com\/wp-content\/uploads\/2023\/07\/PS-WB.jpg?resize=350%2C200&ssl=1","width":350,"height":200,"srcset":"https:\/\/i0.wp.com\/bizautom.com\/wp-content\/uploads\/2023\/07\/PS-WB.jpg?resize=350%2C200&ssl=1 1x, https:\/\/i0.wp.com\/bizautom.com\/wp-content\/uploads\/2023\/07\/PS-WB.jpg?resize=525%2C300&ssl=1 1.5x, https:\/\/i0.wp.com\/bizautom.com\/wp-content\/uploads\/2023\/07\/PS-WB.jpg?resize=700%2C400&ssl=1 2x"},"classes":[]}],"jetpack_sharing_enabled":true,"_links":{"self":[{"href":"https:\/\/bizautom.com\/pt\/wp-json\/wp\/v2\/product\/4327","targetHints":{"allow":["GET"]}}],"collection":[{"href":"https:\/\/bizautom.com\/pt\/wp-json\/wp\/v2\/product"}],"about":[{"href":"https:\/\/bizautom.com\/pt\/wp-json\/wp\/v2\/types\/product"}],"replies":[{"embeddable":true,"href":"https:\/\/bizautom.com\/pt\/wp-json\/wp\/v2\/comments?post=4327"}],"version-history":[{"count":1,"href":"https:\/\/bizautom.com\/pt\/wp-json\/wp\/v2\/product\/4327\/revisions"}],"predecessor-version":[{"id":4329,"href":"https:\/\/bizautom.com\/pt\/wp-json\/wp\/v2\/product\/4327\/revisions\/4329"}],"wp:featuredmedia":[{"embeddable":true,"href":"https:\/\/bizautom.com\/pt\/wp-json\/wp\/v2\/media\/4328"}],"wp:attachment":[{"href":"https:\/\/bizautom.com\/pt\/wp-json\/wp\/v2\/media?parent=4327"}],"wp:term":[{"taxonomy":"product_brand","embeddable":true,"href":"https:\/\/bizautom.com\/pt\/wp-json\/wp\/v2\/product_brand?post=4327"},{"taxonomy":"product_cat","embeddable":true,"href":"https:\/\/bizautom.com\/pt\/wp-json\/wp\/v2\/product_cat?post=4327"},{"taxonomy":"product_tag","embeddable":true,"href":"https:\/\/bizautom.com\/pt\/wp-json\/wp\/v2\/product_tag?post=4327"}],"curies":[{"name":"wp","href":"https:\/\/api.w.org\/{rel}","templated":true}]}}