{"id":4341,"date":"2025-06-12T15:41:54","date_gmt":"2025-06-12T19:41:54","guid":{"rendered":"https:\/\/bizautom.com\/?post_type=product&#038;p=4341"},"modified":"2026-05-04T13:37:06","modified_gmt":"2026-05-04T17:37:06","slug":"ps-wcs-pro-premium-wheelchair-scale-with-enhanced-safety-and-stability","status":"publish","type":"product","link":"https:\/\/bizautom.com\/pt\/produto\/ps-wcs-pro-premium-wheelchair-scale-with-enhanced-safety-and-stability\/","title":{"rendered":"PS-WCS-Pro - Balan\u00e7a para cadeira de rodas premium com seguran\u00e7a e estabilidade aprimoradas"},"content":{"rendered":"<p data-start=\"192\" data-end=\"541\">O <strong data-start=\"196\" data-end=\"210\">PS-WCS-Pro<\/strong> \u00e9 a balan\u00e7a para cadeira de rodas de \u00faltima gera\u00e7\u00e3o, projetada com precis\u00e3o e seguran\u00e7a aprimorada para usu\u00e1rios que exigem confiabilidade, durabilidade e tranquilidade. Constru\u00eddo sobre a base da popular PS-WCS, esse modelo atualizado inclui recursos avan\u00e7ados que tornam a pesagem mais f\u00e1cil, mais segura e mais eficiente para pacientes e cuidadores.<\/p>\n<h4 data-start=\"543\" data-end=\"565\"><strong data-start=\"548\" data-end=\"565\">Principais recursos:<\/strong><\/h4>\n<ul data-start=\"567\" data-end=\"2495\">\n<li data-start=\"567\" data-end=\"1026\">\n<p data-start=\"569\" data-end=\"617\"><strong data-start=\"569\" data-end=\"617\">Projeto avan\u00e7ado de rampa para estabilidade inigual\u00e1vel<\/strong><\/p>\n<ul data-start=\"620\" data-end=\"1026\">\n<li data-start=\"620\" data-end=\"773\">\n<p data-start=\"622\" data-end=\"773\">Diferentemente das balan\u00e7as de cadeira de rodas tradicionais, a PS-WCS-Pro apresenta <strong data-start=\"684\" data-end=\"772\">rampas separadas da base da balan\u00e7a e firmemente presas aos p\u00e9s da balan\u00e7a<\/strong>.<\/p>\n<\/li>\n<li data-start=\"776\" data-end=\"918\">\n<p data-start=\"778\" data-end=\"918\">Esse design exclusivo elimina o risco de a balan\u00e7a tombar quando uma cadeira de rodas rola sobre ela, independentemente do peso do ocupante ou da carga.<\/p>\n<\/li>\n<li data-start=\"921\" data-end=\"1026\">\n<p data-start=\"923\" data-end=\"1026\">Garante entrada e sa\u00edda tranquilas e seguras, sem necessidade de assist\u00eancia do cuidador para estabilizar a balan\u00e7a.<\/p>\n<\/li>\n<\/ul>\n<\/li>\n<li data-start=\"1028\" data-end=\"1323\">\n<p data-start=\"1030\" data-end=\"1062\"><strong data-start=\"1030\" data-end=\"1062\">Paredes laterais de seguran\u00e7a integradas<\/strong><\/p>\n<ul data-start=\"1065\" data-end=\"1323\">\n<li data-start=\"1065\" data-end=\"1191\">\n<p data-start=\"1067\" data-end=\"1191\">Vem de f\u00e1brica com <strong data-start=\"1087\" data-end=\"1108\">paredes laterais resistentes<\/strong> para evitar que as cadeiras de rodas rolem acidentalmente para fora da plataforma durante a pesagem.<\/p>\n<\/li>\n<li data-start=\"1194\" data-end=\"1323\">\n<p data-start=\"1196\" data-end=\"1323\">Adiciona uma camada extra de seguran\u00e7a, particularmente \u00fatil em ambientes cl\u00ednicos ou dom\u00e9sticos, onde os usu\u00e1rios podem precisar de prote\u00e7\u00e3o adicional.<\/p>\n<\/li>\n<\/ul>\n<\/li>\n<li data-start=\"1325\" data-end=\"1580\">\n<p data-start=\"1327\" data-end=\"1363\"><strong data-start=\"1327\" data-end=\"1363\">Plataforma dur\u00e1vel e de baixo perfil<\/strong><\/p>\n<ul data-start=\"1366\" data-end=\"1580\">\n<li data-start=\"1366\" data-end=\"1489\">\n<p data-start=\"1368\" data-end=\"1489\">A balan\u00e7a apresenta um <strong data-start=\"1389\" data-end=\"1424\">tamanho da plataforma plana de 31\u2033 x 25\u2033<\/strong>O sistema de controle de acesso \u00e9 muito simples, acomodando confortavelmente a maioria das cadeiras de rodas manuais e el\u00e9tricas.<\/p>\n<\/li>\n<li data-start=\"1492\" data-end=\"1580\">\n<p data-start=\"1494\" data-end=\"1580\"><strong data-start=\"1494\" data-end=\"1516\">Design de baixo perfil<\/strong> facilita a coloca\u00e7\u00e3o e retirada dos usu\u00e1rios com o m\u00ednimo de esfor\u00e7o.<\/p>\n<\/li>\n<\/ul>\n<\/li>\n<li data-start=\"1582\" data-end=\"1848\">\n<p data-start=\"1584\" data-end=\"1617\"><strong data-start=\"1584\" data-end=\"1617\">Alta precis\u00e3o e confiabilidade<\/strong><\/p>\n<ul data-start=\"1620\" data-end=\"1848\">\n<li data-start=\"1620\" data-end=\"1703\">\n<p data-start=\"1622\" data-end=\"1703\">Projetado com c\u00e9lulas de carga de precis\u00e3o para leituras de peso consistentes e precisas.<\/p>\n<\/li>\n<li data-start=\"1706\" data-end=\"1848\">\n<p data-start=\"1708\" data-end=\"1848\">Ideal para instala\u00e7\u00f5es m\u00e9dicas, centros de reabilita\u00e7\u00e3o, casas de repouso e ambientes de atendimento domiciliar onde a precis\u00e3o e a facilidade de uso s\u00e3o fundamentais.<\/p>\n<\/li>\n<\/ul>\n<\/li>\n<li data-start=\"1850\" data-end=\"2064\">\n<p data-start=\"1852\" data-end=\"1879\"><strong data-start=\"1852\" data-end=\"1879\">Opera\u00e7\u00e3o amig\u00e1vel ao usu\u00e1rio<\/strong><\/p>\n<ul data-start=\"1882\" data-end=\"2064\">\n<li data-start=\"1882\" data-end=\"1952\">\n<p data-start=\"1884\" data-end=\"1952\">Tela LCD grande com luz de fundo para resultados de pesagem claros e f\u00e1ceis de ler.<\/p>\n<\/li>\n<li data-start=\"1955\" data-end=\"2064\">\n<p data-start=\"1957\" data-end=\"2064\">Conectividade opcional com sistemas EMR ou impressoras dispon\u00edveis para rastreamento de dados e documenta\u00e7\u00e3o eficientes.<\/p>\n<\/li>\n<\/ul>\n<\/li>\n<li data-start=\"2066\" data-end=\"2287\">\n<p data-start=\"2068\" data-end=\"2091\"><strong data-start=\"2068\" data-end=\"2091\">Constru\u00eddo para a longevidade<\/strong><\/p>\n<ul data-start=\"2094\" data-end=\"2287\">\n<li data-start=\"2094\" data-end=\"2193\">\n<p data-start=\"2096\" data-end=\"2193\">Constru\u00eddo com <strong data-start=\"2113\" data-end=\"2139\">Estrutura de a\u00e7o para servi\u00e7o pesado<\/strong> e superf\u00edcie antiderrapante para anos de servi\u00e7o confi\u00e1vel.<\/p>\n<\/li>\n<li data-start=\"2196\" data-end=\"2287\">\n<p data-start=\"2198\" data-end=\"2287\">O acabamento com revestimento em p\u00f3 resiste ao desgaste, a arranh\u00f5es e \u00e0 corros\u00e3o em ambientes de tr\u00e1fego intenso.<\/p>\n<\/li>\n<\/ul>\n<\/li>\n<li data-start=\"2289\" data-end=\"2495\">\n<p data-start=\"2291\" data-end=\"2321\"><strong data-start=\"2291\" data-end=\"2321\">Port\u00e1til e f\u00e1cil de armazenar<\/strong><\/p>\n<ul data-start=\"2324\" data-end=\"2495\">\n<li data-start=\"2324\" data-end=\"2430\">\n<p data-start=\"2326\" data-end=\"2430\">Apesar de sua constru\u00e7\u00e3o robusta, o PS-WCS-Pro foi projetado para ser <strong data-start=\"2385\" data-end=\"2417\">Leve e f\u00e1cil de mover<\/strong> quando necess\u00e1rio.<\/p>\n<\/li>\n<li data-start=\"2433\" data-end=\"2495\">\n<p data-start=\"2435\" data-end=\"2495\">Os trilhos laterais podem ser removidos para armazenamento ou transporte compacto.<\/p>\n<\/li>\n<\/ul>\n<\/li>\n<\/ul>\n<p data-start=\"2502\" data-end=\"2753\" data-is-last-node=\"\" data-is-only-node=\"\"><strong>Especifica\u00e7\u00f5es:<\/strong><\/p>\n<ul>\n<li data-start=\"2502\" data-end=\"2753\">Capacity: 1000&#215;0.1lb<\/li>\n<li data-start=\"2502\" data-end=\"2753\">Flat area dimensions: 31\u2033(W)x25\u2033(L)<\/li>\n<li data-start=\"2502\" data-end=\"2753\">Product Weight: 48lbs<\/li>\n<li>Indicador: PS-IN202 com fun\u00e7\u00e3o de tara<\/li>\n<li>Comprimento do cabo: 15 p\u00e9s<\/li>\n<li>Op\u00e7\u00f5es de alimenta\u00e7\u00e3o: 110V ou bateria recarreg\u00e1vel<\/li>\n<\/ul>\n<div style=\"width: 800px;\" class=\"wp-video\"><video class=\"wp-video-shortcode\" id=\"video-4341-1\" width=\"800\" height=\"344\" preload=\"metadata\" controls=\"controls\"><source type=\"video\/mp4\" src=\"https:\/\/bizautom.com\/wp-content\/uploads\/2025\/06\/WCS_Pro_Demo.mp4?_=1\" \/><a href=\"https:\/\/bizautom.com\/wp-content\/uploads\/2025\/06\/WCS_Pro_Demo.mp4\">https:\/\/bizautom.com\/wp-content\/uploads\/2025\/06\/WCS_Pro_Demo.mp4<\/a><\/video><\/div>","protected":false},"excerpt":{"rendered":"<p>Com seus recursos avan\u00e7ados de seguran\u00e7a, integra\u00e7\u00e3o aprimorada da rampa e constru\u00e7\u00e3o dur\u00e1vel, o <strong data-start=\"2594\" data-end=\"2608\">PS-WCS-Pro<\/strong> redefine a pesagem de cadeiras de rodas. Seja em uma instala\u00e7\u00e3o m\u00e9dica ou em casa, essa balan\u00e7a oferece o desempenho e a tranquilidade com que voc\u00ea pode contar.<\/p>","protected":false},"featured_media":4342,"comment_status":"open","ping_status":"closed","template":"","meta":[],"product_brand":[41],"product_cat":[29],"product_tag":[],"class_list":{"0":"post-4341","1":"product","2":"type-product","3":"status-publish","4":"has-post-thumbnail","6":"product_brand-prime-scales","7":"product_cat-medical-equipment-scales","9":"first","10":"instock","11":"taxable","12":"shipping-taxable","13":"product-type-simple"},"yoast_head":"<!-- This site is optimized with the Yoast SEO plugin v27.5 - https:\/\/yoast.com\/product\/yoast-seo-wordpress\/ -->\n<title>PS-WCS-Pro \u2013 Premium Wheelchair Scale with Enhanced Safety and Stability - BizAutom<\/title>\n<meta name=\"robots\" content=\"index, follow, max-snippet:-1, max-image-preview:large, max-video-preview:-1\" \/>\n<link rel=\"canonical\" href=\"https:\/\/bizautom.com\/pt\/produto\/ps-wcs-pro-premium-wheelchair-scale-with-enhanced-safety-and-stability\/\" \/>\n<meta property=\"og:locale\" content=\"pt_BR\" \/>\n<meta property=\"og:type\" content=\"article\" \/>\n<meta property=\"og:title\" content=\"PS-WCS-Pro \u2013 Premium Wheelchair Scale with Enhanced Safety and Stability - BizAutom\" \/>\n<meta property=\"og:description\" content=\"With its advanced safety features, improved ramp integration, and durable construction, the PS-WCS-Pro redefines wheelchair weighing. Whether in a medical facility or at home, this scale delivers the performance and peace of mind you can count on.\" \/>\n<meta property=\"og:url\" content=\"https:\/\/bizautom.com\/pt\/produto\/ps-wcs-pro-premium-wheelchair-scale-with-enhanced-safety-and-stability\/\" \/>\n<meta property=\"og:site_name\" content=\"BizAutom\" \/>\n<meta property=\"article:publisher\" content=\"https:\/\/www.facebook.com\/people\/TINGCHEN-BizAutom\/61565746662873\/\" \/>\n<meta property=\"article:modified_time\" content=\"2026-05-04T17:37:06+00:00\" \/>\n<meta property=\"og:image\" content=\"https:\/\/bizautom.com\/wp-content\/uploads\/2025\/06\/PS-WCS-Pro.jpg\" \/>\n\t<meta property=\"og:image:width\" content=\"1551\" \/>\n\t<meta property=\"og:image:height\" content=\"1551\" \/>\n\t<meta property=\"og:image:type\" content=\"image\/jpeg\" \/>\n<meta name=\"twitter:card\" content=\"summary_large_image\" \/>\n<meta name=\"twitter:label1\" content=\"Est. tempo de leitura\" \/>\n\t<meta name=\"twitter:data1\" content=\"2 minutos\" \/>\n<!-- \/ Yoast SEO plugin. -->","yoast_head_json":{"title":"PS-WCS-Pro \u2013 Premium Wheelchair Scale with Enhanced Safety and Stability - BizAutom","robots":{"index":"index","follow":"follow","max-snippet":"max-snippet:-1","max-image-preview":"max-image-preview:large","max-video-preview":"max-video-preview:-1"},"canonical":"https:\/\/bizautom.com\/pt\/produto\/ps-wcs-pro-premium-wheelchair-scale-with-enhanced-safety-and-stability\/","og_locale":"pt_BR","og_type":"article","og_title":"PS-WCS-Pro \u2013 Premium Wheelchair Scale with Enhanced Safety and Stability - BizAutom","og_description":"With its advanced safety features, improved ramp integration, and durable construction, the PS-WCS-Pro redefines wheelchair weighing. Whether in a medical facility or at home, this scale delivers the performance and peace of mind you can count on.","og_url":"https:\/\/bizautom.com\/pt\/produto\/ps-wcs-pro-premium-wheelchair-scale-with-enhanced-safety-and-stability\/","og_site_name":"BizAutom","article_publisher":"https:\/\/www.facebook.com\/people\/TINGCHEN-BizAutom\/61565746662873\/","article_modified_time":"2026-05-04T17:37:06+00:00","og_image":[{"width":1551,"height":1551,"url":"https:\/\/bizautom.com\/wp-content\/uploads\/2025\/06\/PS-WCS-Pro.jpg","type":"image\/jpeg"}],"twitter_card":"summary_large_image","twitter_misc":{"Est. tempo de leitura":"2 minutos"},"schema":{"@context":"https:\/\/schema.org","@graph":[{"@type":"WebPage","@id":"https:\/\/bizautom.com\/product\/ps-wcs-pro-premium-wheelchair-scale-with-enhanced-safety-and-stability\/","url":"https:\/\/bizautom.com\/product\/ps-wcs-pro-premium-wheelchair-scale-with-enhanced-safety-and-stability\/","name":"PS-WCS-Pro \u2013 Premium Wheelchair Scale with Enhanced Safety and Stability - BizAutom","isPartOf":{"@id":"https:\/\/bizautom.com\/#website"},"primaryImageOfPage":{"@id":"https:\/\/bizautom.com\/product\/ps-wcs-pro-premium-wheelchair-scale-with-enhanced-safety-and-stability\/#primaryimage"},"image":{"@id":"https:\/\/bizautom.com\/product\/ps-wcs-pro-premium-wheelchair-scale-with-enhanced-safety-and-stability\/#primaryimage"},"thumbnailUrl":"https:\/\/bizautom.com\/wp-content\/uploads\/2025\/06\/PS-WCS-Pro.jpg","datePublished":"2025-06-12T19:41:54+00:00","dateModified":"2026-05-04T17:37:06+00:00","breadcrumb":{"@id":"https:\/\/bizautom.com\/product\/ps-wcs-pro-premium-wheelchair-scale-with-enhanced-safety-and-stability\/#breadcrumb"},"inLanguage":"pt-BR","potentialAction":[{"@type":"ReadAction","target":["https:\/\/bizautom.com\/product\/ps-wcs-pro-premium-wheelchair-scale-with-enhanced-safety-and-stability\/"]}]},{"@type":"ImageObject","inLanguage":"pt-BR","@id":"https:\/\/bizautom.com\/product\/ps-wcs-pro-premium-wheelchair-scale-with-enhanced-safety-and-stability\/#primaryimage","url":"https:\/\/bizautom.com\/wp-content\/uploads\/2025\/06\/PS-WCS-Pro.jpg","contentUrl":"https:\/\/bizautom.com\/wp-content\/uploads\/2025\/06\/PS-WCS-Pro.jpg","width":1551,"height":1551},{"@type":"BreadcrumbList","@id":"https:\/\/bizautom.com\/product\/ps-wcs-pro-premium-wheelchair-scale-with-enhanced-safety-and-stability\/#breadcrumb","itemListElement":[{"@type":"ListItem","position":1,"name":"Home","item":"https:\/\/bizautom.com\/"},{"@type":"ListItem","position":2,"name":"Shop","item":"https:\/\/bizautom.com\/shop-2\/"},{"@type":"ListItem","position":3,"name":"PS-WCS-Pro \u2013 Premium Wheelchair Scale with Enhanced Safety and Stability"}]},{"@type":"WebSite","@id":"https:\/\/bizautom.com\/#website","url":"https:\/\/bizautom.com\/","name":"BizAutom","description":"R\u00e1pido. Preciso. Inteligente.","publisher":{"@id":"https:\/\/bizautom.com\/#organization"},"potentialAction":[{"@type":"SearchAction","target":{"@type":"EntryPoint","urlTemplate":"https:\/\/bizautom.com\/?s={search_term_string}"},"query-input":{"@type":"PropertyValueSpecification","valueRequired":true,"valueName":"search_term_string"}}],"inLanguage":"pt-BR"},{"@type":"Organization","@id":"https:\/\/bizautom.com\/#organization","name":"BizAutom","url":"https:\/\/bizautom.com\/","logo":{"@type":"ImageObject","inLanguage":"pt-BR","@id":"https:\/\/bizautom.com\/#\/schema\/logo\/image\/","url":"https:\/\/bizautom.com\/wp-content\/uploads\/2025\/04\/BizAutom_Logo_1.webp","contentUrl":"https:\/\/bizautom.com\/wp-content\/uploads\/2025\/04\/BizAutom_Logo_1.webp","width":455,"height":326,"caption":"BizAutom"},"image":{"@id":"https:\/\/bizautom.com\/#\/schema\/logo\/image\/"},"sameAs":["https:\/\/www.facebook.com\/people\/TINGCHEN-BizAutom\/61565746662873\/"]}]}},"jetpack-related-posts":[{"id":178,"url":"https:\/\/bizautom.com\/pt\/produto\/wcs\/","url_meta":{"origin":4341,"position":0},"title":"Balan\u00e7as Prime Scales PS-WCS Balan\u00e7a m\u00e9dica para cadeira de rodas de 1000 lb com indicador de leitura","author":"admin","date":"junho 4, 2023","format":false,"excerpt":"Entendemos os desafios enfrentados pelas pessoas que usam cadeiras de rodas, e \u00e9 por isso que projetamos uma balan\u00e7a para cadeiras de rodas que fornece informa\u00e7\u00f5es de peso r\u00e1pidas, seguras e convenientes. Nossa balan\u00e7a para cadeira de rodas foi projetada especificamente para cadeiras de rodas manuais. N\u00e3o deixe de explorar nossas outras listagens de cadeiras de rodas el\u00e9tricas.","rel":"","context":"Post similar","block_context":{"text":"Post similar","link":""},"img":{"alt_text":"","src":"https:\/\/i0.wp.com\/bizautom.com\/wp-content\/uploads\/2023\/06\/PS-WCS-N.jpg?resize=350%2C200&ssl=1","width":350,"height":200,"srcset":"https:\/\/i0.wp.com\/bizautom.com\/wp-content\/uploads\/2023\/06\/PS-WCS-N.jpg?resize=350%2C200&ssl=1 1x, https:\/\/i0.wp.com\/bizautom.com\/wp-content\/uploads\/2023\/06\/PS-WCS-N.jpg?resize=525%2C300&ssl=1 1.5x, https:\/\/i0.wp.com\/bizautom.com\/wp-content\/uploads\/2023\/06\/PS-WCS-N.jpg?resize=700%2C400&ssl=1 2x, https:\/\/i0.wp.com\/bizautom.com\/wp-content\/uploads\/2023\/06\/PS-WCS-N.jpg?resize=1050%2C600&ssl=1 3x, https:\/\/i0.wp.com\/bizautom.com\/wp-content\/uploads\/2023\/06\/PS-WCS-N.jpg?resize=1400%2C800&ssl=1 4x"},"classes":[]},{"id":1147,"url":"https:\/\/bizautom.com\/pt\/produto\/prime-scales-row-on-weigh-electric-wheelchair-scale-with-ps-in202\/","url_meta":{"origin":4341,"position":1},"title":"Balan\u00e7as Prime Scales Balan\u00e7a el\u00e9trica para cadeira de rodas com pesagem por rolagem PS-IN202","author":"admin","date":"setembro 16, 2023","format":false,"excerpt":"Introdu\u00e7\u00e3o de uma balan\u00e7a especialmente projetada para pesar pessoas em cadeiras de rodas el\u00e9tricas, pois as balan\u00e7as tradicionais para cadeiras de rodas n\u00e3o s\u00e3o adequadas para seu tamanho e peso.","rel":"","context":"Post similar","block_context":{"text":"Post similar","link":""},"img":{"alt_text":"","src":"https:\/\/i0.wp.com\/bizautom.com\/wp-content\/uploads\/2023\/09\/PS-ROWwheelchair-scaled.jpg?resize=350%2C200&ssl=1","width":350,"height":200,"srcset":"https:\/\/i0.wp.com\/bizautom.com\/wp-content\/uploads\/2023\/09\/PS-ROWwheelchair-scaled.jpg?resize=350%2C200&ssl=1 1x, https:\/\/i0.wp.com\/bizautom.com\/wp-content\/uploads\/2023\/09\/PS-ROWwheelchair-scaled.jpg?resize=525%2C300&ssl=1 1.5x, https:\/\/i0.wp.com\/bizautom.com\/wp-content\/uploads\/2023\/09\/PS-ROWwheelchair-scaled.jpg?resize=700%2C400&ssl=1 2x, https:\/\/i0.wp.com\/bizautom.com\/wp-content\/uploads\/2023\/09\/PS-ROWwheelchair-scaled.jpg?resize=1050%2C600&ssl=1 3x, https:\/\/i0.wp.com\/bizautom.com\/wp-content\/uploads\/2023\/09\/PS-ROWwheelchair-scaled.jpg?resize=1400%2C800&ssl=1 4x"},"classes":[]},{"id":1522,"url":"https:\/\/bizautom.com\/pt\/produto\/bizautom-row-on-weigh-scale-with-hand-rails\/","url_meta":{"origin":4341,"position":2},"title":"Balan\u00e7a Roll On da BizAutom com trilhos manuais","author":"admin","date":"agosto 29, 2024","format":false,"excerpt":"A balan\u00e7a BizAutom Row On Weigh Scale com trilhos para as m\u00e3os, meticulosamente projetada para medir com precis\u00e3o indiv\u00edduos sentados em v\u00e1rios tipos de cadeiras de rodas, incluindo as el\u00e9tricas.","rel":"","context":"Post similar","block_context":{"text":"Post similar","link":""},"img":{"alt_text":"","src":"https:\/\/i0.wp.com\/bizautom.com\/wp-content\/uploads\/2024\/08\/BA-WCS-HD_ElectricWheelchair.jpg?resize=350%2C200&ssl=1","width":350,"height":200,"srcset":"https:\/\/i0.wp.com\/bizautom.com\/wp-content\/uploads\/2024\/08\/BA-WCS-HD_ElectricWheelchair.jpg?resize=350%2C200&ssl=1 1x, https:\/\/i0.wp.com\/bizautom.com\/wp-content\/uploads\/2024\/08\/BA-WCS-HD_ElectricWheelchair.jpg?resize=525%2C300&ssl=1 1.5x, https:\/\/i0.wp.com\/bizautom.com\/wp-content\/uploads\/2024\/08\/BA-WCS-HD_ElectricWheelchair.jpg?resize=700%2C400&ssl=1 2x, https:\/\/i0.wp.com\/bizautom.com\/wp-content\/uploads\/2024\/08\/BA-WCS-HD_ElectricWheelchair.jpg?resize=1050%2C600&ssl=1 3x"},"classes":[]},{"id":823,"url":"https:\/\/bizautom.com\/pt\/produto\/prime-scales-row-on-weigh-pallet-jack-floor-scale-with-ps-in202-indicator\/","url_meta":{"origin":4341,"position":3},"title":"Balan\u00e7as Prime Scales Roll On Weigh Pallet Jack \/ Balan\u00e7a de piso com indicador PS-IN202","author":"admin","date":"julho 18, 2023","format":false,"excerpt":"Quando se trata de pesar esses objetos, uma rampa \u00e9 essencial, e nossas balan\u00e7as Roll On Weigh oferecem exatamente isso. O design inovador garante que, quando as rodas da paleteira, da carreta, do carrinho ou da cadeira de rodas tocam a rampa, ela se abaixa suavemente at\u00e9 o ch\u00e3o, suportando o peso com seguran\u00e7a.","rel":"","context":"Post similar","block_context":{"text":"Post similar","link":""},"img":{"alt_text":"","src":"https:\/\/i0.wp.com\/bizautom.com\/wp-content\/uploads\/2023\/07\/PS-ROWPalletJack-scaled.jpg?resize=350%2C200&ssl=1","width":350,"height":200,"srcset":"https:\/\/i0.wp.com\/bizautom.com\/wp-content\/uploads\/2023\/07\/PS-ROWPalletJack-scaled.jpg?resize=350%2C200&ssl=1 1x, https:\/\/i0.wp.com\/bizautom.com\/wp-content\/uploads\/2023\/07\/PS-ROWPalletJack-scaled.jpg?resize=525%2C300&ssl=1 1.5x, https:\/\/i0.wp.com\/bizautom.com\/wp-content\/uploads\/2023\/07\/PS-ROWPalletJack-scaled.jpg?resize=700%2C400&ssl=1 2x, https:\/\/i0.wp.com\/bizautom.com\/wp-content\/uploads\/2023\/07\/PS-ROWPalletJack-scaled.jpg?resize=1050%2C600&ssl=1 3x, https:\/\/i0.wp.com\/bizautom.com\/wp-content\/uploads\/2023\/07\/PS-ROWPalletJack-scaled.jpg?resize=1400%2C800&ssl=1 4x"},"classes":[]},{"id":1001,"url":"https:\/\/bizautom.com\/pt\/produto\/prime-scales-ps-700as4422-livestock-scale-veterinary-scale-with-indicator\/","url_meta":{"origin":4341,"position":4},"title":"Prime Scales PS-700AS4422 Balan\u00e7a para gado | Balan\u00e7a veterin\u00e1ria com indicador","author":"admin","date":"julho 19, 2023","format":false,"excerpt":"Garanta o monitoramento preciso e eficaz da sa\u00fade dos animais em v\u00e1rios est\u00e1gios de crescimento com o uso de balan\u00e7as para gado. A pesagem de animais \u00e9 um aspecto crucial das opera\u00e7\u00f5es agr\u00edcolas, ajudando a manter o desempenho ideal e garantindo seu bem-estar.","rel":"","context":"Post similar","block_context":{"text":"Post similar","link":""},"img":{"alt_text":"","src":"https:\/\/i0.wp.com\/bizautom.com\/wp-content\/uploads\/2023\/07\/CloudAnimalScale-Pig.jpg?resize=350%2C200&ssl=1","width":350,"height":200,"srcset":"https:\/\/i0.wp.com\/bizautom.com\/wp-content\/uploads\/2023\/07\/CloudAnimalScale-Pig.jpg?resize=350%2C200&ssl=1 1x, https:\/\/i0.wp.com\/bizautom.com\/wp-content\/uploads\/2023\/07\/CloudAnimalScale-Pig.jpg?resize=525%2C300&ssl=1 1.5x, https:\/\/i0.wp.com\/bizautom.com\/wp-content\/uploads\/2023\/07\/CloudAnimalScale-Pig.jpg?resize=700%2C400&ssl=1 2x, https:\/\/i0.wp.com\/bizautom.com\/wp-content\/uploads\/2023\/07\/CloudAnimalScale-Pig.jpg?resize=1050%2C600&ssl=1 3x, https:\/\/i0.wp.com\/bizautom.com\/wp-content\/uploads\/2023\/07\/CloudAnimalScale-Pig.jpg?resize=1400%2C800&ssl=1 4x"},"classes":[]},{"id":3667,"url":"https:\/\/bizautom.com\/pt\/produto\/prime-scales-ps-b99ss-stainless-steel-portion-scale\/","url_meta":{"origin":4341,"position":5},"title":"Balan\u00e7as Prime Scales PS-B99SS Balan\u00e7a de por\u00e7\u00f5es de a\u00e7o inoxid\u00e1vel","author":"admin","date":"abril 3, 2025","format":false,"excerpt":"Upgrade your weighing system with the PS-B99SS and experience the perfect balance of accuracy, durability, and convenience!","rel":"","context":"Post similar","block_context":{"text":"Post similar","link":""},"img":{"alt_text":"","src":"https:\/\/i0.wp.com\/bizautom.com\/wp-content\/uploads\/2025\/04\/PS-B99SS-scaled.webp?resize=350%2C200&ssl=1","width":350,"height":200,"srcset":"https:\/\/i0.wp.com\/bizautom.com\/wp-content\/uploads\/2025\/04\/PS-B99SS-scaled.webp?resize=350%2C200&ssl=1 1x, https:\/\/i0.wp.com\/bizautom.com\/wp-content\/uploads\/2025\/04\/PS-B99SS-scaled.webp?resize=525%2C300&ssl=1 1.5x, https:\/\/i0.wp.com\/bizautom.com\/wp-content\/uploads\/2025\/04\/PS-B99SS-scaled.webp?resize=700%2C400&ssl=1 2x, https:\/\/i0.wp.com\/bizautom.com\/wp-content\/uploads\/2025\/04\/PS-B99SS-scaled.webp?resize=1050%2C600&ssl=1 3x, https:\/\/i0.wp.com\/bizautom.com\/wp-content\/uploads\/2025\/04\/PS-B99SS-scaled.webp?resize=1400%2C800&ssl=1 4x"},"classes":[]}],"jetpack_sharing_enabled":true,"_links":{"self":[{"href":"https:\/\/bizautom.com\/pt\/wp-json\/wp\/v2\/product\/4341","targetHints":{"allow":["GET"]}}],"collection":[{"href":"https:\/\/bizautom.com\/pt\/wp-json\/wp\/v2\/product"}],"about":[{"href":"https:\/\/bizautom.com\/pt\/wp-json\/wp\/v2\/types\/product"}],"replies":[{"embeddable":true,"href":"https:\/\/bizautom.com\/pt\/wp-json\/wp\/v2\/comments?post=4341"}],"version-history":[{"count":5,"href":"https:\/\/bizautom.com\/pt\/wp-json\/wp\/v2\/product\/4341\/revisions"}],"predecessor-version":[{"id":5821,"href":"https:\/\/bizautom.com\/pt\/wp-json\/wp\/v2\/product\/4341\/revisions\/5821"}],"wp:featuredmedia":[{"embeddable":true,"href":"https:\/\/bizautom.com\/pt\/wp-json\/wp\/v2\/media\/4342"}],"wp:attachment":[{"href":"https:\/\/bizautom.com\/pt\/wp-json\/wp\/v2\/media?parent=4341"}],"wp:term":[{"taxonomy":"product_brand","embeddable":true,"href":"https:\/\/bizautom.com\/pt\/wp-json\/wp\/v2\/product_brand?post=4341"},{"taxonomy":"product_cat","embeddable":true,"href":"https:\/\/bizautom.com\/pt\/wp-json\/wp\/v2\/product_cat?post=4341"},{"taxonomy":"product_tag","embeddable":true,"href":"https:\/\/bizautom.com\/pt\/wp-json\/wp\/v2\/product_tag?post=4341"}],"curies":[{"name":"wp","href":"https:\/\/api.w.org\/{rel}","templated":true}]}}